{"id":18929,"date":"2021-04-12T10:35:45","date_gmt":"2021-04-12T10:35:45","guid":{"rendered":"https:\/\/miminhosritacatita.com\/?post_type=product&#038;p=18929"},"modified":"2025-01-31T13:19:48","modified_gmt":"2025-01-31T13:19:48","slug":"caixa-flor-presente-mae","status":"publish","type":"product","link":"https:\/\/miminhosritacatita.com\/es\/presentes-personalizados\/prendas-dia-da-mae\/caixa-flor-presente-mae\/","title":{"rendered":"Caixa Flor Presente M\u00e3e"},"content":{"rendered":"<h1>Caixa Flor Presente M\u00e3e<\/h1>\n<p>Caixa Flor Presente M\u00e3e<\/p>\n<p>Dicen que el secreto est\u00e1 en los detalles... \u00a1Y nosotros lo creemos! En nuestra tienda, los regalos para el D\u00eda de la Madre son algunos de nuestros detalles favoritos.<\/p>\n<p>As\u00ed que, para el D\u00eda de la Madre... \u00bfqu\u00e9 regalo elegir\u00e1s? Piensa! porque aqu\u00ed es donde brillar\u00e1 el estilo personal!<\/p>\n<h2>A Caixa Flor Presente M\u00e3e<\/h2>\n<p>Por eso, hechos con amor, nuestros productos est\u00e1n hechos para cada cliente, una idea que nace de los detalles de su historia. As\u00ed que vamos a contarlo como es, con sus propias palabras.<\/p>\n<p>No entanto, temos, na nossa loja, a caixa flor presente, para v\u00e1rios pre\u00e7os e gostos, mantendo sempre a promessa de qualidade.<\/p>\n<p>El m\u00e9rito del regalo es suyo, pero la misi\u00f3n es nuestra. Por eso creamos productos al gusto de cada cliente, ofreciendo siempre calidad, perfecci\u00f3n y buen gusto.<\/p>\n<p>As\u00ed que encuentre aqu\u00ed y ahora la respuesta a todos los detalles que har\u00e1n que este d\u00eda sea \u00fanico.<\/p>\n<ul>\n<li>Entre ellos, los marcos de fotos con tu foto y un mensaje especial \/ el Martillo con mensaje \/ o las Zapatillas de dormitorio \/ o el Regalo original para mam\u00e1 \/ o el marco hucha para los sue\u00f1os de mam\u00e1.<\/li>\n<\/ul>\n<p>As\u00ed que encuentra la respuesta a todos los detalles que har\u00e1n que tu fiesta sea \u00fanica en la Tienda Online.<\/p>\n<p>Adem\u00e1s, para este d\u00eda tan especial tambi\u00e9n tenemos regalos m\u00e1s diferentes y originales para regalar a la Mejor Mam\u00e1, una Caja de Bombones a su gusto \/ o una caja con bombones y una bebida \/ o Bombones con mensaje.<\/p>\n<p>Encontre aqui o prenda ideal para a melhor m\u00e3e do mundo, encomende j\u00e1 a Caixa Flor Presente M\u00e3e.<\/p>\n<p>Ver tambi\u00e9n <a href=\"https:\/\/miminhosritacatita.com\/es\/product\/agenda-da-noiva\/\">Agenda de la Novia<\/a><\/p>\n<p><strong>S\u00edguenos en<a href=\"https:\/\/www.instagram.com\/miminhos.rita.catita\/\" target=\"_blank\" rel=\"noopener\"> Instagram<\/a><\/strong><\/p>\n<p>&nbsp;<\/p>","protected":false},"excerpt":{"rendered":"<p>Caixa Flor Presente M\u00e3e<\/p>\n<p>Para altera\u00e7\u00f5es, indique nas notas depois de finalizar a sua encomenda.<\/p>\n<p>O Dia da M\u00e3e est\u00e1 a chegar, \u00e9 j\u00e1 no primeiro domingo de maio, encomende j\u00e1 o presente ideal para a Melhor M\u00e3e do Mundo!<\/p>","protected":false},"featured_media":28881,"template":"","meta":[],"product_brand":[],"product_cat":[1076],"product_tag":[],"class_list":{"0":"post-18929","1":"product","2":"type-product","3":"status-publish","4":"has-post-thumbnail","6":"product_cat-prendas-dia-da-mae","8":"first","9":"instock","10":"taxable","11":"shipping-taxable","12":"purchasable","13":"product-type-simple"},"_links":{"self":[{"href":"https:\/\/miminhosritacatita.com\/es\/wp-json\/wp\/v2\/product\/18929","targetHints":{"allow":["GET"]}}],"collection":[{"href":"https:\/\/miminhosritacatita.com\/es\/wp-json\/wp\/v2\/product"}],"about":[{"href":"https:\/\/miminhosritacatita.com\/es\/wp-json\/wp\/v2\/types\/product"}],"wp:featuredmedia":[{"embeddable":true,"href":"https:\/\/miminhosritacatita.com\/es\/wp-json\/wp\/v2\/media\/28881"}],"wp:attachment":[{"href":"https:\/\/miminhosritacatita.com\/es\/wp-json\/wp\/v2\/media?parent=18929"}],"wp:term":[{"taxonomy":"product_brand","embeddable":true,"href":"https:\/\/miminhosritacatita.com\/es\/wp-json\/wp\/v2\/product_brand?post=18929"},{"taxonomy":"product_cat","embeddable":true,"href":"https:\/\/miminhosritacatita.com\/es\/wp-json\/wp\/v2\/product_cat?post=18929"},{"taxonomy":"product_tag","embeddable":true,"href":"https:\/\/miminhosritacatita.com\/es\/wp-json\/wp\/v2\/product_tag?post=18929"}],"curies":[{"name":"wp","href":"https:\/\/api.w.org\/{rel}","templated":true}]}}