{"id":14513,"date":"2020-10-19T14:49:10","date_gmt":"2020-10-19T14:49:10","guid":{"rendered":"https:\/\/miminhosritacatita.com\/?post_type=product&#038;p=14513"},"modified":"2025-11-20T13:20:48","modified_gmt":"2025-11-20T13:20:48","slug":"caixa-acessorios-noiva-robe","status":"publish","type":"product","link":"https:\/\/miminhosritacatita.com\/es\/casamento\/acessorios-para-noiva\/caixas-de-acessorios-dos-noivos\/caixa-acessorios-noiva-robe\/","title":{"rendered":"Caixa Acess\u00f3rios Noiva Robe"},"content":{"rendered":"<h1>Caixa Acess\u00f3rios Noiva Robe<\/h1>\n<p>Caixa Acess\u00f3rios Noiva Robe<\/p>\n<p>Dizem que o segredo est\u00e1 nos detalhes\u2026 E n\u00f3s acreditamos! Por isso, na nossa loja a Caixa Acess\u00f3rios Noiva s\u00e3o dos nossos detalhes favoritos.<\/p>\n<p>Dos Robes \u00e0s Caixa Acess\u00f3rios Noiva\u2026 Quais ser\u00e3o os seus <strong>preferidos<\/strong>? Pense!, porque \u00e9 aqui que o estilo pessoal vai brilhar!<\/p>\n<p>Feitos com amor, os acess\u00f3rios de noiva \/ 0 s\u00e3o feitos para cada cliente, ideia que resulta dos detalhes da sua hist\u00f3ria. Por isso, vamos j\u00e1 conta-la como ela \u00e9, pelas suas palavras.<\/p>\n<p>Assim, tamb\u00e9m temos, na nossa loja, v\u00e1rios Caixa Acess\u00f3rios Noiva, para v\u00e1rios pre\u00e7os e gostos, mantendo sempre a promessa de qualidade.<\/p>\n<h2>Caixa Acess\u00f3rios Noiva Robe<\/h2>\n<p>Creemos que el m\u00e9rito de <b>Boda<\/b> \u00e9 seu, mas que a miss\u00e3o \u00e9 nossa. E, por isso, criamos produtos ajustados ao gosto de cada cliente, cumprindo sempre com a qualidade e perfei\u00e7\u00e3o e bom gosto.<\/p>\n<p>As\u00ed, encuentre en la Tienda en L\u00ednea la respuesta para todos los pormenores que har\u00e1n su fiesta \u00fanica.<\/p>\n<h3>Kit Robe, Kit para Noiva, Kit Noiva robe e chinelo, Chinelos Noiva, Chinelos de Noiva Personalizados, Liga da Noiva, Liga de Noiva, Liga Noiva Azul.<\/h3>\n<p>Portanto, encontre aqui a resposta para todos os detalhes que far\u00e3o o seu Casamento \u00fanico. Dos quais o Caixa Acess\u00f3rios \/ Convites \/ Porta Alian\u00e7as \/ Livros de Honra \/ Lembran\u00e7as. Mas tamb\u00e9m, Cestas de Lembran\u00e7as \/ e Photo Booth \/ e Cabides. Assim como Flutes \/ e Talheres \/ e Bal\u00f5es \/ e Sparklers \/ e Placas \u201cL\u00e1 Vem a Noiva\u201d.<\/p>\n<ul>\n<li>Carteles<\/li>\n<li>Caixas de Envelopes<\/li>\n<li>Marcadores de Mesa<\/li>\n<li>Ementas e Cestas.<\/li>\n<\/ul>\n<p>Assim, tamb\u00e9m temos Ramos de Noiva Artificiais \/ e Ramos de Solteiras \/ e Caixas de Envelopes. E ainda, Ofertas a Pais e Padrinhos \/ e Argolas de Guardanapos\/ e Ementas.<\/p>\n<p><strong>Ver tambi\u00e9n <a href=\"https:\/\/miminhosritacatita.com\/es\/product\/agenda-da-noiva\/\">Agenda de la Novia<\/a><\/strong><\/p>\n<p>S\u00edguenos en <a href=\"https:\/\/www.instagram.com\/miminhos.rita.catita\/\" target=\"_blank\" rel=\"noopener\">Instagram<\/a><\/p>","protected":false},"excerpt":{"rendered":"<p>Caixa Acess\u00f3rios Noiva Robe<\/p>\n<p>Caixa personalizada com Robe com estampagem, chinelos com estampagem, liga, pulseira e teara.<\/p>\n<p>Cor do Robe da Imagem &#8211; Branco<\/p>\n<p>Cor da Estampagem da imagem &#8211; Azul beb\u00e9<\/p>\n<p>Caixa &#8211; cor papel: Branca<\/p>\n<p>Dimens\u00e3o: <span style=\"color: #000000;\">40cm x 30cm x 8cm<\/span><\/p>\n<p>Para altera\u00e7\u00f5es indicar nas &#8220;Notas&#8221;.<\/p>\n<p>&nbsp;<\/p>","protected":false},"featured_media":29281,"template":"","meta":[],"product_brand":[],"product_cat":[1149],"product_tag":[],"class_list":{"0":"post-14513","1":"product","2":"type-product","3":"status-publish","4":"has-post-thumbnail","6":"product_cat-caixas-de-acessorios-dos-noivos","8":"first","9":"instock","10":"featured","11":"taxable","12":"shipping-taxable","13":"purchasable","14":"product-type-variable"},"_links":{"self":[{"href":"https:\/\/miminhosritacatita.com\/es\/wp-json\/wp\/v2\/product\/14513","targetHints":{"allow":["GET"]}}],"collection":[{"href":"https:\/\/miminhosritacatita.com\/es\/wp-json\/wp\/v2\/product"}],"about":[{"href":"https:\/\/miminhosritacatita.com\/es\/wp-json\/wp\/v2\/types\/product"}],"wp:featuredmedia":[{"embeddable":true,"href":"https:\/\/miminhosritacatita.com\/es\/wp-json\/wp\/v2\/media\/29281"}],"wp:attachment":[{"href":"https:\/\/miminhosritacatita.com\/es\/wp-json\/wp\/v2\/media?parent=14513"}],"wp:term":[{"taxonomy":"product_brand","embeddable":true,"href":"https:\/\/miminhosritacatita.com\/es\/wp-json\/wp\/v2\/product_brand?post=14513"},{"taxonomy":"product_cat","embeddable":true,"href":"https:\/\/miminhosritacatita.com\/es\/wp-json\/wp\/v2\/product_cat?post=14513"},{"taxonomy":"product_tag","embeddable":true,"href":"https:\/\/miminhosritacatita.com\/es\/wp-json\/wp\/v2\/product_tag?post=14513"}],"curies":[{"name":"wp","href":"https:\/\/api.w.org\/{rel}","templated":true}]}}