{"id":14096,"date":"2020-08-06T14:35:09","date_gmt":"2020-08-06T14:35:09","guid":{"rendered":"https:\/\/miminhosritacatita.com\/?post_type=product&#038;p=14096"},"modified":"2024-11-21T13:00:18","modified_gmt":"2024-11-21T13:00:18","slug":"cake-topper-bodas-ouro","status":"publish","type":"product","link":"https:\/\/miminhosritacatita.com\/es\/bodas\/bodas-de-ouro\/topo-de-bolo-50\/cake-topper-bodas-ouro\/","title":{"rendered":"Cake Topper Bolo Bodas Ouro"},"content":{"rendered":"<h1>Cake Topper Bolo Bodas Ouro<\/h1>\n<p>Cake Topper Bolo Bodas Ouro<\/p>\n<p>As Bodas de Ouro s\u00e3o uma celebra\u00e7\u00e3o muito importante e est\u00e3o prestes a chegar. E estamos convencidos de que isso \u00e9 motivo para celebrar.<\/p>\n<p>Todos temos uma hist\u00f3ria. E, n\u00f3s suspeitamos de que o Cake Topper Bolo Bodas Ouro seja\u00a0 um bom pretexto para (nos) contar a sua!<\/p>\n<p>Cada detalle cuenta, desde la fecha de la boda hasta la lista de invitados.  Porque empecemos a prepararnos para las Bodas de Oro m\u00e1s dulces.<\/p>\n<p>Entendemos que o m\u00e9rito pelas<b> Bodas de Oro<\/b>\u00a0\u00e9 seu, mas que a miss\u00e3o \u00e9 nossa. E, por isso, criamos produtos \u00fanicos e adaptados ao gosto de cada cliente, cumprindo sempre com a qualidade e perfei\u00e7\u00e3o e bom gosto.<\/p>\n<p>Feitos com amor, os nossos topos de bolo de bodas de ouro s\u00e3o feitos para cada cliente.<\/p>\n<h2>O Cake Topper Bolo Bodas Ouro<\/h2>\n<p>Pela altura em que casam, todos os casais j\u00e1 tem uma hist\u00f3ria. E, na Miminhos, j\u00e1 sabemos que os topos de bolo de bodas de ouro s\u00e3o um bom pretexto para contar a sua!<\/p>\n<p>Seja como for, os brindes de bodas de ouro s\u00e3o feitos para cada cliente, ideia que resulta dos detalhes da sua hist\u00f3ria. Por isso, vamos j\u00e1 conta-la como ela \u00e9, pelas suas palavras.<\/p>\n<p>Assim, temos topos de bolo de bodas de ouro de todas as formas e cores e materiais e tamb\u00e9m a todos os pre\u00e7os. Al\u00e9m disso, os nossos brindes s\u00e3o feitos c\u00e1, j\u00e1 que \u00e9 o que nos d\u00e1 o controlo sobre o prazo de produ\u00e7\u00e3o.<\/p>\n<p>Compre j\u00e1 na Loja Online da Miminhos os produtos que far\u00e3o da sua festa<strong>, <\/strong>a melhor:<\/p>\n<ul>\n<li>Convites de Bodas de Ouro<\/li>\n<li>Abridor Lembran\u00e7a Bodas Ouro<\/li>\n<li>Porta alianzas<\/li>\n<li>Libros de Honor<\/li>\n<\/ul>\n<p>E ainda, Placards, Caixas de Envelopes, Marcadores de Mesa, Ementas e Cestas.<\/p>\n<p class=\"font_3\">As\u00ed que insp\u00edrate con nuestro trabajo y obt\u00e9n ahora m\u00e1s ideas de Bodas de Oro, desde las m\u00e1s sencillas, pasando por las m\u00e1s elegantes y formales, hasta las m\u00e1s divertidas.<\/p>\n<p class=\"font_2\">Assim, combine j\u00e1 o design da sua <strong>bodas de oro <\/strong>com o ambiente que quer apresentar aos seus convidados no dia.<\/p>\n<p class=\"font_3\">Portanto, veja j\u00e1, em baixo alguns tipos de Cake Topper Bolo Bodas Ouro criados na loja da Miminhos.\u200b<\/p>\n<p><strong>Ver tambi\u00e9n <a href=\"https:\/\/miminhosritacatita.com\/es\/product-category\/bodas-de-oro\/convites-bodas-de-ouro\/\">Convites p\/ 50 anos de casados<\/a><\/strong><\/p>\n<p><strong>Visita el nuestro <a href=\"https:\/\/www.instagram.com\/miminhos.rita.catita\/\" target=\"_blank\" rel=\"noopener\">Instagram<\/a><\/strong><\/p>","protected":false},"excerpt":{"rendered":"<p>Cake Topper Bolo Bodas Ouro para Bodas.<\/p>\n<p>Uma excelente ideia para tornar o seu dia ainda mais memor\u00e1vel e \u00fanico. Porque vamos j\u00e1 come\u00e7ar a preparar as Bodas mais doces de sempre.<\/p>","protected":false},"featured_media":32972,"template":"","meta":[],"product_brand":[],"product_cat":[1059],"product_tag":[],"class_list":{"0":"post-14096","1":"product","2":"type-product","3":"status-publish","4":"has-post-thumbnail","6":"product_cat-topo-de-bolo-50","8":"first","9":"instock","10":"taxable","11":"shipping-taxable","12":"purchasable","13":"product-type-simple"},"_links":{"self":[{"href":"https:\/\/miminhosritacatita.com\/es\/wp-json\/wp\/v2\/product\/14096","targetHints":{"allow":["GET"]}}],"collection":[{"href":"https:\/\/miminhosritacatita.com\/es\/wp-json\/wp\/v2\/product"}],"about":[{"href":"https:\/\/miminhosritacatita.com\/es\/wp-json\/wp\/v2\/types\/product"}],"wp:featuredmedia":[{"embeddable":true,"href":"https:\/\/miminhosritacatita.com\/es\/wp-json\/wp\/v2\/media\/32972"}],"wp:attachment":[{"href":"https:\/\/miminhosritacatita.com\/es\/wp-json\/wp\/v2\/media?parent=14096"}],"wp:term":[{"taxonomy":"product_brand","embeddable":true,"href":"https:\/\/miminhosritacatita.com\/es\/wp-json\/wp\/v2\/product_brand?post=14096"},{"taxonomy":"product_cat","embeddable":true,"href":"https:\/\/miminhosritacatita.com\/es\/wp-json\/wp\/v2\/product_cat?post=14096"},{"taxonomy":"product_tag","embeddable":true,"href":"https:\/\/miminhosritacatita.com\/es\/wp-json\/wp\/v2\/product_tag?post=14096"}],"curies":[{"name":"wp","href":"https:\/\/api.w.org\/{rel}","templated":true}]}}