{"id":14084,"date":"2020-08-05T15:25:33","date_gmt":"2020-08-05T15:25:33","guid":{"rendered":"https:\/\/miminhosritacatita.com\/?post_type=product&#038;p=14084"},"modified":"2024-09-19T18:04:32","modified_gmt":"2024-09-19T18:04:32","slug":"convite-padrinhos-batizado-cerveja","status":"publish","type":"product","link":"https:\/\/miminhosritacatita.com\/es\/batizado\/convites-para-padrinhos-de-batizado\/convite-padrinhos-batizado-cerveja\/","title":{"rendered":"Convite Padrinhos Batizado Cerveja"},"content":{"rendered":"<h1>Convite Padrinhos Batizado Cerveja<\/h1>\n<p>Convite Padrinhos Batizado Cerveja<\/p>\n<p><b>O Batismo \u00e9<\/b> das mais importantes fases do crescimento do seu filho e est\u00e1 prestes a chegar. E estamos convencidos de que isso \u00e9 motivo para celebrar.<\/p>\n<p>Todos os detalhes contam, desde o nome do seu filho, \u00e0 data do nascimento, at\u00e9 os convites para padrinhos de batizado \u00e0 lista de convidados!\u00a0 Porque vamos j\u00e1 come\u00e7ar a preparar o <b>Bautizado <\/b>mais doce de sempre.<\/p>\n<p>Creemos que el m\u00e9rito de <b>Batismo<\/b> \u00e9 seu, mas que a miss\u00e3o \u00e9 nossa. E, por isso, criamos o Convite Padrinhos Batizado Cerveja, \u00fanico e adaptado ao gosto de cada cliente, cumprindo sempre com a qualidade e perfei\u00e7\u00e3o e bom gosto.<\/p>\n<p>Hecho con amor, nuestros<strong> Invitaciones para padrinos de bautizo<\/strong> s\u00e3o feitos para cada cliente. Pois na altura em que nascem, todos os beb\u00e9s j\u00e1 tem a sua hist\u00f3ria.<\/p>\n<h2>O nosso Convite Padrinhos Batizado Cerveja<\/h2>\n<p>E, na Miminhos, j\u00e1 sabemos que os convites para padrinhos de batizado s\u00e3o um bom pretexto para contar a sua!<\/p>\n<p>Feitos com amor, os Convites para padrinhos de batizado s\u00e3o feitos para cada cliente, ideia que resulta dos detalhes da sua hist\u00f3ria. Por isso, vamos j\u00e1 conta-la como ela \u00e9, pelas suas palavras.<\/p>\n<p>Temos convites de todas as formas e cores e materiais e tamb\u00e9m a todos os pre\u00e7os. Al\u00e9m disso, o nosso Convite Padrinhos Batizado, \u00e9 feito c\u00e1, j\u00e1 que \u00e9 o que nos d\u00e1 o controlo sobre o prazo de produ\u00e7\u00e3o.<\/p>\n<p>Compre j\u00e1 na Loja Online da Miminhos os produtos que far\u00e3o da sua festa, a melhor. Dos quais, Convites e Lembran\u00e7as e Conjuntos e Livros de Honra.<\/p>\n<ul>\n<li>Y adem\u00e1s, Carteles y Cajas de Sobres y Marcadores de Mesa y Men\u00fas y Cestas.<\/li>\n<\/ul>\n<p>Pero tambi\u00e9n Baby Shower y Vestidos y Disfraces y Cake Toppers. Tambi\u00e9n tenemos un inflable y un tobog\u00e1n para que usted pueda contratar.<\/p>\n<p class=\"font_3\">Insp\u00edrate en nuestro trabajo y ten ya m\u00e1s ideas de <strong>bautismo<\/strong>, desde las m\u00e1s simples, hasta las m\u00e1s elegantes y formales, hasta las m\u00e1s divertidas.<\/p>\n<p class=\"font_2\">Assim, combine j\u00e1 o design do seu Convite Padrinhos Batizado Cerveja com o ambiente que quer apresentar aos seus convidados no dia.<\/p>\n<p class=\"font_3\">Por lo tanto, vea ya, abajo algunos tipos de <strong>invitaciones<\/strong> criados na loja da Miminhos.\u200b<\/p>\n<p><strong>Veja tb: <a href=\"https:\/\/miminhosritacatita.com\/es\/product-category\/batizados\/\">Art\u00edculos de bautismo<\/a><\/strong><\/p>\n<p><strong>S\u00edguenos en <a href=\"https:\/\/www.instagram.com\/miminhos.rita.catita\/\" target=\"_blank\" rel=\"noopener\">Instagram<\/a><\/strong><\/p>\n<p>&nbsp;<\/p>","protected":false},"excerpt":{"rendered":"<p>Convite Padrinhos Batizado Cerveja, personalizada e impressa a seu gosto<\/p>\n<p>Dimens\u00e3o da Caixa: 20,5x10x8cm<\/p>\n<p>Cor da fita da Imagem: Azul beb\u00e9<\/p>","protected":false},"featured_media":35596,"template":"","meta":[],"product_brand":[],"product_cat":[858,967],"product_tag":[1111,1064,1117],"class_list":{"0":"post-14084","1":"product","2":"type-product","3":"status-publish","4":"has-post-thumbnail","6":"product_cat-batizado","7":"product_cat-convites-para-padrinhos-de-batizado","8":"product_tag-nao-feed","9":"product_tag-naofeed","10":"product_tag-naofeedgoogle","12":"first","13":"instock","14":"taxable","15":"shipping-taxable","16":"purchasable","17":"product-type-simple"},"_links":{"self":[{"href":"https:\/\/miminhosritacatita.com\/es\/wp-json\/wp\/v2\/product\/14084","targetHints":{"allow":["GET"]}}],"collection":[{"href":"https:\/\/miminhosritacatita.com\/es\/wp-json\/wp\/v2\/product"}],"about":[{"href":"https:\/\/miminhosritacatita.com\/es\/wp-json\/wp\/v2\/types\/product"}],"wp:featuredmedia":[{"embeddable":true,"href":"https:\/\/miminhosritacatita.com\/es\/wp-json\/wp\/v2\/media\/35596"}],"wp:attachment":[{"href":"https:\/\/miminhosritacatita.com\/es\/wp-json\/wp\/v2\/media?parent=14084"}],"wp:term":[{"taxonomy":"product_brand","embeddable":true,"href":"https:\/\/miminhosritacatita.com\/es\/wp-json\/wp\/v2\/product_brand?post=14084"},{"taxonomy":"product_cat","embeddable":true,"href":"https:\/\/miminhosritacatita.com\/es\/wp-json\/wp\/v2\/product_cat?post=14084"},{"taxonomy":"product_tag","embeddable":true,"href":"https:\/\/miminhosritacatita.com\/es\/wp-json\/wp\/v2\/product_tag?post=14084"}],"curies":[{"name":"wp","href":"https:\/\/api.w.org\/{rel}","templated":true}]}}