{"id":10124,"date":"2020-01-09T11:09:13","date_gmt":"2020-01-09T11:09:13","guid":{"rendered":"https:\/\/miminhosritacatita.com\/?post_type=product&#038;p=10124"},"modified":"2025-01-30T16:58:40","modified_gmt":"2025-01-30T16:58:40","slug":"marcador-mesa-disney-acrilico","status":"publish","type":"product","link":"https:\/\/miminhosritacatita.com\/es\/comunhao\/marcadores-de-mesa-comunhao\/marcador-mesa-disney-acrilico\/","title":{"rendered":"Marcador Mesa Disney Acr\u00edlico"},"content":{"rendered":"<h1>Marcador Mesa Disney Acr\u00edlico<\/h1>\n<p>Marcador Mesa Disney Acr\u00edlico<\/p>\n<p>No nosso cora\u00e7\u00e3o, um lugar bem espec\u00edfico est\u00e1 reservado para os <strong>Marcadores de Mesa<\/strong>. Pensamos que t\u00eam um potencial criativo t\u00e3o grande \u2013 e que se adapta t\u00e3o bem a diferentes estilos e temas \u2013 que acabamos sempre por nos sentir inspirados.<\/p>\n<p>As ideias s\u00e3o tantas\u2026 N\u00e3o nos \u00e9 poss\u00edvel contar! Como imagina os seus? Na Miminhos Rita Catita desenvolvemos Marcador Mesa Disney Acr\u00edlico\u00a0\u00a0personalizados e ajustados \u00e0s necessidades de cada cliente, cumprindo sempre com a promessa de qualidade, excel\u00eancia e profissionalismo.<\/p>\n<p>Para al\u00e9m disso, os nossos <strong>Marcadores de Mesa<\/strong> s\u00e3o produzidos internamente \u2013 o que nos d\u00e1 total controlo sobre os prazos de produ\u00e7\u00e3o.<\/p>\n<h2>Os Marcador Mesa Disney Acr\u00edlico<\/h2>\n<p>No entanto precisa de Marcadores de mesa de Comunh\u00e3o e n\u00e3o sabe o que escolher? Pois bem, na Miminhos Rita Catita encontrar\u00e1 a pe\u00e7a ideal. Para al\u00e9m do que mostramos tamb\u00e9m pode dizer-nos qual a sua ideia e n\u00f3s executamos. Nos artigos que apresentamos \u00e9 poss\u00edvel fazermos altera\u00e7\u00f5es \u00e1s cores e personalizar a gosto, contudo contacte-nos sempre primeiro para confirmar essa possibilidade.<\/p>\n<p>Portanto na Miminhos Rita Catita entendemos que o m\u00e9rito pela escolha \u00e9 seu, mas que o compromisso \u00e9 nosso. E, por isso, desenvolvemos produtos personalizados e ajustados \u00e0s necessidades de cada cliente, cumprindo sempre a promessa de qualidade, excel\u00eancia e profissionalismo.<\/p>\n<ul>\n<li>Contudo encontre na Loja Online da Miminhos Rita Catita a resposta para todos os pormenores que tornar\u00e3o a sua festa de Comunh\u00e3o \u00fanica: Convites, <strong>Lembran\u00e7as<\/strong>, Lembran\u00e7as especiais para padrinhos e para av\u00f3s, Livros de Honra, Placards, Ementas, Marcadores de Mesa, Cestas de Lembran\u00e7as, argolas de guardanapo. Mas tamb\u00e9m Caixas para guardar prendas em dinheiro, talheres e flutes personalizados Topos de Bolo e Marcador Mesa Disney Acr\u00edlico .<\/li>\n<\/ul>\n<p>Tamb\u00e9m dispomos de insufl\u00e1vel e escorrega para alugar. Portanto, Pe\u00e7a-nos or\u00e7amento indicando o dia do evento e se deseja levantar e entregar em loja ou se pretende a nossa desloca\u00e7\u00e3o ao local do evento para montagem e desmontagem.<\/p>\n<p><strong>Ver tambi\u00e9n <a href=\"https:\/\/miminhosritacatita.com\/es\/product-category\/batizados\/lembrancas-de-batizado\/\">Lembran\u00e7as de Batizado<\/a><\/strong><\/p>\n<p><strong>S\u00edguenos en<a href=\"https:\/\/www.instagram.com\/miminhos.rita.catita\/\" target=\"_blank\" rel=\"noopener\"> Instagram<\/a><\/strong><\/p>","protected":false},"excerpt":{"rendered":"<p>Marcador de Mesa Disney<\/p>\n<p>Material: Acr\u00edlico 3mm branco com impress\u00e3o personalizada<\/p>\n<p>Dimens\u00e3o total aprox: 19x7cm<\/p>\n<p>Para altera\u00e7\u00f5es, indicar nas &#8220;notas&#8221;.<\/p>","protected":false},"featured_media":11369,"template":"","meta":[],"product_brand":[],"product_cat":[1040],"product_tag":[],"class_list":{"0":"post-10124","1":"product","2":"type-product","3":"status-publish","4":"has-post-thumbnail","6":"product_cat-marcadores-de-mesa-comunhao","8":"first","9":"instock","10":"taxable","11":"shipping-taxable","12":"purchasable","13":"product-type-simple"},"_links":{"self":[{"href":"https:\/\/miminhosritacatita.com\/es\/wp-json\/wp\/v2\/product\/10124","targetHints":{"allow":["GET"]}}],"collection":[{"href":"https:\/\/miminhosritacatita.com\/es\/wp-json\/wp\/v2\/product"}],"about":[{"href":"https:\/\/miminhosritacatita.com\/es\/wp-json\/wp\/v2\/types\/product"}],"wp:featuredmedia":[{"embeddable":true,"href":"https:\/\/miminhosritacatita.com\/es\/wp-json\/wp\/v2\/media\/11369"}],"wp:attachment":[{"href":"https:\/\/miminhosritacatita.com\/es\/wp-json\/wp\/v2\/media?parent=10124"}],"wp:term":[{"taxonomy":"product_brand","embeddable":true,"href":"https:\/\/miminhosritacatita.com\/es\/wp-json\/wp\/v2\/product_brand?post=10124"},{"taxonomy":"product_cat","embeddable":true,"href":"https:\/\/miminhosritacatita.com\/es\/wp-json\/wp\/v2\/product_cat?post=10124"},{"taxonomy":"product_tag","embeddable":true,"href":"https:\/\/miminhosritacatita.com\/es\/wp-json\/wp\/v2\/product_tag?post=10124"}],"curies":[{"name":"wp","href":"https:\/\/api.w.org\/{rel}","templated":true}]}}