{"id":6219,"date":"2019-03-04T11:14:51","date_gmt":"2019-03-04T11:14:51","guid":{"rendered":"https:\/\/miminhosritacatita.com\/?page_id=6219"},"modified":"2025-11-19T09:32:18","modified_gmt":"2025-11-19T09:32:18","slug":"privacidade","status":"publish","type":"page","link":"https:\/\/miminhosritacatita.com\/es\/privacidade\/","title":{"rendered":"Privacidad"},"content":{"rendered":"<p><strong>Tratamento e Prote\u00e7\u00e3o de Dados Pessoais<\/strong><\/p>\n<p><strong>Termos de Privacidade<\/strong><\/p>\n<p>A utiliza\u00e7\u00e3o deste website encontra-se sujeita a Pol\u00edtica de privacidade abaixo mencionada, devendo os utilizadores verificar os respetivos termos em cada nova utiliza\u00e7\u00e3o.<\/p>\n<p><strong>Respons\u00e1vel pelo tratamento e correio eletr\u00f3nico<\/strong>: C\u00e1tia Gomes \u2013\u00a0miminhos.rita.catita@gmail.com<\/p>\n<p>Os dados ser\u00e3o recolhidos e unicamente utilizados pela empresa LEGENDAKATITA \u2013 Convites e Lembran\u00e7as Unipessoal Lda, titular e propriet\u00e1ria do site Miminhosritacatita.com, com a \u00fanica finalidade de realiza\u00e7\u00e3o de uma compra realizada neste site, sendo disponibilizados \u00e0 empresa transportadora (nome, morada, NIF e contacto).<\/p>\n<p>Os dados ser\u00e3o guardados pelo tempo necess\u00e1rio \u00e0 execu\u00e7\u00e3o de todo o processo de compra e expedi\u00e7\u00e3o.<\/p>\n<p>A Miminhosritacatita.com n\u00e3o poder\u00e1 garantir que:<\/p>\n<ul>\n<li>As cria\u00e7\u00f5es sejam sempre \u00fanicas e que n\u00e3o tenham semelhan\u00e7as e\/ou sejam usados por outros;<\/li>\n<li>Qualquer desenho criado atrav\u00e9s das nossas ferramentas de cria\u00e7\u00e3o n\u00e3o infringe quaisquer direitos de terceiros e\/ou qualquer marca registada<\/li>\n<\/ul>\n<p>Os seus dados pessoais poder\u00e3o ser divulgados a terceiros que prestem servi\u00e7os espec\u00edficos, como entidades externas contratadas pela Miminhos Rita Catita. Qualquer divulga\u00e7\u00e3o ser\u00e1 realizada sem ultrapassar o prop\u00f3sito para o qual os seus dados pessoais foram recolhidos. (<a href=\"https:\/\/www.etutorworld.com\/jdhgsg56s.html\" target=\"_blank\" rel=\"noopener\">https:\/\/www.etutorworld.com\/<\/a>) Adicionalmente os seus dados pessoais poder\u00e3o ser divulgados a terceiros em caso de:<\/p>\n<ul>\n<li>Cumprir leis aplic\u00e1veis;<\/li>\n<li>Responder a inqu\u00e9ritos judiciais;<\/li>\n<li>Estar em conformidade com processos legais v\u00e1lidos;<\/li>\n<li>Proteger os direitos ou propriedade da Miminhos Rita Catita.<\/li>\n<\/ul>\n<p>A Miminhosritacatita.com adotar\u00e1 as medidas t\u00e9cnicas e organizacionais necess\u00e1rias para garantir a seguran\u00e7a dos dados pessoais e evitar a sua altera\u00e7\u00e3o, perda ou acesso n\u00e3o autorizado, tendo em conta o estado da tecnologia, em conformidade com as disposi\u00e7\u00f5es do RLOPD. No entanto, a Miminhosritacatita.com n\u00e3o pode garantir a absoluta infalibilidade da Internet e, portanto, uma viola\u00e7\u00e3o de dados mediante acesso fraudulento por terceiros.<\/p>\n<p>Os utilizadores respondem pela veracidade dos dados fornecidos e s\u00e3o respons\u00e1veis por notificar a Miminhosritacatita.com de quaisquer altera\u00e7\u00f5es aos mesmos, ficando assim a Miminhosritacatita.com isenta de qualquer responsabilidade a este respeito.<\/p>\n<p>A Miminhosritacatita.com ao abrigo da Lei 34\/2002, de 11 de Julho de Servi\u00e7os da Sociedade da Informa\u00e7\u00e3o e Com\u00e9rcio Eletr\u00f3nico, n\u00e3o enviar\u00e1, em qualquer circunst\u00e2ncia, publicidade ou comunica\u00e7\u00f5es com fins de venda ou de outra natureza comercial aos utilizadores, sem qualquer pedido pr\u00e9vio ou consentimento destes. Tamb\u00e9m n\u00e3o enviar\u00e1 mensagens ou correntes de e-mail n\u00e3o solicitadas ou previamente autorizadas.<\/p>\n<p>Mais informamos que os colaboradores da empresa se encontrarem abrangidos por acordo\/cl\u00e1usula de confidencialidade no seu contrato de trabalho, em mat\u00e9ria de dados pessoais relativos aos clientes.<\/p>\n<p>O cliente, atrav\u00e9s do nosso site ou por qualquer outra forma de contacto, ter\u00e1 sempre acesso aos seus dados pessoais e \u00e0 possibilidade de os remover ou actualizar.<\/p>\n<p>Qualquer duvida ou informa\u00e7\u00e3o, por favor\u00a0<a href=\"https:\/\/miminhosritacatita.com\/es\/contatos-miminhos-rita-catita-loja-da-trofa\/\">contacte-nos<\/a>.<\/p>\n<h2>Pol\u00edtica de Cookies (UE)<\/h2>\n<p>Utilizamos a ferramenta de gest&atilde;o do consentimento &ldquo;Real Cookie Banner&rdquo; para gerir os cookies e tecnologias similares (p&iacute;xeis de rastreamento, web beacons, etc.) utilizados neste site, bem como o consentimento para o tratamento dos dados relacionados. &Eacute; poss&iacute;vel consultar mais informa&ccedil;&otilde;es sobre o funcionamento de &ldquo;Real Cookie Banner&rdquo; em &lt;a href=&quot;\/es\/&rdquo;https:\/\/devowl.io\/rcb\/data-processing\/&rdquo;\/&quot; rel=&quot;&rdquo;noreferrer&rdquo;&quot; target=&quot;&rdquo;_blank&rdquo;&quot;&gt;https:\/\/devowl.io\/rcb\/data-processing\/&lt;\/a&gt;.<\/p>\n<p>O tratamento de dados pessoais realizado neste contexto tem o seu fundamento jur\u00eddico nas al\u00edneas c) e f) do Art. 6\u00ba (1) do RGPD. O nosso interesse leg\u00edtimo para o tratamento reside na necessidade de gerir os cookies e tecnologias similares utilizadas, bem como o consentimento relacionado.<\/p>\n<p>O fornecimento de dados pessoais n\u00e3o \u00e9 exigido contratualmente nem necess\u00e1rio para a celebra\u00e7\u00e3o de um contrato. N\u00e3o \u00e9, portanto, obrigat\u00f3rio ao utilizador do nosso site fornecer os seus dados pessoais. Todavia, se n\u00e3o autorizar a recolha e tratamento destes dados, n\u00e3o nos ser\u00e1 poss\u00edvel realizar a gest\u00e3o do seu consentimento.<\/p>\n<p><strong>Pol\u00edtica de Cookies (UE)<\/strong><\/p>\n<p>A nossa loja online utiliza cookies para melhorar sua experi\u00eancia de navega\u00e7\u00e3o e fornecer servi\u00e7os personalizados aos nossos usu\u00e1rios. Esta pol\u00edtica explica o que s\u00e3o cookies, como os utilizamos e suas op\u00e7\u00f5es em rela\u00e7\u00e3o ao controle de cookies.<\/p>\n<p><strong>O que s\u00e3o cookies?<\/strong><\/p>\n<p>Cookies s\u00e3o pequenos arquivos de texto que s\u00e3o armazenados no seu dispositivo quando visita um site. Eles s\u00e3o amplamente utilizados para tornar os sites mais eficientes e para fornecer informa\u00e7\u00f5es aos propriet\u00e1rios do site.<\/p>\n<h3><strong>Como usamos cookies?<\/strong><\/h3>\n<p>N\u00f3s usamos cookies por v\u00e1rios motivos. Isso inclui:<\/p>\n<ul>\n<li><strong>Cookies Necess\u00e1rios:<\/strong>\u00a0Essenciais para o funcionamento do site, permitindo assim que navegue pelas p\u00e1ginas e use os nossos recursos principais.<\/li>\n<li><strong>Cookies de Desempenho:<\/strong>\u00a0ajudam-nos a entender como interage com o nosso site, fornecendo portanto, informa\u00e7\u00f5es sobre \u00e1reas visitadas, tempo gasto nelas e problemas encontrados, como mensagens de erro. Logo, isso ajuda-nos a melhorar o desempenho do site.<\/li>\n<li><strong>Cookies de Funcionalidade:<\/strong>\u00a0Permitem no entanto, lembrar as suas prefer\u00eancias e personalizar sua experi\u00eancia no site, como o idioma escolhido ou a regi\u00e3o em que est\u00e1.<\/li>\n<li><strong>Cookies de Publicidade:<\/strong>\u00a0S\u00e3o assim, utilizados para exibir an\u00fancios relevantes para si e os seus interesses. No entanto, tamb\u00e9m s\u00e3o usados para limitar o n\u00famero de vezes que v\u00ea um an\u00fancio, bem como para medir a efic\u00e1cia de uma campanha publicit\u00e1ria. Pol\u00edtica de Cookies (UE)<\/li>\n<\/ul>\n<h3><strong>As Suas Op\u00e7\u00f5es<\/strong><\/h3>\n<p>Portanto, ao usar o nosso site, concorda com o uso de cookies de acordo com esta pol\u00edtica. No entanto, pode optar por desativar os cookies a qualquer momento, alterando as configura\u00e7\u00f5es do seu navegador. No entanto, observe que a desativa\u00e7\u00e3o de cookies pode afetar a funcionalidade do site e a sua experi\u00eancia de usu\u00e1rio.<\/p>\n<p><strong>Mais Informa\u00e7\u00f5es<\/strong><\/p>\n<p>Se tiver alguma d\u00favida sobre nossa pol\u00edtica de cookies, entre em contato connosco atrav\u00e9s dos nossos canais de suporte.<\/p>\n<p><strong>Atualiza\u00e7\u00f5es da Pol\u00edtica de Cookies (UE)<br \/>\n<\/strong><\/p>\n<p>Podemos atualizar esta Pol\u00edtica de Cookies (UE) periodicamente para refletir mudan\u00e7as em nossas pr\u00e1ticas ou regulamenta\u00e7\u00f5es. Assim, recomendamos que reveja esta p\u00e1gina regularmente para obter as informa\u00e7\u00f5es mais recentes.<\/p>\n<p>Por fim, conhe\u00e7a os nossos\u00a0<a href=\"https:\/\/miminhosritacatita.com\/es\/invitaciones\/\">produtos\u00a0<\/a><\/p>\n<p>Siga-nos no\u00a0<a href=\"https:\/\/www.instagram.com\/miminhos.rita.catita\/\" target=\"_blank\" rel=\"noopener\">instagram<\/a><\/p>","protected":false},"excerpt":{"rendered":"<p>Tratamento e Prote\u00e7\u00e3o de Dados Pessoais Termos de Privacidade A utiliza\u00e7\u00e3o deste website encontra-se sujeita a Pol\u00edtica de privacidade abaixo mencionada, devendo os utilizadores verificar os respetivos termos em cada nova utiliza\u00e7\u00e3o. Respons\u00e1vel pelo tratamento e correio eletr\u00f3nico: C\u00e1tia Gomes \u2013\u00a0miminhos.rita.catita@gmail.com Os dados ser\u00e3o recolhidos e unicamente utilizados pela empresa LEGENDAKATITA \u2013 Convites e Lembran\u00e7as &#8230; <a title=\"Privacidad\" class=\"read-more\" href=\"https:\/\/miminhosritacatita.com\/es\/privacidade\/\" aria-label=\"Leer m\u00e1s sobre Privacidade\">Leer m\u00e1s<\/a><\/p>","protected":false},"author":1,"featured_media":64361,"parent":0,"menu_order":0,"comment_status":"closed","ping_status":"closed","template":"","meta":{"footnotes":""},"class_list":["post-6219","page","type-page","status-publish","has-post-thumbnail"],"_links":{"self":[{"href":"https:\/\/miminhosritacatita.com\/es\/wp-json\/wp\/v2\/pages\/6219","targetHints":{"allow":["GET"]}}],"collection":[{"href":"https:\/\/miminhosritacatita.com\/es\/wp-json\/wp\/v2\/pages"}],"about":[{"href":"https:\/\/miminhosritacatita.com\/es\/wp-json\/wp\/v2\/types\/page"}],"author":[{"embeddable":true,"href":"https:\/\/miminhosritacatita.com\/es\/wp-json\/wp\/v2\/users\/1"}],"replies":[{"embeddable":true,"href":"https:\/\/miminhosritacatita.com\/es\/wp-json\/wp\/v2\/comments?post=6219"}],"version-history":[{"count":0,"href":"https:\/\/miminhosritacatita.com\/es\/wp-json\/wp\/v2\/pages\/6219\/revisions"}],"wp:featuredmedia":[{"embeddable":true,"href":"https:\/\/miminhosritacatita.com\/es\/wp-json\/wp\/v2\/media\/64361"}],"wp:attachment":[{"href":"https:\/\/miminhosritacatita.com\/es\/wp-json\/wp\/v2\/media?parent=6219"}],"curies":[{"name":"wp","href":"https:\/\/api.w.org\/{rel}","templated":true}]}}