{"id":9899,"date":"2019-12-11T11:12:21","date_gmt":"2019-12-11T11:12:21","guid":{"rendered":"https:\/\/miminhosritacatita.com\/?post_type=product&#038;p=9899"},"modified":"2024-11-14T17:53:49","modified_gmt":"2024-11-14T17:53:49","slug":"topo-bolo-batizado-coroa","status":"publish","type":"product","link":"https:\/\/miminhosritacatita.com\/en\/batizado\/topos-de-bolo-batizado\/topo-bolo-batizado-coroa\/","title":{"rendered":"Topo Bolo Batizado Coroa"},"content":{"rendered":"<h1>Topo Bolo Batizado Coroa<\/h1>\n<p>Topo Bolo Batizado Coroa<\/p>\n<p><b>O Batismo \u00e9<\/b> das mais importantes fases do crescimento do seu filho e est\u00e1 prestes a chegar. E estamos convencidos de que isso \u00e9 motivo para celebrar.<\/p>\n<p>Todos os detalhes contam, desde o nome do seu filho, \u00e0 data do nascimento, at\u00e9 \u00e0 lista de convidados e, principalmente, o topo de bolo batizado!\u00a0 Porque vamos j\u00e1 come\u00e7ar a preparar o <b>Baptism <\/b>sweetest ever.<\/p>\n<p>We understand that the credit for <b>Baptism<\/b> \u00e9 seu, mas que a miss\u00e3o \u00e9 nossa. E, por isso, criamos um Topo de Bolo Batismo \u00fanico e adaptado ao gosto de cada cliente, cumprindo sempre com a qualidade e perfei\u00e7\u00e3o e bom gosto.<\/p>\n<p>Made with love, our<strong> topo de bolo batizado<\/strong> are made for each client. Because by the time they are born, every baby has its own story.<\/p>\n<h2>O nosso Topo Bolo Batizado Coroa<\/h2>\n<p>E, na Miminhos, j\u00e1 sabemos que os topos de bolo batizado s\u00e3o um bom pretexto para contar a sua!<\/p>\n<p>Feitos com amor, os topos de bolo de batismo s\u00e3o feitos para cada cliente, ideia que resulta dos detalhes da sua hist\u00f3ria. Por isso, vamos j\u00e1 conta-la como ela \u00e9, pelas suas palavras.<\/p>\n<p>Temos topos de bolo de batizado de todas as formas e cores e materiais e tamb\u00e9m a todos os pre\u00e7os. Al\u00e9m disso, o nosso Topo Bolo Batizado Coroa \u00e9 feito c\u00e1, j\u00e1 que \u00e9 o que nos d\u00e1 o controlo sobre o prazo de produ\u00e7\u00e3o.<\/p>\n<p>Compre j\u00e1 na Loja Online da Miminhos os produtos que far\u00e3o da sua festa, a melhor. Dos quais, Convites e Lembran\u00e7as e Conjuntos e Livros de Honra.<\/p>\n<ul>\n<li>And also Placards and Envelope Boxes and Table Markers and Menus and Baskets.<\/li>\n<\/ul>\n<p>Mas ainda, Baby Shower e Vestidos e Fatos e Topos de Bolo Batismo. Para al\u00e9m disso, temos tamb\u00e9m um insufl\u00e1vel e um escorrega para alugar, para si.<\/p>\n<p class=\"font_3\">Inspire-se no nosso trabalho e tenha j\u00e1 mais ideias de topos de bolo batizado, desde as mais simples, \u00e0s mais elegantes e mais formais, at\u00e9 aos mais divertidos.<\/p>\n<p class=\"font_2\">Assim, combine j\u00e1 o design do seu Topo Bolo Batizado Coroa com o ambiente que quer apresentar aos seus convidados no dia.<\/p>\n<p class=\"font_3\">So take a look below at some types of <strong>topo de bolo batizado<\/strong>\u00a0criados na loja da Miminhos.\u200b<\/p>\n<p><strong>See also: <a href=\"https:\/\/miminhosritacatita.com\/en\/product-category\/batizados\/\">Baptism articles<\/a><\/strong><\/p>\n<p><strong>Follow us on <a href=\"https:\/\/www.instagram.com\/miminhos.rita.catita\/\" target=\"_blank\" rel=\"noopener\">Instagram<\/a><\/strong><\/p>","protected":false},"excerpt":{"rendered":"<p>Topo Bolo Batizado Coroa, Beb\u00e9s Fofinhos para Bolo, tamb\u00e9m s\u00e3o mealheiro.<\/p>\n<p>Material: Cer\u00e2mica<\/p>\n<p>Altura: 18cm<\/p>\n<p>Para escolher menina ou menino, indicar nas &#8220;notas&#8221;.<\/p>","protected":false},"featured_media":21146,"template":"","meta":[],"product_brand":[],"product_cat":[858,1037],"product_tag":[],"class_list":{"0":"post-9899","1":"product","2":"type-product","3":"status-publish","4":"has-post-thumbnail","6":"product_cat-batizado","7":"product_cat-topos-de-bolo-batizado","9":"first","10":"instock","11":"taxable","12":"shipping-taxable","13":"purchasable","14":"product-type-simple"},"_links":{"self":[{"href":"https:\/\/miminhosritacatita.com\/en\/wp-json\/wp\/v2\/product\/9899","targetHints":{"allow":["GET"]}}],"collection":[{"href":"https:\/\/miminhosritacatita.com\/en\/wp-json\/wp\/v2\/product"}],"about":[{"href":"https:\/\/miminhosritacatita.com\/en\/wp-json\/wp\/v2\/types\/product"}],"wp:featuredmedia":[{"embeddable":true,"href":"https:\/\/miminhosritacatita.com\/en\/wp-json\/wp\/v2\/media\/21146"}],"wp:attachment":[{"href":"https:\/\/miminhosritacatita.com\/en\/wp-json\/wp\/v2\/media?parent=9899"}],"wp:term":[{"taxonomy":"product_brand","embeddable":true,"href":"https:\/\/miminhosritacatita.com\/en\/wp-json\/wp\/v2\/product_brand?post=9899"},{"taxonomy":"product_cat","embeddable":true,"href":"https:\/\/miminhosritacatita.com\/en\/wp-json\/wp\/v2\/product_cat?post=9899"},{"taxonomy":"product_tag","embeddable":true,"href":"https:\/\/miminhosritacatita.com\/en\/wp-json\/wp\/v2\/product_tag?post=9899"}],"curies":[{"name":"wp","href":"https:\/\/api.w.org\/{rel}","templated":true}]}}