{"id":9763,"date":"2019-12-05T11:21:50","date_gmt":"2019-12-05T11:21:50","guid":{"rendered":"https:\/\/miminhosritacatita.com\/?post_type=product&#038;p=9763"},"modified":"2026-03-12T17:14:43","modified_gmt":"2026-03-12T17:14:43","slug":"caixa-envelopes-batizado-delicada","status":"publish","type":"product","link":"https:\/\/miminhosritacatita.com\/en\/batizado\/caixas-para-envelopes-de-batizado\/caixa-envelopes-batizado-delicada\/","title":{"rendered":"Caixa Envelopes Batizado Delicada"},"content":{"rendered":"<h1>Caixa Envelopes Batizado Delicada<\/h1>\n<p>Caixa Envelopes Batizado Delicada<\/p>\n<p><b>O Batismo \u00e9<\/b> das mais importantes fases do crescimento do seu filho e est\u00e1 prestes a chegar. E estamos convencidos de que isso \u00e9 motivo para celebrar.<\/p>\n<p>Todos os detalhes contam, desde o nome do seu filho, \u00e0 data do nascimento, at\u00e9 \u00e0 lista de convidados!\u00a0 Porque vamos j\u00e1 come\u00e7ar a preparar o <b>Baptism<\/b> sweetest ever.<\/p>\n<p>We understand that the credit for <b>Baptism<\/b> \u00e9 seu, mas que a miss\u00e3o \u00e9 nossa. E, por isso, criamos as Caixas de Batismo Carrocel, \u00fanicas e adaptadas ao gosto de cada cliente, cumprindo sempre com a qualidade e perfei\u00e7\u00e3o e bom gosto.<\/p>\n<p>Feitas com amor, a nossa<strong>\u00a0<\/strong>Caixa Envelopes Batizado Delicada s\u00e3o feitas para cada cliente. Pois na altura em que nascem, todos os beb\u00e9s j\u00e1 tem a sua hist\u00f3ria.<\/p>\n<h2>Caixa Envelopes Batizado Delicada<\/h2>\n<p>E, na Miminhos, j\u00e1 sabemos que as Caixas s\u00e3o um bom pretexto para contar a sua!<\/p>\n<p>Feitas com amor, as Caixas s\u00e3o feitas para cada cliente, ideia que resulta dos detalhes da sua hist\u00f3ria. Por isso, vamos j\u00e1 conta-la como ela \u00e9, pelas suas palavras.<\/p>\n<p>Temos caixas de todas as formas e cores e materiais e tamb\u00e9m a todos os pre\u00e7os. Al\u00e9m disso, a nossa Caixa Envelopes Batismo \u00e9 feitas c\u00e1, j\u00e1 que \u00e9 o que nos d\u00e1 o controlo sobre o prazo de produ\u00e7\u00e3o.<\/p>\n<p>Buy the products that will make your party a success in the Miminhos Online Shop now<strong>, a melhor. Dos quais, Convites e Lembran\u00e7as e Conjuntos e Livros de Honra.<\/strong><\/p>\n<ul>\n<li>\n<h3><strong> And also Placards and Envelope Boxes and Table Markers and Menus and Baskets. <\/strong><\/h3>\n<\/li>\n<\/ul>\n<p><strong>Mas ainda, Baby Shower e Vestidos e Fatos e Topos de Bolo. <\/strong><strong>Para al\u00e9m disso, temos tamb\u00e9m um in<\/strong>sufl\u00e1vel e um escorrega para alugar, para si.<\/p>\n<p class=\"font_3\">Be inspired by our work and get more ideas for <strong>baptism<\/strong>, from the simplest, to the most elegant and formal, to the most fun.<\/p>\n<p class=\"font_2\">Assim, combine j\u00e1 o design da sua caixa para Envelopes Batismo com o ambiente que quer apresentar aos seus convidados no dia.<\/p>\n<p class=\"font_3\">So take a look below at some types of <strong>caixas<\/strong> created in the Miminhos store.<\/p>\n<p><strong>See also: <a href=\"https:\/\/miminhosritacatita.com\/en\/product-category\/batizados\/\">Baptism articles<\/a><\/strong><\/p>\n<p><strong>Visit our <a href=\"https:\/\/www.instagram.com\/miminhos.rita.catita\/\" target=\"_blank\" rel=\"noopener\">Instagram<\/a><\/strong><\/p>","protected":false},"excerpt":{"rendered":"<p>Caixa Envelopes Batizado Delicada, personalizada e impressa ao seu gosto.<\/p>\n<p>Dimens\u00e3o: 34 cm x 25,5 cm<\/p>\n<p>Para mais altera\u00e7\u00f5es, indicar nas &#8220;notas&#8221;.<\/p>","protected":false},"featured_media":41935,"template":"","meta":[],"product_brand":[],"product_cat":[858,1033],"product_tag":[],"class_list":{"0":"post-9763","1":"product","2":"type-product","3":"status-publish","4":"has-post-thumbnail","6":"product_cat-batizado","7":"product_cat-caixas-para-envelopes-de-batizado","9":"first","10":"instock","11":"taxable","12":"shipping-taxable","13":"purchasable","14":"product-type-simple"},"_links":{"self":[{"href":"https:\/\/miminhosritacatita.com\/en\/wp-json\/wp\/v2\/product\/9763","targetHints":{"allow":["GET"]}}],"collection":[{"href":"https:\/\/miminhosritacatita.com\/en\/wp-json\/wp\/v2\/product"}],"about":[{"href":"https:\/\/miminhosritacatita.com\/en\/wp-json\/wp\/v2\/types\/product"}],"wp:featuredmedia":[{"embeddable":true,"href":"https:\/\/miminhosritacatita.com\/en\/wp-json\/wp\/v2\/media\/41935"}],"wp:attachment":[{"href":"https:\/\/miminhosritacatita.com\/en\/wp-json\/wp\/v2\/media?parent=9763"}],"wp:term":[{"taxonomy":"product_brand","embeddable":true,"href":"https:\/\/miminhosritacatita.com\/en\/wp-json\/wp\/v2\/product_brand?post=9763"},{"taxonomy":"product_cat","embeddable":true,"href":"https:\/\/miminhosritacatita.com\/en\/wp-json\/wp\/v2\/product_cat?post=9763"},{"taxonomy":"product_tag","embeddable":true,"href":"https:\/\/miminhosritacatita.com\/en\/wp-json\/wp\/v2\/product_tag?post=9763"}],"curies":[{"name":"wp","href":"https:\/\/api.w.org\/{rel}","templated":true}]}}