{"id":9742,"date":"2019-12-04T14:37:56","date_gmt":"2019-12-04T14:37:56","guid":{"rendered":"https:\/\/miminhosritacatita.com\/?post_type=product&#038;p=9742"},"modified":"2026-04-20T16:55:49","modified_gmt":"2026-04-20T16:55:49","slug":"placard-batizado-tema-borboletas","status":"publish","type":"product","link":"https:\/\/miminhosritacatita.com\/en\/batizado\/placard-batizado-tema-borboletas\/","title":{"rendered":"Placard Batizado Tema Borboletas"},"content":{"rendered":"<h2>Placard Batizado Tema Borboletas<\/h2>\n<p>Placard Batizado Tema Borboletas<\/p>\n<p><b>O Batismo \u00e9<\/b> das mais importantes fases do crescimento do seu filho e est\u00e1 prestes a chegar. E estamos convencidos de que isso \u00e9 motivo para celebrar.<\/p>\n<p>Todos os detalhes contam, desde o nome do seu filho, \u00e0 data do nascimento, at\u00e9 \u00e0 lista de convidados! Porque vamos j\u00e1 come\u00e7ar a preparar o <b>Baptism<\/b> sweetest ever.<\/p>\n<p>We understand that the credit for <b>Baptism<\/b> \u00e9 seu, mas que a miss\u00e3o \u00e9 nossa. E, por isso, criamos um Placard \u00fanico e adaptado ao gosto de cada cliente, cumprindo sempre com a qualidade e perfei\u00e7\u00e3o e bom gosto.<\/p>\n<p>Made with love, our<strong> Signs<\/strong> are made for each client. Because by the time they are born, every baby has its own story.<\/p>\n<h4>O nosso Placard Batizado Tema Borboletas \u00e9 top!<\/h4>\n<p>E, na Miminhos, j\u00e1 sabemos que os Placards s\u00e3o um bom pretexto para contar a sua!<\/p>\n<p>Feitos com amor, os Placards s\u00e3o feitos para cada cliente, ideia que resulta dos detalhes da sua hist\u00f3ria. Por isso, vamos j\u00e1 conta-la como ela \u00e9, pelas suas palavras.<\/p>\n<p>Temos Placards de todas as formas e cores e materiais e tamb\u00e9m a todos os pre\u00e7os. Al\u00e9m disso, o nosso Placard Batizado Tema Borboletas \u00e9 feito c\u00e1, j\u00e1 que \u00e9 o que nos d\u00e1 o controlo sobre o prazo de produ\u00e7\u00e3o.<\/p>\n<p>Compre j\u00e1 na Loja Online da Miminhos os produtos que far\u00e3o da sua festa, a melhor. Dos quais, Convites e Lembran\u00e7as e Conjuntos e Livros de Honra.<\/p>\n<ul>\n<li>And also Placards and Envelope Boxes and Table Markers and Menus and Baskets.<\/li>\n<\/ul>\n<p>There's also a Baby Shower and Dresses, Costumes and Cake Toppers. We also have an inflatable and a slide for you to rent.<\/p>\n<p class=\"font_3\">Inspire-se no nosso trabalho e tenha j\u00e1 mais ideias de b<strong>atismo<\/strong>, from the simplest, to the most elegant and formal, to the most fun.<\/p>\n<p class=\"font_2\">Assim, combine j\u00e1 o design do seu<strong> Placard Batizado Tema Borboletas<\/strong>\u00a0com o ambiente que quer apresentar aos seus convidados no dia.<\/p>\n<p class=\"font_3\">So take a look below at some types of <strong>placards<\/strong> criados na loja da Miminhos.\u200b<\/p>\n<p><strong>See also: <a href=\"https:\/\/miminhosritacatita.com\/en\/product-category\/batizados\/\">Baptism articles<\/a><\/strong><\/p>\n<p><strong>Follow us on <a href=\"https:\/\/www.instagram.com\/miminhos.rita.catita\/\" target=\"_blank\" rel=\"noopener\">Instagram<\/a><\/strong><\/p>\n<p>&nbsp;<\/p>","protected":false},"excerpt":{"rendered":"<p>Placard Batizado Tema Borboletas, produzido, personalizado e impresso ao seu gosto. Entre em contacto connosco<\/p>\n<p>Dimens\u00e3o: 60 cm x 80 cm<\/p>\n<p>Para altera\u00e7\u00f5es, indicar nas &#8220;notas&#8221;.<\/p>","protected":false},"featured_media":11406,"template":"","meta":[],"product_brand":[],"product_cat":[858,1030],"product_tag":[],"class_list":{"0":"post-9742","1":"product","2":"type-product","3":"status-publish","4":"has-post-thumbnail","6":"product_cat-batizado","7":"product_cat-placards-batizado","9":"first","10":"instock","11":"taxable","12":"shipping-taxable","13":"purchasable","14":"product-type-simple"},"_links":{"self":[{"href":"https:\/\/miminhosritacatita.com\/en\/wp-json\/wp\/v2\/product\/9742","targetHints":{"allow":["GET"]}}],"collection":[{"href":"https:\/\/miminhosritacatita.com\/en\/wp-json\/wp\/v2\/product"}],"about":[{"href":"https:\/\/miminhosritacatita.com\/en\/wp-json\/wp\/v2\/types\/product"}],"wp:featuredmedia":[{"embeddable":true,"href":"https:\/\/miminhosritacatita.com\/en\/wp-json\/wp\/v2\/media\/11406"}],"wp:attachment":[{"href":"https:\/\/miminhosritacatita.com\/en\/wp-json\/wp\/v2\/media?parent=9742"}],"wp:term":[{"taxonomy":"product_brand","embeddable":true,"href":"https:\/\/miminhosritacatita.com\/en\/wp-json\/wp\/v2\/product_brand?post=9742"},{"taxonomy":"product_cat","embeddable":true,"href":"https:\/\/miminhosritacatita.com\/en\/wp-json\/wp\/v2\/product_cat?post=9742"},{"taxonomy":"product_tag","embeddable":true,"href":"https:\/\/miminhosritacatita.com\/en\/wp-json\/wp\/v2\/product_tag?post=9742"}],"curies":[{"name":"wp","href":"https:\/\/api.w.org\/{rel}","templated":true}]}}