{"id":8882,"date":"2019-10-04T14:55:32","date_gmt":"2019-10-04T14:55:32","guid":{"rendered":"https:\/\/miminhosritacatita.com\/?post_type=product&#038;p=8882"},"modified":"2026-03-12T15:53:46","modified_gmt":"2026-03-12T15:53:46","slug":"prenda-bodas-prata-combinado","status":"publish","type":"product","link":"https:\/\/miminhosritacatita.com\/en\/bodas\/bodas-de-prata\/prendas-para-bodas-de-prata\/prenda-bodas-prata-combinado\/","title":{"rendered":"Prenda Bodas Prata Combinado"},"content":{"rendered":"<h1>Prenda Bodas Prata Combinado<\/h1>\n<p>Prenda Bodas Prata Combinado<\/p>\n<p>The Silver Jubilee is a very important celebration and it's just around the corner. And we're convinced that this is a reason to celebrate.<\/p>\n<p>We all have a story. And we suspect that<strong> Prenda Bodas Prata Combinado <\/strong>\u00e9 um bom pretexto para (nos) contar a sua!<\/p>\n<p>Every detail counts, from dating to the wedding date to the guest list!  Because let's start preparing for the sweetest wedding ever.<\/p>\n<p>We understand that the credit for the Silver Wedding is yours, but that the mission is ours. That's why we create unique products tailored to each client's taste, always delivering on quality, perfection and good taste.<\/p>\n<p>Made with love, our Silver Jubilee gifts are made for each customer.<\/p>\n<h2>A nossa Prenda Bodas Prata Combinado<\/h2>\n<p>By the time they get married, every couple has a story. And at Miminhos, we know that souvenirs are a good excuse to tell yours!<\/p>\n<p>Made with love, the gifts are made for each client, an idea that stems from the details of their story. So let's tell it like it is, in their own words.<\/p>\n<p>So we have souvenirs in all shapes and colors and materials, and at all prices. What's more, our gifts are made here, which gives us control over production times.<\/p>\n<p>Seja como for, compre j\u00e1 na Loja Online da Miminhos os produtos que far\u00e3o da sua festa, a melhor. Dos quais, Convites de Bodas Prata, Lembran\u00e7as para Bodas de Prata, prendas para Bodas de Prata, Porta Alian\u00e7as e Livros de Honra.<\/p>\n<ul>\n<li>And also Placards and Envelope Boxes and Table Markers and Menus and Baskets.<\/li>\n<\/ul>\n<p class=\"font_3\">So be inspired by our work and get more wedding ideas now, from the simplest, to the most elegant and formal, to the most fun.<\/p>\n<p class=\"font_2\">So match the design of your Silver Jubilee gift to the atmosphere you want to present to your guests on the day.<\/p>\n<p class=\"font_3\">So take a look below at some types of <strong>Silver Wedding Gifts<\/strong> created in the Miminhos store.<\/p>\n<p><strong>See Also: <a href=\"https:\/\/miminhosritacatita.com\/en\/product-category\/silver-wedding-anniversary\/convites-bodas-de-prata\/\">25th wedding anniversary invitations<\/a><\/strong><\/p>\n<p><strong>Visit our <a href=\"https:\/\/www.instagram.com\/miminhos.rita.catita\/\" target=\"_blank\" rel=\"noopener\">Instagram<\/a><\/strong><\/p>","protected":false},"excerpt":{"rendered":"<p>Prenda Bodas Prata Combinado<\/p>\n<p>Flutes e\u00a0 Moldura<\/p>\n<p>Material Aplica\u00e7\u00e3o 25 &#8211; Prata Laminada<\/p>\n<p>Material Moldura &#8211; Madeira<\/p>\n<p>Dimens\u00e3o da Moldura: 15x20cm<\/p>\n<p>Inclui Estojo para todas as pe\u00e7as<\/p>","protected":false},"featured_media":42166,"template":"","meta":[],"product_brand":[],"product_cat":[843],"product_tag":[],"class_list":{"0":"post-8882","1":"product","2":"type-product","3":"status-publish","4":"has-post-thumbnail","6":"product_cat-prendas-para-bodas-de-prata","8":"first","9":"instock","10":"taxable","11":"shipping-taxable","12":"purchasable","13":"product-type-simple"},"_links":{"self":[{"href":"https:\/\/miminhosritacatita.com\/en\/wp-json\/wp\/v2\/product\/8882","targetHints":{"allow":["GET"]}}],"collection":[{"href":"https:\/\/miminhosritacatita.com\/en\/wp-json\/wp\/v2\/product"}],"about":[{"href":"https:\/\/miminhosritacatita.com\/en\/wp-json\/wp\/v2\/types\/product"}],"wp:featuredmedia":[{"embeddable":true,"href":"https:\/\/miminhosritacatita.com\/en\/wp-json\/wp\/v2\/media\/42166"}],"wp:attachment":[{"href":"https:\/\/miminhosritacatita.com\/en\/wp-json\/wp\/v2\/media?parent=8882"}],"wp:term":[{"taxonomy":"product_brand","embeddable":true,"href":"https:\/\/miminhosritacatita.com\/en\/wp-json\/wp\/v2\/product_brand?post=8882"},{"taxonomy":"product_cat","embeddable":true,"href":"https:\/\/miminhosritacatita.com\/en\/wp-json\/wp\/v2\/product_cat?post=8882"},{"taxonomy":"product_tag","embeddable":true,"href":"https:\/\/miminhosritacatita.com\/en\/wp-json\/wp\/v2\/product_tag?post=8882"}],"curies":[{"name":"wp","href":"https:\/\/api.w.org\/{rel}","templated":true}]}}