{"id":8745,"date":"2019-10-02T13:53:10","date_gmt":"2019-10-02T13:53:10","guid":{"rendered":"https:\/\/miminhosritacatita.com\/?post_type=product&#038;p=8745"},"modified":"2025-12-23T10:14:16","modified_gmt":"2025-12-23T10:14:16","slug":"chinelos-para-lembrancas","status":"publish","type":"product","link":"https:\/\/miminhosritacatita.com\/en\/casamento\/lembrancas-de-casamento\/chinelos-para-lembrancas\/","title":{"rendered":"Flip-flops for Favors"},"content":{"rendered":"<h1>Flip-flops for Favors<\/h1>\n<p>Flip-flops for Favors<\/p>\n<p>They say the secret is in the details... And we believe it! In our store, Wedding Souvenirs are one of our favorite details.<\/p>\n<p>Dos robes \u00e0s ligas\u2026 Como ser\u00e3o as vossas Lembran\u00e7as? Pense!, porque \u00e9 aqui que o estilo pessoal vai brilhar! O Chinelos Para Lembran\u00e7as \u00e9 a solu\u00e7\u00e3o ideal!<\/p>\n<p>Feitas com amor, Os nossos Chinelos Para Lembran\u00e7as s\u00e3o feitas para cada cliente, ideia que resulta dos detalhes da sua hist\u00f3ria. Por isso, vamos j\u00e1 conta-la como ela \u00e9, pelas suas palavras.<\/p>\n<p>Temos, na nossa loja, v\u00e1rios Brindes para v\u00e1rios pre\u00e7os e gostos, mantendo sempre a promessa de qualidade.<\/p>\n<h2>Flip-flops for Favors<\/h2>\n<p>We understand that the credit for <b>Wedding<\/b> It's yours, but the mission is ours. And because of that, we create products tailored to each client's taste, always delivering quality, perfection, and good taste.<\/p>\n<p>Thus, find the answer to all the details that will make your party unique in the Online Store.<\/p>\n<p>We also rent cars to transport the bride and groom. To find out the price, contact us and let us know the date of the event \/ the pick-up address \/ the church address \/ and the wedding venue.<\/p>\n<p>Thus, we still have an inflatable and a slide available for rent. Therefore, request your quote by stating the date of the event and whether you wish to pick it up at our store or if you would like us to come to the event location for setup\/disassembly.<\/p>\n<p>Encontre aqui a resposta para todos os detalhes que far\u00e3o o seu Casamento \u00fanico. Portanto dos quais Chinelos Para Lembran\u00e7as \/ Convites \/ Porta Alian\u00e7as \/ Livros de Honra \/ Lembran\u00e7as Abre C\u00e1psulas \u00e2ncora. Mas tamb\u00e9m, as Cestas de Lembran\u00e7as \/ e os Photo Booth \/ e os Cabides. Assim como Flutes \/ e Talheres \/ e os Bal\u00f5es \/ e os Sparklers \/ e Placas para casamento.<\/p>\n<p>We also have Artificial Bridal Bouquets \/ and Bachelorette Bouquets \/ and Envelope Boxes. We also have Gifts for Fathers and Godfathers \/ and Napkin Rings \/ and Menus.<\/p>\n<p><strong>See Also: <a href=\"https:\/\/miminhosritacatita.com\/en\/product\/brides-agenda\/\">Bride's Schedule<\/a><\/strong><\/p>\n<p><strong>Follow us on<a href=\"https:\/\/www.instagram.com\/miminhos.rita.catita\/\" target=\"_blank\" rel=\"noopener\"> Instagram<\/a><\/strong><\/p>","protected":false},"excerpt":{"rendered":"<p>Chinelos Para Lembran\u00e7as com impress\u00e3o em ambos os chinelos, conforme imagem.<\/p>\n<p>Tamanhos: 36-38 e 42-44<\/p>\n<p>A useful and original souvenir<\/p>\n<p>&nbsp;<\/p>","protected":false},"featured_media":65808,"template":"","meta":[],"product_brand":[],"product_cat":[479],"product_tag":[],"class_list":{"0":"post-8745","1":"product","2":"type-product","3":"status-publish","4":"has-post-thumbnail","6":"product_cat-lembrancas-de-casamento","8":"first","9":"instock","10":"taxable","11":"shipping-taxable","12":"purchasable","13":"product-type-simple"},"_links":{"self":[{"href":"https:\/\/miminhosritacatita.com\/en\/wp-json\/wp\/v2\/product\/8745","targetHints":{"allow":["GET"]}}],"collection":[{"href":"https:\/\/miminhosritacatita.com\/en\/wp-json\/wp\/v2\/product"}],"about":[{"href":"https:\/\/miminhosritacatita.com\/en\/wp-json\/wp\/v2\/types\/product"}],"wp:featuredmedia":[{"embeddable":true,"href":"https:\/\/miminhosritacatita.com\/en\/wp-json\/wp\/v2\/media\/65808"}],"wp:attachment":[{"href":"https:\/\/miminhosritacatita.com\/en\/wp-json\/wp\/v2\/media?parent=8745"}],"wp:term":[{"taxonomy":"product_brand","embeddable":true,"href":"https:\/\/miminhosritacatita.com\/en\/wp-json\/wp\/v2\/product_brand?post=8745"},{"taxonomy":"product_cat","embeddable":true,"href":"https:\/\/miminhosritacatita.com\/en\/wp-json\/wp\/v2\/product_cat?post=8745"},{"taxonomy":"product_tag","embeddable":true,"href":"https:\/\/miminhosritacatita.com\/en\/wp-json\/wp\/v2\/product_tag?post=8745"}],"curies":[{"name":"wp","href":"https:\/\/api.w.org\/{rel}","templated":true}]}}