{"id":77615,"date":"2026-03-16T11:26:22","date_gmt":"2026-03-16T11:26:22","guid":{"rendered":"https:\/\/miminhosritacatita.com\/?post_type=product&#038;p=77615"},"modified":"2026-03-16T11:41:35","modified_gmt":"2026-03-16T11:41:35","slug":"livro-votos-casamento-delicado","status":"publish","type":"product","link":"https:\/\/miminhosritacatita.com\/en\/casamento\/livros-de-votos-de-casamento\/livro-votos-casamento-delicado\/","title":{"rendered":"Livro Votos Casamento Delicado"},"content":{"rendered":"<h1>Livro Votos Casamento Delicado<\/h1>\n<p>Livro Votos Casamento Delicado<\/p>\n<p>Dizem que o segredo est\u00e1 nos detalhes\u2026 E n\u00f3s acreditamos! Na nossa loja os livros de votos para casamento s\u00e3o dos nossos detalhes favoritos.<\/p>\n<p>Das ligas aos robes\u2026 Quais ser\u00e3o os seus <strong>votos de casamento<\/strong>? Pense!, porque \u00e9 aqui que o estilo pessoal vai brilhar!<\/p>\n<p>Feitos com amor, o Livro Votos Casamento Cl\u00e1ssico s\u00e3o feitos para cada cliente, ideia que resulta dos detalhes da sua hist\u00f3ria. Por isso, vamos j\u00e1 conta-la como ela \u00e9, pelas suas palavras.<\/p>\n<p>Temos, na nossa loja, v\u00e1rios livros de votos para casamento, para v\u00e1rios pre\u00e7os e gostos, mantendo sempre a promessa de qualidade.<\/p>\n<h2>Livro Votos Casamento Delicado<\/h2>\n<p>We understand that the credit for <b>Wedding<\/b> \u00e9 seu, mas que a miss\u00e3o \u00e9 nossa. E, por isso, criamos produtos ajustados ao gosto de cada cliente, cumprindo sempre com a qualidade e perfei\u00e7\u00e3o e bom gosto. As Liga da Noiva Letras s\u00e3o personalizados ao gosto do cliente.<\/p>\n<p>Thus, find the answer to all the details that will make your party unique in the Online Store.<\/p>\n<p>Assim, tamb\u00e9m alugamos carros para o transporte dos noivos. Portanto, para saber o pre\u00e7o contacte-nos e informe a data do Evento \/ a morada de recolha \/ a da Igreja \/ e a do local da boda.<\/p>\n<p>Thus, we still have an inflatable and a slide available for rent. Therefore, request your quote by stating the date of the event and whether you wish to pick it up at our store or if you would like us to come to the event location for setup\/disassembly.<\/p>\n<p>Portanto, encontre aqui a resposta para todos os detalhes que far\u00e3o o seu Casamento \u00fanico como o Wedding Vows Boocklets Personalized. Dos quais:<\/p>\n<ul>\n<li>Bride's League<\/li>\n<li>Wedding invitations<\/li>\n<li>Books of Honor<\/li>\n<li>Lembran\u00e7as de casamento<\/li>\n<\/ul>\n<p>Tamb\u00e9m temos Ramos de Noiva Artificiais \/ e Ramos de Solteiras \/ e Caixas de Envelopes. E ainda, Ofertas a Pais e Padrinhos \/ e Argolas de Guardanapos\/ e Ementas. Seja como for, encomende j\u00e1 o seu Livro Votos Casamento Cl\u00e1ssico.<\/p>\n<p><strong>See Also: <a href=\"https:\/\/miminhosritacatita.com\/en\/product\/brides-agenda\/\">Bride's Schedule<\/a><\/strong><\/p>\n<p>Follow us on <a href=\"https:\/\/www.instagram.com\/miminhos.rita.catita\/\" target=\"_blank\" rel=\"noopener\">Instagram<\/a><\/p>","protected":false},"excerpt":{"rendered":"<p>Livro Votos Casamento Delicado<\/p>\n<p>2 Livros de Votos, Cart\u00e3o Oval com impress\u00e3o alto relevo na capa com o nome de cada pessoa<\/p>\n<p>&nbsp;<\/p>\n<p>&nbsp;<\/p>","protected":false},"featured_media":77600,"template":"","meta":[],"product_brand":[],"product_cat":[1099],"product_tag":[],"class_list":{"0":"post-77615","1":"product","2":"type-product","3":"status-publish","4":"has-post-thumbnail","6":"product_cat-livros-de-votos-de-casamento","8":"first","9":"instock","10":"taxable","11":"shipping-taxable","12":"purchasable","13":"product-type-simple"},"_links":{"self":[{"href":"https:\/\/miminhosritacatita.com\/en\/wp-json\/wp\/v2\/product\/77615","targetHints":{"allow":["GET"]}}],"collection":[{"href":"https:\/\/miminhosritacatita.com\/en\/wp-json\/wp\/v2\/product"}],"about":[{"href":"https:\/\/miminhosritacatita.com\/en\/wp-json\/wp\/v2\/types\/product"}],"wp:featuredmedia":[{"embeddable":true,"href":"https:\/\/miminhosritacatita.com\/en\/wp-json\/wp\/v2\/media\/77600"}],"wp:attachment":[{"href":"https:\/\/miminhosritacatita.com\/en\/wp-json\/wp\/v2\/media?parent=77615"}],"wp:term":[{"taxonomy":"product_brand","embeddable":true,"href":"https:\/\/miminhosritacatita.com\/en\/wp-json\/wp\/v2\/product_brand?post=77615"},{"taxonomy":"product_cat","embeddable":true,"href":"https:\/\/miminhosritacatita.com\/en\/wp-json\/wp\/v2\/product_cat?post=77615"},{"taxonomy":"product_tag","embeddable":true,"href":"https:\/\/miminhosritacatita.com\/en\/wp-json\/wp\/v2\/product_tag?post=77615"}],"curies":[{"name":"wp","href":"https:\/\/api.w.org\/{rel}","templated":true}]}}