{"id":7239,"date":"2019-03-21T17:40:45","date_gmt":"2019-03-21T17:40:45","guid":{"rendered":"https:\/\/miminhosritacatita.com\/?post_type=product&#038;p=7239"},"modified":"2026-03-19T17:40:29","modified_gmt":"2026-03-19T17:40:29","slug":"vela-batizado-arco-iris","status":"publish","type":"product","link":"https:\/\/miminhosritacatita.com\/en\/batizado\/acessorios-de-batizado\/velas-de-batizado\/vela-batizado-arco-iris\/","title":{"rendered":"Vela Batizado Arco \u00cdris"},"content":{"rendered":"<h1>Vela Batizado Arco \u00cdris<\/h1>\n<p>Vela Batizado Arco \u00cdris<\/p>\n<p>Baptism is one of the most important stages of your child's growth and it is about to arrive. And we are convinced that this is a cause for celebration.<\/p>\n<p>Every detail counts, from your child's name to the date of birth to the guest list! Because let's start preparing for the sweetest christening ever.<\/p>\n<p>We understand that the credit for the baptism is yours, but that the mission is ours. That's why we create a baptism set that is unique and tailored to each client's taste, always delivering on quality, perfection and good taste.<\/p>\n<p>Made with love, our Christening Boxes are made for each customer and can contain: a christening box, christening candle, christening towel, christening bib, christening shell and christening pacifier. Because by the time they are born, every baby has its own story.<\/p>\n<h2>Vela Batizado Arco \u00cdris<\/h2>\n<p>And at Miminhos, we already know that candles are a good excuse to tell your story!<\/p>\n<p>Made with love, the Christening Boxes are made for each client, an idea that stems from the details of their story. So let's tell it like it is, in their own words.<\/p>\n<p>Seja como for, temos conjuntos de todas as formas e cores e materiais e tamb\u00e9m a todos os pre\u00e7os. Al\u00e9m disso, a nossa Vela Batizado Arco \u00cdris \u00e9 feita c\u00e1, j\u00e1 que \u00e9 o que nos d\u00e1 o controlo sobre o prazo de produ\u00e7\u00e3o.<\/p>\n<p>Buy the products that will make your christening party the best in the Miminhos Online Shop. These include Invitations and Souvenirs and Honor Rolls and Sets.<\/p>\n<ul>\n<li>And also Placards and Envelope Boxes and Table Markers and Menus and Baskets.<\/li>\n<\/ul>\n<ul>\n<li><strong>Velas de Batizado, Velas de Batismo, Velas Batizado, Vela de Batizado, Vela de Batismo, Vela Batizado, Vela Batismo<\/strong><\/li>\n<\/ul>\n<p>There's also a Baby Shower and Dresses, Costumes and Cake Toppers. We also have an inflatable and a slide for you to rent.<\/p>\n<p class=\"font_3\">So take inspiration from our work and get more ideas for <strong>baptism<\/strong>, from the simplest, to the most elegant and formal, to the most fun.<\/p>\n<p class=\"font_2\">Assim, combine j\u00e1 o design da sua Vela Batizado Arco \u00cdris com o ambiente que quer apresentar aos seus convidados no dia.<\/p>\n<p class=\"font_3\">So take a look below at some of the types of christening boxes and christening candles created in the Miminhos store.<\/p>\n<p><strong>See also: <a href=\"https:\/\/miminhosritacatita.com\/en\/product-category\/batizados\/\">Baptism articles<\/a><\/strong><\/p>\n<p><strong>Visit Our <a href=\"https:\/\/www.instagram.com\/miminhos.rita.catita\/\" target=\"_blank\" rel=\"noopener\">Instagram<\/a><\/strong><\/p>","protected":false},"excerpt":{"rendered":"<p>Conjunto Vela Batizado Arco \u00cdris<\/p>\n<p>Vela de Batizado 25\u20ac<\/p>\n<p>Impress\u00e3o na vela 7,50\u20ac<br \/>\nConcha 12,50\u20ac<br \/>\nToalha com estampagem 35\u20ac<br \/>\nBox 60\u20ac<span class=\"text_exposed_show\"><br \/>\nImpress\u00e3o na caixa 7,50\u20ac<\/span><\/p>\n<p>Babete estampada 12,50\u20ac<\/p>\n<p>Para altera\u00e7\u00f5es \u00e0s cores, indicar nas notas.<\/p>","protected":false},"featured_media":26366,"template":"","meta":[],"product_brand":[],"product_cat":[970],"product_tag":[],"class_list":{"0":"post-7239","1":"product","2":"type-product","3":"status-publish","4":"has-post-thumbnail","6":"product_cat-velas-de-batizado","8":"first","9":"instock","10":"taxable","11":"shipping-taxable","12":"purchasable","13":"product-type-simple"},"_links":{"self":[{"href":"https:\/\/miminhosritacatita.com\/en\/wp-json\/wp\/v2\/product\/7239","targetHints":{"allow":["GET"]}}],"collection":[{"href":"https:\/\/miminhosritacatita.com\/en\/wp-json\/wp\/v2\/product"}],"about":[{"href":"https:\/\/miminhosritacatita.com\/en\/wp-json\/wp\/v2\/types\/product"}],"wp:featuredmedia":[{"embeddable":true,"href":"https:\/\/miminhosritacatita.com\/en\/wp-json\/wp\/v2\/media\/26366"}],"wp:attachment":[{"href":"https:\/\/miminhosritacatita.com\/en\/wp-json\/wp\/v2\/media?parent=7239"}],"wp:term":[{"taxonomy":"product_brand","embeddable":true,"href":"https:\/\/miminhosritacatita.com\/en\/wp-json\/wp\/v2\/product_brand?post=7239"},{"taxonomy":"product_cat","embeddable":true,"href":"https:\/\/miminhosritacatita.com\/en\/wp-json\/wp\/v2\/product_cat?post=7239"},{"taxonomy":"product_tag","embeddable":true,"href":"https:\/\/miminhosritacatita.com\/en\/wp-json\/wp\/v2\/product_tag?post=7239"}],"curies":[{"name":"wp","href":"https:\/\/api.w.org\/{rel}","templated":true}]}}