{"id":7142,"date":"2019-03-20T16:03:22","date_gmt":"2019-03-20T16:03:22","guid":{"rendered":"https:\/\/miminhosritacatita.com\/?post_type=product&#038;p=7142"},"modified":"2025-02-11T15:57:12","modified_gmt":"2025-02-11T15:57:12","slug":"convite-padrinhos-batizado-quadrado","status":"publish","type":"product","link":"https:\/\/miminhosritacatita.com\/en\/batizado\/convites-para-padrinhos-de-batizado\/convite-padrinhos-batizado-quadrado\/","title":{"rendered":"Convite Padrinhos Batizado Quadrado"},"content":{"rendered":"<h1>Convite Padrinhos Batizado Quadrado<\/h1>\n<p>Convite Padrinhos Batizado Quadrado<\/p>\n<p><b>O Batismo \u00e9<\/b> das mais importantes fases do crescimento do seu filho e est\u00e1 prestes a chegar. E estamos convencidos de que isso \u00e9 motivo para celebrar.<\/p>\n<p>Todos os detalhes contam, desde o nome do seu filho, \u00e0 data do nascimento, at\u00e9 os convites para padrinhos de batizado \u00e0 lista de convidados!\u00a0 Porque vamos j\u00e1 come\u00e7ar a preparar o <b>Baptism <\/b>mais doce de sempre.<\/p>\n<p>We understand that the credit for <b>Batismo<\/b> \u00e9 seu, mas que a miss\u00e3o \u00e9 nossa. E, por isso, criamos o Convite Padrinhos Batizado Quadrado, \u00fanico e adaptado ao gosto de cada cliente, cumprindo sempre com a qualidade e perfei\u00e7\u00e3o e bom gosto.<\/p>\n<p>Made with love, our<strong> Baptism Godparents Invitations<\/strong> s\u00e3o feitos para cada cliente. Pois na altura em que nascem, todos os beb\u00e9s j\u00e1 tem a sua hist\u00f3ria.<\/p>\n<h2>O nosso Convite Padrinhos Batizado Quadrado<\/h2>\n<p>E, na Miminhos, j\u00e1 sabemos que os convites para padrinhos de batizado s\u00e3o um bom pretexto para contar a sua!<\/p>\n<p>Feitos com amor, os Convites para padrinhos de batizado s\u00e3o feitos para cada cliente, ideia que resulta dos detalhes da sua hist\u00f3ria. Por isso, vamos j\u00e1 conta-la como ela \u00e9, pelas suas palavras.<\/p>\n<p>Temos convites de todas as formas e cores e materiais e tamb\u00e9m a todos os pre\u00e7os. Al\u00e9m disso, o nosso Convite para Padrinhos, \u00e9 feito c\u00e1, j\u00e1 que \u00e9 o que nos d\u00e1 o controlo sobre o prazo de produ\u00e7\u00e3o.<\/p>\n<p>Compre j\u00e1 na Loja Online da Miminhos os produtos que far\u00e3o da sua festa, a melhor. Dos quais, Convites e Lembran\u00e7as e Conjuntos e Livros de Honra.<\/p>\n<ul>\n<li>E ainda, Placards e Caixas de Envelopes e Marcadores de Mesa e Ementas e Cestas.<\/li>\n<\/ul>\n<p>Mas ainda, Baby Shower e Vestidos e Fatos e Topos de Bolo. Para al\u00e9m disso, temos tamb\u00e9m um insufl\u00e1vel e um escorrega para alugar, para si.<\/p>\n<p class=\"font_3\">Inspire-se no nosso trabalho e tenha j\u00e1 mais ideias de <strong>batismo<\/strong>, desde as mais simples, \u00e0s mais elegantes e mais formais, at\u00e9 aos mais divertidos.<\/p>\n<p class=\"font_2\">Assim, combine j\u00e1 o design do seu Convite Padrinhos Batizado com o ambiente que quer apresentar aos seus convidados no dia.<\/p>\n<p class=\"font_3\">Portanto, veja j\u00e1, em baixo alguns tipos de <strong>invitations<\/strong> criados na loja da Miminhos.\u200b<\/p>\n<p><strong>Veja tb: <a href=\"https:\/\/miminhosritacatita.com\/en\/product-category\/batizados\/\">Artigos p Batismo<\/a><\/strong><\/p>\n<p><strong>Follow us on <a href=\"https:\/\/www.instagram.com\/miminhos.rita.catita\/\" target=\"_blank\" rel=\"noopener\">Instagram<\/a><\/strong><\/p>\n<p>&nbsp;<\/p>","protected":false},"excerpt":{"rendered":"<p>Convite Padrinhos Batizado Quadrado, personalizado e impresso ao seu gosto.<\/p>\n<p>Dimens\u00e3o da Caixa: 10x10cm<\/p>\n<p>O pre\u00e7o apresentado \u00e9 unit\u00e1rio<\/p>","protected":false},"featured_media":60865,"template":"","meta":[],"product_brand":[],"product_cat":[858,967],"product_tag":[],"class_list":{"0":"post-7142","1":"product","2":"type-product","3":"status-publish","4":"has-post-thumbnail","6":"product_cat-batizado","7":"product_cat-convites-para-padrinhos-de-batizado","9":"first","10":"instock","11":"taxable","12":"shipping-taxable","13":"purchasable","14":"product-type-simple"},"_links":{"self":[{"href":"https:\/\/miminhosritacatita.com\/en\/wp-json\/wp\/v2\/product\/7142","targetHints":{"allow":["GET"]}}],"collection":[{"href":"https:\/\/miminhosritacatita.com\/en\/wp-json\/wp\/v2\/product"}],"about":[{"href":"https:\/\/miminhosritacatita.com\/en\/wp-json\/wp\/v2\/types\/product"}],"wp:featuredmedia":[{"embeddable":true,"href":"https:\/\/miminhosritacatita.com\/en\/wp-json\/wp\/v2\/media\/60865"}],"wp:attachment":[{"href":"https:\/\/miminhosritacatita.com\/en\/wp-json\/wp\/v2\/media?parent=7142"}],"wp:term":[{"taxonomy":"product_brand","embeddable":true,"href":"https:\/\/miminhosritacatita.com\/en\/wp-json\/wp\/v2\/product_brand?post=7142"},{"taxonomy":"product_cat","embeddable":true,"href":"https:\/\/miminhosritacatita.com\/en\/wp-json\/wp\/v2\/product_cat?post=7142"},{"taxonomy":"product_tag","embeddable":true,"href":"https:\/\/miminhosritacatita.com\/en\/wp-json\/wp\/v2\/product_tag?post=7142"}],"curies":[{"name":"wp","href":"https:\/\/api.w.org\/{rel}","templated":true}]}}