{"id":7032,"date":"2019-03-19T16:20:43","date_gmt":"2019-03-19T16:20:43","guid":{"rendered":"https:\/\/miminhosritacatita.com\/?post_type=product&#038;p=7032"},"modified":"2026-03-25T16:34:38","modified_gmt":"2026-03-25T16:34:38","slug":"lembranca-batismo-latinha-dezena","status":"publish","type":"product","link":"https:\/\/miminhosritacatita.com\/en\/batizado\/lembrancas-de-batizado\/lembranca-batismo-latinha-dezena\/","title":{"rendered":"Lembran\u00e7a Batismo Latinha Dezena"},"content":{"rendered":"<h1>Lembran\u00e7a Batismo Latinha Dezena<\/h1>\n<p>Lembran\u00e7a Batismo Latinha Dezena<\/p>\n<p>O <b>Baptism <\/b>is one of the most important stages in your child's growth and it's just around the corner. And we're convinced that this is a reason to celebrate.<\/p>\n<p>Every detail counts, from your child's name to the date of birth, the christening souvenirs to the guest list! Why don't we start preparing <b>Baptism<\/b> sweetest ever.<\/p>\n<p>We understand that the credit for <b>Baptism<\/b> is yours, but the mission is ours. That's why we create unique souvenirs tailored to the tastes of each client, always delivering on quality, perfection and good taste.<\/p>\n<p>Made with love, our<strong> Baptism Favors<\/strong> are made for each client. Because by the time they are born, every baby has its own story.<\/p>\n<h2>Lembran\u00e7a Batismo Latinha Dezena<\/h2>\n<p>And at Miminhos, we already know that the Baptismal Souvenir is a good excuse to tell yours!<\/p>\n<p>Made with love, christening gifts are made for each client, an idea that stems from the details of their story. So let's tell it like it is, in their own words.<\/p>\n<p>Temos brindes de todas as formas e cores e materiais e tamb\u00e9m a todos os pre\u00e7os. Al\u00e9m disso, a nossa Lembran\u00e7a Batismo Latinha Dezena \u00e9 feita c\u00e1, j\u00e1 que \u00e9 o que nos d\u00e1 o controlo sobre o prazo de produ\u00e7\u00e3o.<\/p>\n<p>Buy the products that will make your party a success in the Miminhos Online Shop now<strong>, <\/strong>the best. Of which, Baptism Invitations and Souvenirs and Honor Sets and Books.<\/p>\n<ul>\n<li>And also Placards and Envelope Boxes and Table Markers and Menus and Baskets.<\/li>\n<\/ul>\n<p>There's also a Baby Shower and Dresses, Costumes and Cake Toppers. We also have an inflatable and a slide for you to rent.<\/p>\n<p class=\"font_3\">Be inspired by our work and get more ideas for<strong> memory of<\/strong> <strong>baptism<\/strong>, from the simplest, to the most elegant and formal, to the most fun.<\/p>\n<p class=\"font_2\">Assim, combine j\u00e1 o design da sua Lembran\u00e7a Batismo com o ambiente que quer apresentar aos seus convidados no dia.<\/p>\n<p class=\"font_3\">So take a look below at some types of <strong>Christening favors<\/strong>\u00a0created in the Miminhos store.<\/p>\n<p><strong>See also: <a href=\"https:\/\/miminhosritacatita.com\/en\/product-category\/batizados\/\">Baptism articles<\/a><\/strong><\/p>\n<p><strong>Follow us on <a href=\"https:\/\/www.instagram.com\/miminhos.rita.catita\/\" target=\"_blank\" rel=\"noopener\">Instagram<\/a><\/strong><\/p>","protected":false},"excerpt":{"rendered":"<p>Lembran\u00e7a Batismo Latinha Dezena, personalizada e impressa ao seu gosto, entre em contacto connosco.<\/p>\n<p>Dimens\u00e3o da Lata: 5cm<\/p>\n<p>Vamos j\u00e1 come\u00e7ar a preparar o <b>Baptism<\/b> sweetest ever.<\/p>\n<p>&nbsp;<\/p>","protected":false},"featured_media":77866,"template":"","meta":[],"product_brand":[],"product_cat":[858,860],"product_tag":[],"class_list":{"0":"post-7032","1":"product","2":"type-product","3":"status-publish","4":"has-post-thumbnail","6":"product_cat-batizado","7":"product_cat-lembrancas-de-batizado","9":"first","10":"instock","11":"taxable","12":"shipping-taxable","13":"purchasable","14":"product-type-simple"},"_links":{"self":[{"href":"https:\/\/miminhosritacatita.com\/en\/wp-json\/wp\/v2\/product\/7032","targetHints":{"allow":["GET"]}}],"collection":[{"href":"https:\/\/miminhosritacatita.com\/en\/wp-json\/wp\/v2\/product"}],"about":[{"href":"https:\/\/miminhosritacatita.com\/en\/wp-json\/wp\/v2\/types\/product"}],"wp:featuredmedia":[{"embeddable":true,"href":"https:\/\/miminhosritacatita.com\/en\/wp-json\/wp\/v2\/media\/77866"}],"wp:attachment":[{"href":"https:\/\/miminhosritacatita.com\/en\/wp-json\/wp\/v2\/media?parent=7032"}],"wp:term":[{"taxonomy":"product_brand","embeddable":true,"href":"https:\/\/miminhosritacatita.com\/en\/wp-json\/wp\/v2\/product_brand?post=7032"},{"taxonomy":"product_cat","embeddable":true,"href":"https:\/\/miminhosritacatita.com\/en\/wp-json\/wp\/v2\/product_cat?post=7032"},{"taxonomy":"product_tag","embeddable":true,"href":"https:\/\/miminhosritacatita.com\/en\/wp-json\/wp\/v2\/product_tag?post=7032"}],"curies":[{"name":"wp","href":"https:\/\/api.w.org\/{rel}","templated":true}]}}