{"id":6628,"date":"2019-03-08T18:23:25","date_gmt":"2019-03-08T18:23:25","guid":{"rendered":"https:\/\/miminhosritacatita.com\/?post_type=product&#038;p=6628"},"modified":"2024-12-02T15:21:30","modified_gmt":"2024-12-02T15:21:30","slug":"convite-batismo-amoroso-e-delicado","status":"publish","type":"product","link":"https:\/\/miminhosritacatita.com\/en\/batizado\/convite-batismo-amoroso-e-delicado\/","title":{"rendered":"Convite Batismo Amoroso e Delicado"},"content":{"rendered":"<ul>\n<li>Convite Batismo Amoroso e Delicado<\/li>\n<\/ul>\n<p>Convite Batismo Amoroso e Delicado<\/p>\n<p><b>O Batismo \u00e9<\/b> das mais importantes fases do crescimento do seu filho e est\u00e1 prestes a chegar. E estamos convencidos de que isso \u00e9 motivo para celebrar.<\/p>\n<p>Todos os detalhes contam, desde o nome do seu filho, \u00e0 data do nascimento, at\u00e9 \u00e0 lista de convidados! Porque vamos j\u00e1 come\u00e7ar a preparar o <b>Baptism<\/b> sweetest ever.<\/p>\n<p>Assim, entendemos que o m\u00e9rito pelo <b>Baptism<\/b> \u00e9 seu, mas que a miss\u00e3o \u00e9 nossa. E, por isso, criamos um convite de batizado \u00fanico e adaptado ao gosto de cada cliente, cumprindo sempre com a qualidade e perfei\u00e7\u00e3o e bom gosto.<\/p>\n<p>Portanto, feitos com amor, os nossos<strong> Christening Invitations<\/strong> are made for each client. Because by the time they are born, every baby has its own story.<\/p>\n<h2>Convite Batismo Amoroso e Delicado<\/h2>\n<p>E, na Miminhos, j\u00e1 sabemos que os Convites de Batizado s\u00e3o um bom pretexto para contar a sua!<\/p>\n<p>Feitos com amor, os Convites de Batizado s\u00e3o feitos para cada cliente, ideia que resulta dos detalhes da sua hist\u00f3ria. Por isso, vamos j\u00e1 conta-la como ela \u00e9, pelas suas palavras.<\/p>\n<p>Temos convites de batizado de todas as formas e cores e materiais e tamb\u00e9m a todos os pre\u00e7os. Al\u00e9m disso, o nosso Convite Batizado Gaiola Menino, \u00e9 feito c\u00e1, j\u00e1 que \u00e9 o que nos d\u00e1 o controlo sobre o prazo de produ\u00e7\u00e3o.<\/p>\n<p>Compre j\u00e1 na Loja Online da Miminhos os produtos que far\u00e3o da sua festa, a melhor. Dos quais, Convite de batizado, Lembran\u00e7as de batizado, Conjuntos e Livros de Honra.<\/p>\n<p>E ainda,<\/p>\n<p>Signs<\/p>\n<p>Envelope Boxes<\/p>\n<p>Table markers<\/p>\n<p>Ementas e Cestas.<\/p>\n<p>There's also a Baby Shower and Dresses, Costumes and Cake Toppers. We also have an inflatable and a slide for you to rent.<\/p>\n<p class=\"font_3\">Portanto, inspire-se no nosso trabalho e tenha j\u00e1 mais ideias de <strong>convites de<\/strong> <strong>baptism<\/strong>, from the simplest, to the most elegant and formal, to the most fun.<\/p>\n<p class=\"font_2\">Assim, combine j\u00e1 o design do seu Convite Batizado Gaiola Menino com o ambiente que quer apresentar aos seus convidados no dia.<\/p>\n<p class=\"font_3\">So take a look below at some types of <strong>convites de batismo <\/strong>criados na loja da Miminhos.\u200b<\/p>\n<p><strong>See also: <a href=\"https:\/\/miminhosritacatita.com\/en\/product-category\/batizados\/\">Baptism articles<\/a><\/strong><\/p>\n<p><strong>Follow us on <a href=\"https:\/\/www.instagram.com\/miminhos.rita.catita\/\" target=\"_blank\" rel=\"noopener\">Instagram<\/a><\/strong><\/p>","protected":false},"excerpt":{"rendered":"<p>Convite Batismo Amoroso e Delicado, personalizado e impresso ao seu gosto.<\/p>\n<p>Se desejar mudar as cores, por favor indique nas notas.<\/p>\n<p>Dimens\u00e3o: 12 x 17cm<\/p>","protected":false},"featured_media":41914,"template":"","meta":[],"product_brand":[],"product_cat":[858,859],"product_tag":[],"class_list":{"0":"post-6628","1":"product","2":"type-product","3":"status-publish","4":"has-post-thumbnail","6":"product_cat-batizado","7":"product_cat-convites-de-batizado","9":"first","10":"instock","11":"taxable","12":"shipping-taxable","13":"purchasable","14":"product-type-simple"},"_links":{"self":[{"href":"https:\/\/miminhosritacatita.com\/en\/wp-json\/wp\/v2\/product\/6628","targetHints":{"allow":["GET"]}}],"collection":[{"href":"https:\/\/miminhosritacatita.com\/en\/wp-json\/wp\/v2\/product"}],"about":[{"href":"https:\/\/miminhosritacatita.com\/en\/wp-json\/wp\/v2\/types\/product"}],"wp:featuredmedia":[{"embeddable":true,"href":"https:\/\/miminhosritacatita.com\/en\/wp-json\/wp\/v2\/media\/41914"}],"wp:attachment":[{"href":"https:\/\/miminhosritacatita.com\/en\/wp-json\/wp\/v2\/media?parent=6628"}],"wp:term":[{"taxonomy":"product_brand","embeddable":true,"href":"https:\/\/miminhosritacatita.com\/en\/wp-json\/wp\/v2\/product_brand?post=6628"},{"taxonomy":"product_cat","embeddable":true,"href":"https:\/\/miminhosritacatita.com\/en\/wp-json\/wp\/v2\/product_cat?post=6628"},{"taxonomy":"product_tag","embeddable":true,"href":"https:\/\/miminhosritacatita.com\/en\/wp-json\/wp\/v2\/product_tag?post=6628"}],"curies":[{"name":"wp","href":"https:\/\/api.w.org\/{rel}","templated":true}]}}