{"id":6327,"date":"2019-03-07T18:16:44","date_gmt":"2019-03-07T18:16:44","guid":{"rendered":"https:\/\/miminhosritacatita.com\/?post_type=product&#038;p=6327"},"modified":"2025-11-13T14:49:34","modified_gmt":"2025-11-13T14:49:34","slug":"convite-bodas-prata-original","status":"publish","type":"product","link":"https:\/\/miminhosritacatita.com\/en\/bodas\/bodas-de-prata\/convites-bodas-de-prata\/convite-bodas-prata-original\/","title":{"rendered":"Convite Bodas Prata Original"},"content":{"rendered":"<h1>Convite Bodas Prata Original<\/h1>\n<p>Convite Bodas Prata Original<\/p>\n<p><b>As Bodas s\u00e3o<\/b> uma celebra\u00e7\u00e3o muito importante e est\u00e3o prestes a chegar. E estamos convencidos de que isso \u00e9 motivo para celebrar.<\/p>\n<p>Todos temos uma hist\u00f3ria. E, por isso, n\u00f3s suspeitamos de que os Convite Bodas Prata Original<strong>\u00a0<\/strong>are a good excuse to tell us about yours!<\/p>\n<p>Todos os detalhes contam, desde o namoro, \u00e0 data do casamento, at\u00e9 \u00e0 lista de convidados!\u00a0 Ent\u00e3o vamos j\u00e1 come\u00e7ar a preparar as Bodas de Prata mais doces de sempre.<\/p>\n<p>Entendemos que o m\u00e9rito pelas<b> Silver Anniversary<\/b> \u00e9 seu, mas que a miss\u00e3o \u00e9 nossa. E, por isso, criamos produtos \u00fanicos e adaptados ao gosto de cada cliente, cumprindo sempre com a qualidade e perfei\u00e7\u00e3o e bom gosto.<\/p>\n<p>Made with love, our<strong> Convite de Bodas de Prata <\/strong>s\u00e3o feitos para cada cliente.<\/p>\n<h2>O Convite Bodas Prata Original<\/h2>\n<p>Pela altura em que casam, todos os casais j\u00e1 tem uma hist\u00f3ria. E, na Miminhos, j\u00e1 sabemos que os Convites s\u00e3o um bom pretexto para contar a sua!<\/p>\n<p>Feitos com amor, os Convite Bodas Prata s\u00e3o feitos para cada cliente, ideia que resulta dos detalhes da sua hist\u00f3ria. Por isso, vamos j\u00e1 conta-la como ela \u00e9, pelas suas palavras.<\/p>\n<p>Assim, temos convites de todas as formas e cores e materiais e tamb\u00e9m a todos os pre\u00e7os. Al\u00e9m disso, os nossos Convites s\u00e3o feitos c\u00e1, j\u00e1 que \u00e9 o que nos d\u00e1 o controlo sobre o prazo de produ\u00e7\u00e3o.<\/p>\n<p>Compre j\u00e1 na Loja Online da Miminhos os produtos que far\u00e3o da sua festa, a melhor. Dos quais, Convites de Bodas Prata, Lembran\u00e7as para Bodas de Prata, Topos de Bolo para Bodas de Prata, Porta Alian\u00e7as e Livros de Honra.<\/p>\n<ul>\n<li>And also Placards and Envelope Boxes and Table Markers and Menus and Baskets.<\/li>\n<\/ul>\n<p class=\"font_3\">So be inspired by our work and get more wedding ideas now, from the simplest, to the most elegant and formal, to the most fun.<\/p>\n<p class=\"font_2\">Dessa forma, combine j\u00e1 o design do seu Convite com o ambiente que quer apresentar aos seus convidados no dia.<\/p>\n<p class=\"font_3\">So take a look below at some types of <strong>invitations<\/strong> criados na loja da Miminhos.\u200b<\/p>\n<p><strong>See Also: <a href=\"https:\/\/miminhosritacatita.com\/en\/product-category\/golden-anniversary\/golden-wedding-anniversary-gifts\/\">Prendas p\/ Bodas de Ouro<\/a><\/strong><\/p>\n<p><strong>Visit our <a href=\"https:\/\/www.instagram.com\/miminhos.rita.catita\/\" target=\"_blank\" rel=\"noopener\">Instagram<\/a><\/strong><\/p>","protected":false},"excerpt":{"rendered":"<p>Convite Bodas Prata Original<\/p>\n<p>Dimens\u00e3o: 10 x 20cm<\/p>\n<p>Podem ser personalizados a seu gosto!<\/p>","protected":false},"featured_media":65979,"template":"","meta":[],"product_brand":[],"product_cat":[854],"product_tag":[],"class_list":{"0":"post-6327","1":"product","2":"type-product","3":"status-publish","4":"has-post-thumbnail","6":"product_cat-convites-bodas-de-prata","8":"first","9":"instock","10":"taxable","11":"shipping-taxable","12":"purchasable","13":"product-type-simple"},"_links":{"self":[{"href":"https:\/\/miminhosritacatita.com\/en\/wp-json\/wp\/v2\/product\/6327","targetHints":{"allow":["GET"]}}],"collection":[{"href":"https:\/\/miminhosritacatita.com\/en\/wp-json\/wp\/v2\/product"}],"about":[{"href":"https:\/\/miminhosritacatita.com\/en\/wp-json\/wp\/v2\/types\/product"}],"wp:featuredmedia":[{"embeddable":true,"href":"https:\/\/miminhosritacatita.com\/en\/wp-json\/wp\/v2\/media\/65979"}],"wp:attachment":[{"href":"https:\/\/miminhosritacatita.com\/en\/wp-json\/wp\/v2\/media?parent=6327"}],"wp:term":[{"taxonomy":"product_brand","embeddable":true,"href":"https:\/\/miminhosritacatita.com\/en\/wp-json\/wp\/v2\/product_brand?post=6327"},{"taxonomy":"product_cat","embeddable":true,"href":"https:\/\/miminhosritacatita.com\/en\/wp-json\/wp\/v2\/product_cat?post=6327"},{"taxonomy":"product_tag","embeddable":true,"href":"https:\/\/miminhosritacatita.com\/en\/wp-json\/wp\/v2\/product_tag?post=6327"}],"curies":[{"name":"wp","href":"https:\/\/api.w.org\/{rel}","templated":true}]}}