{"id":63038,"date":"2025-04-09T12:03:28","date_gmt":"2025-04-09T12:03:28","guid":{"rendered":"https:\/\/miminhosritacatita.com\/?post_type=product&#038;p=63038"},"modified":"2025-04-09T12:13:06","modified_gmt":"2025-04-09T12:13:06","slug":"caixa-bijutaria-presente-dia-mae","status":"publish","type":"product","link":"https:\/\/miminhosritacatita.com\/en\/presentes-personalizados\/prendas-dia-da-mae\/caixa-bijutaria-presente-dia-mae\/","title":{"rendered":"Caixa Bijutaria Presente Dia M\u00e3e"},"content":{"rendered":"<h1>Caixa Bijutaria Presente Dia M\u00e3e<\/h1>\n<p>Caixa Bijutaria Presente Dia M\u00e3e<\/p>\n<p>They say the secret is in the details... And we believe it! In our store, Mother's Day gifts are some of our favorite details.<\/p>\n<p>So, for Mother's Day... what gift will you choose? Think! because this is where personal style will shine!<\/p>\n<h2>Caixa Bijutaria Presente Dia M\u00e3e<\/h2>\n<p>Therefore, made with love, our products are made for each customer, an idea that stems from the details of their story. So let's tell it like it is, in your own words.<\/p>\n<p>No entanto, temos, na nossa loja, Caixa Bijutaria Dia da M\u00e3e, para v\u00e1rios pre\u00e7os e gostos, mantendo sempre a promessa de qualidade.<\/p>\n<p>The credit for the gift is yours, but the mission is ours. And that's why we create products tailored to the taste of each client, always fulfilling quality, perfection and good taste.<\/p>\n<p>So find the answer to all the details that will make this day unique right here.<\/p>\n<ul>\n<li>Of which, the frames with your photo and a special message \/ the Hammer with a message \/ or the Bedroom Slippers \/ or the Original Mom Gift \/ or the piggy bank frame for Mom's dreams.<\/li>\n<\/ul>\n<p>So find the answer to all the details that will make your party unique in the Online Shop.<\/p>\n<p>What's more, for this special day we also have more different and original gifts to offer the Best Mom, a Chocolate Box to your liking \/ or a box with chocolates and a drink \/ or Chocolates with a message.<\/p>\n<p>Encontre aqui o prenda ideal para a melhor m\u00e3e do mundo, encomende j\u00e1 a Caixa Bijutaria Presente Dia M\u00e3e.<\/p>\n<p>See Also: <a href=\"https:\/\/miminhosritacatita.com\/en\/product\/brides-agenda\/\">Bride's Schedule<\/a><\/p>\n<p><strong>Follow us on<a href=\"https:\/\/www.instagram.com\/miminhos.rita.catita\/\" target=\"_blank\" rel=\"noopener\"> Instagram<\/a><\/strong><\/p>","protected":false},"excerpt":{"rendered":"<p>Caixa Bijutaria Presente Dia M\u00e3e<\/p>\n<p>Caixa em veludo p\u00e9rola<\/p>\n<p>Dimens\u00e3o: 20 x 15cm<\/p>\n<p>O dia da m\u00e3e \u00e9 no primeiro domingo de Maio, vamos surpreende-la com algo original?<\/p>\n<p>&nbsp;<\/p>","protected":false},"featured_media":63041,"template":"","meta":[],"product_brand":[],"product_cat":[1076],"product_tag":[],"class_list":{"0":"post-63038","1":"product","2":"type-product","3":"status-publish","4":"has-post-thumbnail","6":"product_cat-prendas-dia-da-mae","8":"first","9":"instock","10":"taxable","11":"shipping-taxable","12":"purchasable","13":"product-type-simple"},"_links":{"self":[{"href":"https:\/\/miminhosritacatita.com\/en\/wp-json\/wp\/v2\/product\/63038","targetHints":{"allow":["GET"]}}],"collection":[{"href":"https:\/\/miminhosritacatita.com\/en\/wp-json\/wp\/v2\/product"}],"about":[{"href":"https:\/\/miminhosritacatita.com\/en\/wp-json\/wp\/v2\/types\/product"}],"wp:featuredmedia":[{"embeddable":true,"href":"https:\/\/miminhosritacatita.com\/en\/wp-json\/wp\/v2\/media\/63041"}],"wp:attachment":[{"href":"https:\/\/miminhosritacatita.com\/en\/wp-json\/wp\/v2\/media?parent=63038"}],"wp:term":[{"taxonomy":"product_brand","embeddable":true,"href":"https:\/\/miminhosritacatita.com\/en\/wp-json\/wp\/v2\/product_brand?post=63038"},{"taxonomy":"product_cat","embeddable":true,"href":"https:\/\/miminhosritacatita.com\/en\/wp-json\/wp\/v2\/product_cat?post=63038"},{"taxonomy":"product_tag","embeddable":true,"href":"https:\/\/miminhosritacatita.com\/en\/wp-json\/wp\/v2\/product_tag?post=63038"}],"curies":[{"name":"wp","href":"https:\/\/api.w.org\/{rel}","templated":true}]}}