{"id":60547,"date":"2024-09-16T14:02:28","date_gmt":"2024-09-16T14:02:28","guid":{"rendered":"https:\/\/miminhosritacatita.com\/?post_type=product&#038;p=60547"},"modified":"2024-12-23T12:02:29","modified_gmt":"2024-12-23T12:02:29","slug":"garrafa-vidro-50ml-licor","status":"publish","type":"product","link":"https:\/\/miminhosritacatita.com\/en\/casamento\/acessorios-para-noiva\/materiais\/garrafa-vidro-50ml-licor\/","title":{"rendered":"Garrafa Vidro 50ml Licor"},"content":{"rendered":"<h1>Garrafa Vidro 50ml Licor<\/h1>\n<p>Garrafa Vidro 50ml Licor<\/p>\n<p>Dizem que o segredo est\u00e1 nos detalhes\u2026 E n\u00f3s acreditamos, na nossa loja os Materiais para criar s\u00e3o dos nossos detalhes favoritos, como Garrafas de vidro para colocar licores.<\/p>\n<p>Assim, para qualquer evento\u2026 Qual ser\u00e1 o escolhido? Pense!, porque \u00e9 aqui que o estilo pessoal vai brilhar!<\/p>\n<h2>Garrafa Vidro 50ml Licor<\/h2>\n<p>Therefore, made with love, our products are made for each customer, an idea that stems from the details of their story. So let's tell it like it is, in your own words.<\/p>\n<p>No entanto, temos, na nossa loja, Garrafas de vidro, arames, acess\u00f3rios para batizado e comunh\u00e3o, para v\u00e1rios pre\u00e7os e gostos, mantendo sempre a promessa de qualidade.<\/p>\n<p>O m\u00e9rito pelo \u00e9 seu, mas que a miss\u00e3o \u00e9 nossa. E, por isso, criamos produtos feitos ao gosto de cada cliente, cumprindo sempre com a qualidade e perfei\u00e7\u00e3o e bom gosto.<\/p>\n<p>So find the answer to all the details that will make this day unique right here.<\/p>\n<ul>\n<li>Dos quais, Garrafas em vidro, rolhas de corti\u00e7a para garrafas, fitas, p\u00e9rolas, acess\u00f3rios e muito mais.<\/li>\n<\/ul>\n<p>Assim, encontre na Loja Online a resposta para todos os detalhes que far\u00e3o a sua festa \u00fanica, com uma grande variedade de produtos consegue facilmente fazer os seus produtos personalizados a seu gosto.<\/p>\n<p>&nbsp;<\/p>\n<p>Os materiais para manualidades s\u00e3o fundamentais para a cria\u00e7\u00e3o de eventos memor\u00e1veis e personalizados. Na nossa empresa, comprometemo-nos a fornecer produtos de alta qualidade que refletem a nossa paix\u00e3o e dedica\u00e7\u00e3o. Utilizamos garrafas de vidro, papel e cartolina, e tecidos e fitas para garantir que cada detalhe do seu evento seja perfeito.<\/p>\n<p>Encontre aqui os acess\u00f3rios para criar as suas pr\u00f3prias pe\u00e7as, desde convites a lembran\u00e7as, as nossas garrafas s\u00e3o de boa qualidade e resistentes.<\/p>\n<p>See Also: <a href=\"https:\/\/miminhosritacatita.com\/en\/product\/brides-agenda\/\">Bride's Schedule<\/a><\/p>\n<p><strong>Follow us on<a href=\"https:\/\/www.instagram.com\/miminhos.rita.catita\/\" target=\"_blank\" rel=\"noopener\"> Instagram<\/a><\/strong><\/p>","protected":false},"excerpt":{"rendered":"<p>Garrafa Vidro 50ml Licor &#8211; Miniatura de Favaio vazia<\/p>\n<p>Capacidade: 50ml<\/p>\n<p>Material: Vidro<\/p>\n<p>Dimens\u00e3o: 10,5 altura x 3,5 di\u00e2metro<\/p>\n<p>N\u00e3o inclui rolha<\/p>","protected":false},"featured_media":60560,"template":"","meta":[],"product_brand":[],"product_cat":[1218,495],"product_tag":[],"class_list":{"0":"post-60547","1":"product","2":"type-product","3":"status-publish","4":"has-post-thumbnail","6":"product_cat-materiais","7":"product_cat-acessorios-para-noiva","9":"first","10":"instock","11":"taxable","12":"shipping-taxable","13":"purchasable","14":"product-type-simple"},"_links":{"self":[{"href":"https:\/\/miminhosritacatita.com\/en\/wp-json\/wp\/v2\/product\/60547","targetHints":{"allow":["GET"]}}],"collection":[{"href":"https:\/\/miminhosritacatita.com\/en\/wp-json\/wp\/v2\/product"}],"about":[{"href":"https:\/\/miminhosritacatita.com\/en\/wp-json\/wp\/v2\/types\/product"}],"wp:featuredmedia":[{"embeddable":true,"href":"https:\/\/miminhosritacatita.com\/en\/wp-json\/wp\/v2\/media\/60560"}],"wp:attachment":[{"href":"https:\/\/miminhosritacatita.com\/en\/wp-json\/wp\/v2\/media?parent=60547"}],"wp:term":[{"taxonomy":"product_brand","embeddable":true,"href":"https:\/\/miminhosritacatita.com\/en\/wp-json\/wp\/v2\/product_brand?post=60547"},{"taxonomy":"product_cat","embeddable":true,"href":"https:\/\/miminhosritacatita.com\/en\/wp-json\/wp\/v2\/product_cat?post=60547"},{"taxonomy":"product_tag","embeddable":true,"href":"https:\/\/miminhosritacatita.com\/en\/wp-json\/wp\/v2\/product_tag?post=60547"}],"curies":[{"name":"wp","href":"https:\/\/api.w.org\/{rel}","templated":true}]}}