{"id":59871,"date":"2024-06-05T16:47:11","date_gmt":"2024-06-05T16:47:11","guid":{"rendered":"https:\/\/miminhosritacatita.com\/?post_type=product&#038;p=59871"},"modified":"2026-03-27T12:07:40","modified_gmt":"2026-03-27T12:07:40","slug":"modulo-anual-agenda-weddingplanner","status":"publish","type":"product","link":"https:\/\/miminhosritacatita.com\/en\/agendas\/agenda-profissional-wedding-planners\/modulo-anual-agenda-weddingplanner\/","title":{"rendered":"M\u00f3dulo Anual Agenda WeddingPlanner"},"content":{"rendered":"<h1>M\u00f3dulo Anual Agenda WeddingPlanner<\/h1>\n<p>M\u00f3dulo Anual Agenda WeddingPlanner<\/p>\n<p>Welcome to the new era of wedding planning! A\u00a0<strong>Professional Diary for Wedding Planners<\/strong> is an essential tool for professionals who turn dreams into reality.<\/p>\n<p>So, with a smart design and innovative features, this planner is designed to make the job of wedding planners easier.<\/p>\n<h2>M\u00f3dulo Anual Agenda WeddingPlanner<\/h2>\n<p><strong>Main features:<\/strong><\/p>\n<p><strong>A5 size:<\/strong> Compact and portable, the planner fits easily into a bag or backpack, allowing wedding planners to take it with them to meetings, supplier visits and events.<\/p>\n<p><strong>Two Years of Planning:<\/strong> With a weekly view, the agenda covers two whole years, ensuring that no detail is forgotten. However, each week is divided into sections to make it easier to keep track of tasks.<\/p>\n<p><strong>Grommet system:<\/strong> The rings allow you to add and remove modules as required. So flexibility is the key word here. You can customize the agenda according to each specific wedding.<\/p>\n<h3><strong>Couples Module:<br \/>\n<\/strong><\/h3>\n<ul>\n<li><strong>Decorations:<\/strong> So take note of creative ideas for decorating the ceremony and reception.<\/li>\n<li><strong>Food restrictions:<\/strong> So take note of the food preferences of the bride and groom and their guests.<\/li>\n<li><strong>Timeline:<\/strong>\u00a0Detail every stage of the big day, from the preparation to the party.<\/li>\n<li><strong>Checklist:<\/strong> Don't leave anything to chance! So list all the tasks to be done.<\/li>\n<\/ul>\n<p>&nbsp;<\/p>\n<ul>\n<li><strong>Guest List:<\/strong>\u00a0Keep track of who will be there.<\/li>\n<li><strong>Expenses organizer:<\/strong> Record budgets, payments and related expenses.<\/li>\n<li><strong>Space for organizing tables:<\/strong> Plan the arrangement of guests at the reception.<\/li>\n<li><strong>Sheet for notes and sketches:<\/strong>\u00a0Ideal for meetings with the bride and groom. Draw, annotate and erase as necessary.<\/li>\n<\/ul>\n<p>&nbsp;<\/p>\n<p><strong>Acetate pen included:<\/strong> That's why it comes with a special pen for writing and erasing on the sheet dedicated to sketches.<\/p>\n<p><strong>Eight Modules, Eight Weddings:<\/strong> With eight modules, you can organize up to eight weddings simultaneously. Each module has a tab for easy navigation.<\/p>\n<p><strong>Internal pocket:<\/strong> So keep important documents, business cards and additional notes.<\/p>\n<p><strong>Laminated and washable cover:<\/strong> The sturdy cover protects the diary from wear and tear and stains. So you can use it for years to come.<\/p>\n<p><strong>Annual modules:<\/strong> So you can add years to your Wedding Planners Professional Diary as and when you need them, without having to buy a new diary.<\/p>\n<p><strong>Annual view: <\/strong>The Annual View gives you a clearer and quicker idea of the events to be held and the days occupied.<\/p>\n<h4>Finally, whether you're an experienced wedding planner or just starting out in this exciting career, the <strong>Professional Diary for Wedding Planners<\/strong> is your perfect ally.<\/h4>\n<p>Finally, turn details into unforgettable moments and be part of each couple's journey of love.<\/p>\n<p>&nbsp;<\/p>\n<p><strong>See Also:<\/strong><a href=\"https:\/\/miminhosritacatita.com\/en\/product\/topo-de-bolo-acrilico-impresso\/\"> Cake Toppers<\/a><\/p>\n<p><strong>Visit our Facebook:<\/strong> <a href=\"https:\/\/www.facebook.com\/pg\/miminhos.ritacatita\/photos\/?tab=albums\" target=\"_blank\" rel=\"noopener\">Cuddles Rita Catita<\/a><\/p>","protected":false},"excerpt":{"rendered":"<p>M\u00f3dulo Anual Agenda WeddingPlanner<\/p>\n<p>Na nossa Agenda para wedding planners \u00e9 poss\u00edvel comprar apenas m\u00f3dulos anuais, neste valor est\u00e1 inclu\u00eddo um ano de Agenda com Vista semanal, assim como o Calend\u00e1rio de Vista anual, do mesmo ano pretendido.<\/p>\n<p>Size: A5<\/p>\n<p>&nbsp;<\/p>\n<p>&nbsp;<\/p>","protected":false},"featured_media":59867,"template":"","meta":[],"product_brand":[],"product_cat":[1096,1216],"product_tag":[],"class_list":{"0":"post-59871","1":"product","2":"type-product","3":"status-publish","4":"has-post-thumbnail","6":"product_cat-agendas","7":"product_cat-agenda-profissional-wedding-planners","9":"first","10":"instock","11":"featured","12":"taxable","13":"shipping-taxable","14":"purchasable","15":"product-type-simple"},"_links":{"self":[{"href":"https:\/\/miminhosritacatita.com\/en\/wp-json\/wp\/v2\/product\/59871","targetHints":{"allow":["GET"]}}],"collection":[{"href":"https:\/\/miminhosritacatita.com\/en\/wp-json\/wp\/v2\/product"}],"about":[{"href":"https:\/\/miminhosritacatita.com\/en\/wp-json\/wp\/v2\/types\/product"}],"wp:featuredmedia":[{"embeddable":true,"href":"https:\/\/miminhosritacatita.com\/en\/wp-json\/wp\/v2\/media\/59867"}],"wp:attachment":[{"href":"https:\/\/miminhosritacatita.com\/en\/wp-json\/wp\/v2\/media?parent=59871"}],"wp:term":[{"taxonomy":"product_brand","embeddable":true,"href":"https:\/\/miminhosritacatita.com\/en\/wp-json\/wp\/v2\/product_brand?post=59871"},{"taxonomy":"product_cat","embeddable":true,"href":"https:\/\/miminhosritacatita.com\/en\/wp-json\/wp\/v2\/product_cat?post=59871"},{"taxonomy":"product_tag","embeddable":true,"href":"https:\/\/miminhosritacatita.com\/en\/wp-json\/wp\/v2\/product_tag?post=59871"}],"curies":[{"name":"wp","href":"https:\/\/api.w.org\/{rel}","templated":true}]}}