{"id":4998,"date":"2018-12-03T15:25:55","date_gmt":"2018-12-03T15:25:55","guid":{"rendered":"https:\/\/miminhosritacatita.com\/?post_type=product&#038;p=4998"},"modified":"2024-12-24T10:40:04","modified_gmt":"2024-12-24T10:40:04","slug":"tule-carros-casamento-noivos","status":"publish","type":"product","link":"https:\/\/miminhosritacatita.com\/en\/casamento\/decoracao-para-carros\/tule-carros-casamento-noivos\/","title":{"rendered":"Tule Carros Casamento Noivos"},"content":{"rendered":"<h1>Tule Carros Casamento Noivos<\/h1>\n<p>Tule Carros Casamento Noivos<\/p>\n<p>Dizem que o segredo est\u00e1 nos detalhes\u2026 E n\u00f3s acreditamos! Na nossa loja os Cora\u00e7\u00f5es s\u00e3o dos nossos detalhes favoritos.<\/p>\n<p>Dos robes \u00e0s ligas\u2026 Como ser\u00e3o o vosso Fitas para Carros Casamento convidados? Pense!, porque \u00e9 aqui que o estilo pessoal vai brilhar!<\/p>\n<p>Feitos com amor, os nossos Cora\u00e7\u00f5es s\u00e3o feitos para cada cliente, ideia que resulta dos detalhes da sua hist\u00f3ria. Por isso, vamos j\u00e1 conta-la como ela \u00e9, pelas suas palavras.<\/p>\n<p>Temos, na nossa loja, v\u00e1rios Acess\u00f3rios de Carros, para v\u00e1rios pre\u00e7os e gostos, mantendo sempre a promessa de qualidade.<\/p>\n<h2>O Tule Carros Casamento Noivos<\/h2>\n<p>We understand that the credit for <b>Wedding<\/b> It's yours, but the mission is ours. And because of that, we create products tailored to each client's taste, always delivering quality, perfection, and good taste.<\/p>\n<p>Tamb\u00e9m alugamos carros para o transporte dos noivos. Para saber o pre\u00e7o contacte-nos e informe:<\/p>\n<ul>\n<li>Data do Evento<\/li>\n<li>Collection address<\/li>\n<li>Morada da Igreja<\/li>\n<li>Local da boda.<\/li>\n<\/ul>\n<p>Thus, we still have an inflatable and a slide available for rent. Therefore, request your quote by stating the date of the event and whether you wish to pick it up at our store or if you would like us to come to the event location for setup\/disassembly.<\/p>\n<p>Encontre aqui a resposta para todos os detalhes que far\u00e3o o seu Casamento \u00fanico, sendo o tule \u00e9 sua melhor op\u00e7\u00e3o. Dos quais Convites \/ Porta Alian\u00e7as \/ Livros de Honra \/ Lembran\u00e7as.<\/p>\n<p>Mas tamb\u00e9m, as Cestas de Lembran\u00e7as \/ e os Photo Booth \/ e os Cabides. Assim como Flutes \/ e Talheres \/ e os Bal\u00f5es \/ e os Sparklers \/ e Placas \u201cL\u00e1 Vem a Noiva\u201d.<\/p>\n<p>Assim, encontre na Loja Online a resposta para todos os pormenores que far\u00e3o a sua festa \u00fanica. Seja como for, entre em contacto connosco e fa\u00e7a j\u00e1 o seu or\u00e7amento.<\/p>\n<p>Tamb\u00e9m temos Ramos de Noiva Artificiais \/ e os Ramos de Solteiras \/ e Caixas de Envelopes. E ainda, as Ofertas a Pais e Padrinhos \/ e as Argolas de Guardanapos\/ e a Tule Carros Casamento Noivos.<\/p>\n<p><strong>Veja Tb: <a href=\"https:\/\/miminhosritacatita.com\/en\/product\/brides-agenda\/\">Bride's Schedule<\/a><\/strong><\/p>\n<p><strong>Follow us on <a href=\"https:\/\/www.instagram.com\/miminhos.rita.catita\/\" target=\"_blank\" rel=\"noopener\">Instagram<\/a><\/strong><\/p>","protected":false},"excerpt":{"rendered":"<p>Tule Carros Casamento Noivos<\/p>\n<p>Valor por rolo de 8cm x 40mts<\/p>\n<p>Portanto, pode escolher a quantidade de metros pretendida e a cor que pretende de forma a combinar com a sua decora\u00e7\u00e3o!<\/p>\n<p>&nbsp;<\/p>\n<p>&nbsp;<\/p>\n<p>&nbsp;<\/p>\n<p>&nbsp;<\/p>\n<p>&nbsp;<\/p>\n<p>&nbsp;<\/p>\n<p>&nbsp;<\/p>","protected":false},"featured_media":5015,"template":"","meta":[],"product_brand":[],"product_cat":[600],"product_tag":[],"class_list":{"0":"post-4998","1":"product","2":"type-product","3":"status-publish","4":"has-post-thumbnail","6":"product_cat-decoracao-para-carros","8":"first","9":"instock","10":"taxable","11":"shipping-taxable","12":"purchasable","13":"product-type-variable"},"_links":{"self":[{"href":"https:\/\/miminhosritacatita.com\/en\/wp-json\/wp\/v2\/product\/4998","targetHints":{"allow":["GET"]}}],"collection":[{"href":"https:\/\/miminhosritacatita.com\/en\/wp-json\/wp\/v2\/product"}],"about":[{"href":"https:\/\/miminhosritacatita.com\/en\/wp-json\/wp\/v2\/types\/product"}],"wp:featuredmedia":[{"embeddable":true,"href":"https:\/\/miminhosritacatita.com\/en\/wp-json\/wp\/v2\/media\/5015"}],"wp:attachment":[{"href":"https:\/\/miminhosritacatita.com\/en\/wp-json\/wp\/v2\/media?parent=4998"}],"wp:term":[{"taxonomy":"product_brand","embeddable":true,"href":"https:\/\/miminhosritacatita.com\/en\/wp-json\/wp\/v2\/product_brand?post=4998"},{"taxonomy":"product_cat","embeddable":true,"href":"https:\/\/miminhosritacatita.com\/en\/wp-json\/wp\/v2\/product_cat?post=4998"},{"taxonomy":"product_tag","embeddable":true,"href":"https:\/\/miminhosritacatita.com\/en\/wp-json\/wp\/v2\/product_tag?post=4998"}],"curies":[{"name":"wp","href":"https:\/\/api.w.org\/{rel}","templated":true}]}}