{"id":4965,"date":"2018-11-30T15:48:31","date_gmt":"2018-11-30T15:48:31","guid":{"rendered":"https:\/\/miminhosritacatita.com\/?post_type=product&#038;p=4965"},"modified":"2025-01-17T15:51:19","modified_gmt":"2025-01-17T15:51:19","slug":"placa-casamento-oval-criativa","status":"publish","type":"product","link":"https:\/\/miminhosritacatita.com\/en\/casamento\/placas-para-casamento\/placa-casamento-oval-criativa\/","title":{"rendered":"Placa Casamento Oval Criativa"},"content":{"rendered":"<h1>Placa Casamento Oval Criativa<\/h1>\n<p>Placa Casamento Oval Criativa<\/p>\n<p>Dizem que o segredo est\u00e1 nos detalhes\u2026 E n\u00f3s acreditamos! Na nossa loja a Placa Casamento Oval Criativa \u00e9 dos nossos detalhes favoritos.<\/p>\n<p>Das Placas de casamento \u00e0s ligas\u2026 Como ser\u00e3o as suas? Pense!, porque \u00e9 aqui que o estilo pessoal vai brilhar!<\/p>\n<p>Feitos com amor, as nossas Placas de Casamento s\u00e3o feitas para cada cliente, ideia que resulta dos detalhes da sua hist\u00f3ria. Por isso, vamos j\u00e1 conta-la como ela \u00e9, pelas suas palavras.<\/p>\n<p>Temos, na nossa loja, v\u00e1rias Placas para Casamento para v\u00e1rios pre\u00e7os e gostos, mantendo sempre a promessa de qualidade.<\/p>\n<h2>A Placa Casamento Oval Criativa<\/h2>\n<p>We understand that the credit for <b>Wedding<\/b> It's yours, but the mission is ours. And because of that, we create products tailored to each client's taste, always delivering quality, perfection, and good taste.<\/p>\n<p>Assim, encontre na Loja Online a resposta para todos os pormenores que far\u00e3o a sua festa \u00fanica, como a Placa Casamento Oval. Tamb\u00e9m alugamos carros para o transporte dos noivos.<\/p>\n<p>Assim, temos ainda para alugar um insufl\u00e1vel e um escorrega. Portanto, pe\u00e7a o seu or\u00e7amento dizendo em que dia ser\u00e1 o evento e se o deseja levantar em loja ou se pretende que nos desloquemos ao local do evento para a montagem \/ e a desmontagem.<\/p>\n<p>Seja com for, encontre aqui a resposta para todos os detalhes que far\u00e3o o seu Casamento \u00fanico. Portanto dos quais:<\/p>\n<ul>\n<li>Placas de casamento \/ Convites \/ Porta Alian\u00e7as \/ Livros de Honra \/ Lembran\u00e7as. Mas tamb\u00e9m, as Cestas de Lembran\u00e7as \/ e os Photo Booth \/ e os Cabides. Assim como Flutes \/ e Talheres \/ e os Bal\u00f5es \/ e os Sparklers \/ Ard\u00f3sia Personalizada \/ e Placas para casamento.<\/li>\n<\/ul>\n<p>Tamb\u00e9m temos Ramos de Noiva Artificiais \/ e os Ramos de Solteiras \/ e Caixas de Envelopes. E ainda, as Ofertas a Pais e Padrinhos \/ e as Argolas de Guardanapos\/ e as Ementas.<\/p>\n<p><strong>See Also: <a href=\"https:\/\/miminhosritacatita.com\/en\/product\/brides-agenda\/\">Bride's Schedule<\/a><\/strong><\/p>\n<p><strong>Follow us on<\/strong> <a href=\"https:\/\/www.instagram.com\/miminhos.rita.catita\/\" target=\"_blank\" rel=\"noopener\">Instagram<\/a><\/p>","protected":false},"excerpt":{"rendered":"<p>Placa Casamento Oval Criativa<\/p>\n<p>Dimens\u00e3o: 29x22cm<\/p>\n<p>Mensagem Gravada a Laser<\/p>\n<p>Uma excelente ideia para tornar o seu casamento ainda mais memor\u00e1vel e \u00fanico!<\/p>\n<p>&nbsp;<\/p>\n<p>&nbsp;<\/p>\n<p>&nbsp;<\/p>","protected":false},"featured_media":42416,"template":"","meta":[],"product_brand":[],"product_cat":[628],"product_tag":[],"class_list":{"0":"post-4965","1":"product","2":"type-product","3":"status-publish","4":"has-post-thumbnail","6":"product_cat-placas-para-casamento","8":"first","9":"instock","10":"taxable","11":"shipping-taxable","12":"purchasable","13":"product-type-simple"},"_links":{"self":[{"href":"https:\/\/miminhosritacatita.com\/en\/wp-json\/wp\/v2\/product\/4965","targetHints":{"allow":["GET"]}}],"collection":[{"href":"https:\/\/miminhosritacatita.com\/en\/wp-json\/wp\/v2\/product"}],"about":[{"href":"https:\/\/miminhosritacatita.com\/en\/wp-json\/wp\/v2\/types\/product"}],"wp:featuredmedia":[{"embeddable":true,"href":"https:\/\/miminhosritacatita.com\/en\/wp-json\/wp\/v2\/media\/42416"}],"wp:attachment":[{"href":"https:\/\/miminhosritacatita.com\/en\/wp-json\/wp\/v2\/media?parent=4965"}],"wp:term":[{"taxonomy":"product_brand","embeddable":true,"href":"https:\/\/miminhosritacatita.com\/en\/wp-json\/wp\/v2\/product_brand?post=4965"},{"taxonomy":"product_cat","embeddable":true,"href":"https:\/\/miminhosritacatita.com\/en\/wp-json\/wp\/v2\/product_cat?post=4965"},{"taxonomy":"product_tag","embeddable":true,"href":"https:\/\/miminhosritacatita.com\/en\/wp-json\/wp\/v2\/product_tag?post=4965"}],"curies":[{"name":"wp","href":"https:\/\/api.w.org\/{rel}","templated":true}]}}