{"id":44540,"date":"2024-03-14T16:01:27","date_gmt":"2024-03-14T16:01:27","guid":{"rendered":"https:\/\/miminhosritacatita.com\/?post_type=product&#038;p=44540"},"modified":"2025-09-29T16:21:03","modified_gmt":"2025-09-29T16:21:03","slug":"convite-casamento-cortica-sustentavel","status":"publish","type":"product","link":"https:\/\/miminhosritacatita.com\/en\/casamento\/convites-de-casamento\/convite-casamento-cortica-sustentavel\/","title":{"rendered":"Sustainable Cork Wedding Invitation"},"content":{"rendered":"<h1>Sustainable Cork Wedding Invitation<\/h1>\n<p>Sustainable Cork Wedding Invitation<\/p>\n<p>It's official, the date is set! And at Miminhos Rita Catita, we want to know: what is your wedding date? Because your dream wedding invitations can now become a reality.<\/p>\n<p>They say the secret is in the details\u2026 And we believe it! In our store, Wedding Invitations are one of our favorite details.<\/p>\n<p>From the robes to the garters... How will your Wedding Invitation look? Think about it, because this is where personal style will shine!<\/p>\n<p>Feitos com amor, o nosso Convite Casamento Efeito Rasgado s\u00e3o feitos para cada cliente, ideia que resulta dos detalhes da sua hist\u00f3ria. Por isso, vamos j\u00e1 conta-la como ela \u00e9, pelas suas palavras.<\/p>\n<p>In our store, we have a variety of wedding invitations to suit various prices and tastes, always maintaining our promise of quality.<\/p>\n<h2>Sustainable Cork Wedding Invitation<\/h2>\n<p>We understand that the credit for <b>Wedding<\/b> It's yours, but the mission is ours. And because of that, we create products tailored to each client's taste, always delivering quality, perfection, and good taste.<\/p>\n<p>Thus, find in the Online Store the answer to all the details that will make your party unique, like the wedding invitation.<\/p>\n<p>We also rent cars for transporting the newlyweds. Therefore, to get a quote, please contact us and provide the date of the event\/pickup address\/church address\/and wedding venue address.<\/p>\n<h3>Wedding invitations, Wedding invitation, Wedding invite, Wedding invitations, Original wedding invitations, Rustic wedding invitations<\/h3>\n<p>Thus, we still have an inflatable and a slide available for rent. Therefore, request your quote by stating the date of the event and whether you wish to pick it up at our store or if you would like us to come to the event location for setup\/disassembly.<\/p>\n<p>Portanto, encontre aqui a resposta para todos os detalhes que far\u00e3o o seu Casamento \u00fanico. Dos quais Convite Casamento Efeito Rasgado \/ Porta Alian\u00e7as \/ Livros de Honra \/ Lembran\u00e7as.<\/p>\n<ul>\n<li>But also, Gift Baskets \/ and Photo Booth \/ and Hangers. As well as Flutes \/ and Cutlery \/ and Balloons \/ and Sparklers \/ and \u201cHere Comes the Bride\u201d Signs.<\/li>\n<\/ul>\n<p>Tamb\u00e9m temos Ramos de Noiva Artificiais \/ e os Ramos de Solteiras \/ e Caixas de Envelopes. E ainda, as Ofertas a Pais e Padrinhos \/ e as Argolas de Guardanapos\/ e as Ementas. Seja como for, encomenda j\u00e1 o Convite Casamento Corti\u00e7a Sustent\u00e1vel!<\/p>\n<p><strong>See Also: <a href=\"https:\/\/miminhosritacatita.com\/en\/product\/brides-agenda\/\">Bride's Schedule<\/a><\/strong><\/p>\n<p><strong>Follow us on<a href=\"https:\/\/www.instagram.com\/miminhos.rita.catita\/\" target=\"_blank\" rel=\"noopener\"> Instagram<\/a><\/strong><\/p>\n<p>&nbsp;<\/p>","protected":false},"excerpt":{"rendered":"<p>Sustainable Cork Wedding Invitation<\/p>\n<p>a corti\u00e7a e os troncos s\u00e3o produtos naturais, portanto n\u00e3o existir\u00e3o dois artigos iguais.<\/p>\n<p>\u00c9 poss\u00edvel tamb\u00e9m notar-se algumas falhas de grava\u00e7\u00e3o devido \u00e0 irregularidade da corti\u00e7a<\/p>\n<p>Dimens\u00e3o: 12 x 18cm<\/p>\n<p>Para altera\u00e7\u00f5es por favor contactar por email.<\/p>\n<p>&nbsp;<\/p>\n<p>&nbsp;<\/p>","protected":false},"featured_media":44541,"template":"","meta":[],"product_brand":[],"product_cat":[379],"product_tag":[],"class_list":{"0":"post-44540","1":"product","2":"type-product","3":"status-publish","4":"has-post-thumbnail","6":"product_cat-convites-de-casamento","8":"first","9":"instock","10":"taxable","11":"shipping-taxable","12":"purchasable","13":"product-type-simple"},"_links":{"self":[{"href":"https:\/\/miminhosritacatita.com\/en\/wp-json\/wp\/v2\/product\/44540","targetHints":{"allow":["GET"]}}],"collection":[{"href":"https:\/\/miminhosritacatita.com\/en\/wp-json\/wp\/v2\/product"}],"about":[{"href":"https:\/\/miminhosritacatita.com\/en\/wp-json\/wp\/v2\/types\/product"}],"wp:featuredmedia":[{"embeddable":true,"href":"https:\/\/miminhosritacatita.com\/en\/wp-json\/wp\/v2\/media\/44541"}],"wp:attachment":[{"href":"https:\/\/miminhosritacatita.com\/en\/wp-json\/wp\/v2\/media?parent=44540"}],"wp:term":[{"taxonomy":"product_brand","embeddable":true,"href":"https:\/\/miminhosritacatita.com\/en\/wp-json\/wp\/v2\/product_brand?post=44540"},{"taxonomy":"product_cat","embeddable":true,"href":"https:\/\/miminhosritacatita.com\/en\/wp-json\/wp\/v2\/product_cat?post=44540"},{"taxonomy":"product_tag","embeddable":true,"href":"https:\/\/miminhosritacatita.com\/en\/wp-json\/wp\/v2\/product_tag?post=44540"}],"curies":[{"name":"wp","href":"https:\/\/api.w.org\/{rel}","templated":true}]}}