{"id":4423,"date":"2018-11-19T14:32:52","date_gmt":"2018-11-19T14:32:52","guid":{"rendered":"https:\/\/miminhosritacatita.com\/?post_type=product&#038;p=4423"},"modified":"2025-11-20T13:29:10","modified_gmt":"2025-11-20T13:29:10","slug":"boutonniere-flores-noivo-original","status":"publish","type":"product","link":"https:\/\/miminhosritacatita.com\/en\/casamento\/acessorios-para-noiva\/lapela-do-noivo\/boutonniere-flores-noivo-original\/","title":{"rendered":"Boutonniere Flores Noivo Original"},"content":{"rendered":"<h1>Boutonniere Flores Noivo Original<\/h1>\n<p>Boutonniere Flores Noivo Original<\/p>\n<p>Dizem que o segredo est\u00e1 nos detalhes\u2026 Portanto, n\u00f3s acreditamos! Na nossa loja os Ramos de Noiva s\u00e3o dos nossos detalhes favoritos.<\/p>\n<p>From robes to garters... What will your bridal bouquet look like? Think! because this is where your personal style will shine!<\/p>\n<p>Feitos com amor, as nossas Bola de Flores s\u00e3o feitos para cada cliente, ideia que resulta dos detalhes da sua hist\u00f3ria. Por isso, vamos j\u00e1 conta-la como ela \u00e9, pelas suas palavras.<\/p>\n<p>Temos, na nossa loja, v\u00e1rias Ramos para Noiva para v\u00e1rios pre\u00e7os e gostos, mantendo sempre a promessa de qualidade.<\/p>\n<h2>A Boutonniere Flores Noivo Original<\/h2>\n<p>Assim, entendemos que o m\u00e9rito pelo <b>Wedding<\/b> It's yours, but the mission is ours. And because of that, we create products tailored to each client's taste, always delivering quality, perfection, and good taste.<\/p>\n<p>Portanto, encontre aqui a resposta para todos os detalhes que far\u00e3o o seu Casamento \u00fanico. Dos quais Convites \/ Porta Alian\u00e7as \/ Livros de Honra \/ Lembran\u00e7as. Mas tamb\u00e9m, as Cestas de Lembran\u00e7as \/ e os Photo Booth \/ e os Cabides. Assim como Flutes \/ e Talheres \/ e os Bal\u00f5es \/ e os Sparklers \/ Bola de Flores \/ e Placas \u201cL\u00e1 Vem a Noiva\u201d.<\/p>\n<p><strong>Portanto,<\/strong><\/p>\n<ul>\n<li><strong>Signs<\/strong><\/li>\n<li><strong>Envelope Boxes<\/strong><\/li>\n<li><strong>Table markers<\/strong><\/li>\n<li><strong>Ementas e Cestas.<\/strong><\/li>\n<\/ul>\n<p>Tamb\u00e9m temos Ramos de Noiva Artificiais \/ e os Ramos de Solteiras \/ e Caixas de Envelopes. E ainda, as Ofertas a Pais e Padrinhos \/ e as Argolas de Guardanapos.<\/p>\n<p><strong>See Also: <a href=\"https:\/\/miminhosritacatita.com\/en\/product\/brides-agenda\/\">Bride's Schedule<\/a><\/strong><\/p>\n<p>Follow us on <a href=\"https:\/\/www.instagram.com\/miminhos.rita.catita\/\" target=\"_blank\" rel=\"noopener\">Instagram<\/a><\/p>\n<p>&nbsp;<\/p>","protected":false},"excerpt":{"rendered":"<p>Boutonniere Flores Noivo Original<\/p>\n<p>Flores artificiais e preservadas<\/p>\n<p>Portanto, se desejar altera\u00e7\u00f5es, indicar nas &#8220;Notas&#8221;, depois de finalizar a encomenda.<\/p>\n<p>&nbsp;<\/p>\n<p>&nbsp;<\/p>\n<p>&nbsp;<\/p>\n<p>&nbsp;<\/p>\n<p>&nbsp;<\/p>\n<p>&nbsp;<\/p>\n<p>&nbsp;<\/p>","protected":false},"featured_media":23164,"template":"","meta":[],"product_brand":[],"product_cat":[1143],"product_tag":[],"class_list":{"0":"post-4423","1":"product","2":"type-product","3":"status-publish","4":"has-post-thumbnail","6":"product_cat-lapela-do-noivo","8":"first","9":"instock","10":"taxable","11":"shipping-taxable","12":"purchasable","13":"product-type-simple"},"_links":{"self":[{"href":"https:\/\/miminhosritacatita.com\/en\/wp-json\/wp\/v2\/product\/4423","targetHints":{"allow":["GET"]}}],"collection":[{"href":"https:\/\/miminhosritacatita.com\/en\/wp-json\/wp\/v2\/product"}],"about":[{"href":"https:\/\/miminhosritacatita.com\/en\/wp-json\/wp\/v2\/types\/product"}],"wp:featuredmedia":[{"embeddable":true,"href":"https:\/\/miminhosritacatita.com\/en\/wp-json\/wp\/v2\/media\/23164"}],"wp:attachment":[{"href":"https:\/\/miminhosritacatita.com\/en\/wp-json\/wp\/v2\/media?parent=4423"}],"wp:term":[{"taxonomy":"product_brand","embeddable":true,"href":"https:\/\/miminhosritacatita.com\/en\/wp-json\/wp\/v2\/product_brand?post=4423"},{"taxonomy":"product_cat","embeddable":true,"href":"https:\/\/miminhosritacatita.com\/en\/wp-json\/wp\/v2\/product_cat?post=4423"},{"taxonomy":"product_tag","embeddable":true,"href":"https:\/\/miminhosritacatita.com\/en\/wp-json\/wp\/v2\/product_tag?post=4423"}],"curies":[{"name":"wp","href":"https:\/\/api.w.org\/{rel}","templated":true}]}}