{"id":43943,"date":"2024-02-02T09:57:29","date_gmt":"2024-02-02T09:57:29","guid":{"rendered":"https:\/\/miminhosritacatita.com\/?post_type=product&#038;p=43943"},"modified":"2026-03-27T09:48:45","modified_gmt":"2026-03-27T09:48:45","slug":"agenda-noiva-preto-branco-standard","status":"publish","type":"product","link":"https:\/\/miminhosritacatita.com\/en\/agendas\/agenda-para-noiva\/agenda-noiva-preto-branco-standard\/","title":{"rendered":"Bride Black-white Standard Agenda"},"content":{"rendered":"<h1>Bride Black-white Standard Agenda<\/h1>\n<p>Bride Black-white Standard Agenda<\/p>\n<p>So, if you're already crazy about details like we are, with the <strong>Bride's Schedule<\/strong> will lose their minds.<\/p>\n<p>(Almost) everything starts here and this is the (second) best part: planning, but also enjoying the preparation.<\/p>\n<p>Portanto, a Agenda Noiva Capa Personalizada \u00e9 sua mas o promessa \u00e9 nossa, por isso as nossas <strong>Bride's diaries<\/strong> are made here, which gives us total control over production times.<\/p>\n<p>However, they say that the secret is in the details... And we believe it! In our store <strong>a\u00a0<\/strong>The bride's diary is one of our favorite details.<\/p>\n<p>Assim sendo, \u00e9 poss\u00edvel seres uma noiva organizada? ..\u00e9 sim!! Por isso, com a nossa Agenda de Noiva \u00e9 poss\u00edvel!<\/p>\n<p>As such, we've shown you a little more of what it contains, it's super complete and capable of solving all your wedding planning doubts!<\/p>\n<p>So here's space to write down and organize all your ideas for the big day in a practical and simple way.<\/p>\n<h2>Bride Black-white Standard Agenda<\/h2>\n<p>So the Diary is full of tips and advice on how to choose the rings \/ the invitations \/ and what suits best. It helps to resolve questions relating to the type of ceremony \/ it also helps with choosing and organizing the guests, as well as the various types of dress.<\/p>\n<p>And there's plenty of space to put your photos, as well as the tasks you'll have to do until the big day, so we have a very complete diary and much more!<\/p>\n<p>What's more, the Agenda has tabs so you can easily find what you're looking for.<\/p>\n<p>Portanto, fizemos a Agenda Noiva Capa Personalizada cumprindo a promessa de qualidade e bom gosto:<\/p>\n<ul>\n<li>Encaderna\u00e7\u00e3o \u00e9 em Espiral Branco<\/li>\n<li>Hardcover<\/li>\n<li>Agenda N\u00e3o Datada do dia da semana, com dois anos completos.<\/li>\n<li>Size: A5<\/li>\n<li>5 tabs<\/li>\n<\/ul>\n<p>Likewise,<\/p>\n<p>Dicas sobre como planear o casamento e como escolher muito artigos e fornecedores \/<\/p>\n<p>Check list at\u00e9 ao grande dia \/<\/p>\n<p>Listagem de artigos que precisa para o grande dia \/<\/p>\n<p>Organizador de mesas \/<\/p>\n<p>And yet... The Bride's Diary<br \/>\nOver 200 pages of pure fun!<\/p>\n<p><strong>See Also:<\/strong><a href=\"https:\/\/miminhosritacatita.com\/en\/product\/topo-de-bolo-acrilico-impresso\/\"> Cake Toppers<\/a><\/p>\n<p><strong>Visit our <a href=\"https:\/\/www.instagram.com\/miminhos.rita.catita\/\" target=\"_blank\" rel=\"noopener\">Instagram<\/a><\/strong><\/p>","protected":false},"excerpt":{"rendered":"<ul>\n<li>Size: A5<\/li>\n<li>Hardcover<\/li>\n<li>Agenda N\u00e3o Datada do dia da semana, 2 anos completos<\/li>\n<li>5 tabs<\/li>\n<li>249 Pages<\/li>\n<li>Paper weight: 120gr<\/li>\n<li>Capa Standard como imagem<\/li>\n<\/ul>","protected":false},"featured_media":43946,"template":"","meta":[],"product_brand":[],"product_cat":[1096,482,1155],"product_tag":[],"class_list":{"0":"post-43943","1":"product","2":"type-product","3":"status-publish","4":"has-post-thumbnail","6":"product_cat-agendas","7":"product_cat-agenda-da-noiva","8":"product_cat-agenda-para-noiva","10":"first","11":"instock","12":"featured","13":"taxable","14":"shipping-taxable","15":"purchasable","16":"product-type-simple"},"_links":{"self":[{"href":"https:\/\/miminhosritacatita.com\/en\/wp-json\/wp\/v2\/product\/43943","targetHints":{"allow":["GET"]}}],"collection":[{"href":"https:\/\/miminhosritacatita.com\/en\/wp-json\/wp\/v2\/product"}],"about":[{"href":"https:\/\/miminhosritacatita.com\/en\/wp-json\/wp\/v2\/types\/product"}],"wp:featuredmedia":[{"embeddable":true,"href":"https:\/\/miminhosritacatita.com\/en\/wp-json\/wp\/v2\/media\/43946"}],"wp:attachment":[{"href":"https:\/\/miminhosritacatita.com\/en\/wp-json\/wp\/v2\/media?parent=43943"}],"wp:term":[{"taxonomy":"product_brand","embeddable":true,"href":"https:\/\/miminhosritacatita.com\/en\/wp-json\/wp\/v2\/product_brand?post=43943"},{"taxonomy":"product_cat","embeddable":true,"href":"https:\/\/miminhosritacatita.com\/en\/wp-json\/wp\/v2\/product_cat?post=43943"},{"taxonomy":"product_tag","embeddable":true,"href":"https:\/\/miminhosritacatita.com\/en\/wp-json\/wp\/v2\/product_tag?post=43943"}],"curies":[{"name":"wp","href":"https:\/\/api.w.org\/{rel}","templated":true}]}}