{"id":43087,"date":"2024-01-04T12:53:23","date_gmt":"2024-01-04T12:53:23","guid":{"rendered":"https:\/\/miminhosritacatita.com\/?post_type=product&#038;p=43087"},"modified":"2026-03-27T09:47:19","modified_gmt":"2026-03-27T09:47:19","slug":"agenda-da-noiva-original-bronze","status":"publish","type":"product","link":"https:\/\/miminhosritacatita.com\/en\/agendas\/agenda-para-noiva\/agenda-da-noiva-original-bronze\/","title":{"rendered":"Original Bride Agenda Bronze"},"content":{"rendered":"<h1>Original Bride Agenda Bronze<\/h1>\n<p>Original Bride Agenda Bronze<\/p>\n<p>So, if you're already crazy about details like we are, with the <strong>Bride's Schedule<\/strong> will lose their minds.<\/p>\n<p>Tudo come\u00e7a aqui e esta \u00e9 a melhor parte: planear, mas tamb\u00e9m deliciar-se na prepara\u00e7\u00e3o.<\/p>\n<p>Portanto, a Agenda da Noiva Original Bronze \u00e9 sua mas o promessa \u00e9 nossa, por isso as nossas <strong>Bride's diaries<\/strong> are made here, which gives us total control over production times.<\/p>\n<p>However, they say that the secret is in the details... And we believe it! In our store <strong>a\u00a0<\/strong>The bride's diary is one of our favorite details.<\/p>\n<p>Assim sendo, \u00e9 poss\u00edvel seres uma noiva organizada? ..\u00e9 sim!! Por isso, com a nossa Agenda de Noiva \u00e9 poss\u00edvel!<\/p>\n<p>As such, we've shown you a little more of what it contains, it's super complete and capable of solving all your wedding planning doubts!<\/p>\n<p>So here's space to write down and organize all your ideas for the big day in a practical and simple way.<\/p>\n<h2>Original Bride Agenda Bronze<\/h2>\n<p>Assim, a Agenda est\u00e1 cheia de dicas e conselhos de como escolher as alian\u00e7as \/ os convites \/ e o que combina melhor. Logo, ajuda a resolver as quest\u00f5es relacionadas com o tipo de cerim\u00f3nia \/ ajuda tamb\u00e9m na escolha e organiza\u00e7\u00e3o dos convidados, assim como os v\u00e1rios tipos de vestidos.<\/p>\n<p>And there's plenty of space to put your photos, as well as the tasks you'll have to do until the big day, so we have a very complete diary and much more!<\/p>\n<p>What's more, the Agenda has tabs so you can easily find what you're looking for.<\/p>\n<p>Portanto, fizemos a Agenda da Noiva Original Bronze cumprindo a promessa de qualidade e bom gosto:<\/p>\n<ul>\n<li>Bronze Spiral Binding<\/li>\n<li>Hardcover<\/li>\n<li>Undated diary with two complete years.<\/li>\n<li>Size: A5<\/li>\n<li>5 tabs<\/li>\n<\/ul>\n<p>Assim como, dicas sobre como planear o casamento e como escolher muito artigos e fornecedores<\/p>\n<p>Check list at\u00e9 ao grande dia<\/p>\n<p>Listagem de artigos que precisa para o grande dia<\/p>\n<p>Organizador de mesas<\/p>\n<p>And yet... The Bride's Diary<br \/>\nOver 200 pages of pure fun!<\/p>\n<p><strong>See Also:<\/strong><a href=\"https:\/\/miminhosritacatita.com\/en\/product\/topo-de-bolo-acrilico-impresso\/\"> Cake Toppers<\/a><\/p>\n<p><strong>Visit our <a href=\"https:\/\/www.instagram.com\/miminhos.rita.catita\/\" target=\"_blank\" rel=\"noopener\">Instagram<\/a><\/strong><\/p>","protected":false},"excerpt":{"rendered":"<p>Agenda para Noiva com argolas em bronze<\/p>\n<ul>\n<li>Size: A5<\/li>\n<li>Hardcover<\/li>\n<li>Agenda N\u00e3o Data 2 anos<\/li>\n<li>5 tabs<\/li>\n<li>249 Pages<\/li>\n<li>Paper weight: 120gr<\/li>\n<li>Sem personaliza\u00e7\u00e3o<\/li>\n<\/ul>\n<p>&nbsp;<\/p>\n<p>&nbsp;<\/p>","protected":false},"featured_media":42938,"template":"","meta":[],"product_brand":[],"product_cat":[1096,482,1155],"product_tag":[],"class_list":{"0":"post-43087","1":"product","2":"type-product","3":"status-publish","4":"has-post-thumbnail","6":"product_cat-agendas","7":"product_cat-agenda-da-noiva","8":"product_cat-agenda-para-noiva","10":"first","11":"instock","12":"featured","13":"taxable","14":"shipping-taxable","15":"purchasable","16":"product-type-simple"},"_links":{"self":[{"href":"https:\/\/miminhosritacatita.com\/en\/wp-json\/wp\/v2\/product\/43087","targetHints":{"allow":["GET"]}}],"collection":[{"href":"https:\/\/miminhosritacatita.com\/en\/wp-json\/wp\/v2\/product"}],"about":[{"href":"https:\/\/miminhosritacatita.com\/en\/wp-json\/wp\/v2\/types\/product"}],"wp:featuredmedia":[{"embeddable":true,"href":"https:\/\/miminhosritacatita.com\/en\/wp-json\/wp\/v2\/media\/42938"}],"wp:attachment":[{"href":"https:\/\/miminhosritacatita.com\/en\/wp-json\/wp\/v2\/media?parent=43087"}],"wp:term":[{"taxonomy":"product_brand","embeddable":true,"href":"https:\/\/miminhosritacatita.com\/en\/wp-json\/wp\/v2\/product_brand?post=43087"},{"taxonomy":"product_cat","embeddable":true,"href":"https:\/\/miminhosritacatita.com\/en\/wp-json\/wp\/v2\/product_cat?post=43087"},{"taxonomy":"product_tag","embeddable":true,"href":"https:\/\/miminhosritacatita.com\/en\/wp-json\/wp\/v2\/product_tag?post=43087"}],"curies":[{"name":"wp","href":"https:\/\/api.w.org\/{rel}","templated":true}]}}