{"id":42403,"date":"2023-12-06T11:10:10","date_gmt":"2023-12-06T11:10:10","guid":{"rendered":"https:\/\/miminhosritacatita.com\/?post_type=product&#038;p=42403"},"modified":"2026-04-27T11:27:54","modified_gmt":"2026-04-27T11:27:54","slug":"agenda-anual-capa-personalizada","status":"publish","type":"product","link":"https:\/\/miminhosritacatita.com\/en\/branding-e-material-corporativo\/agendas-para-empresas\/agenda-anual-capa-personalizada\/","title":{"rendered":"Customized Cover Annual Agenda"},"content":{"rendered":"<h1>Customized Cover Annual Agenda<\/h1>\n<p>Customized Cover Annual Agenda<\/p>\n<p>So, if they're already crazy about details like we are, they'll go wild for the Personalized Cover Annual Planner.<\/p>\n<p>(Almost) everything starts here and this is the (second) best part: planning, but also enjoying the preparation of your days.<\/p>\n<p>So, the Annual Agenda is yours but the promise is ours, that's why our <strong>Agendas <\/strong>they can have a custom cover, which gives us total control over production deadlines.<\/p>\n<p>However, they say the secret is in the details... And we believe it! In our store, the Annual Planner is one of our favorite details.<\/p>\n<p>Assim sendo, \u00e9 poss\u00edvel seres uma pessoa organizada? ..\u00e9 sim!! Com a nossa Agenda Anual \u00e9 poss\u00edvel!<\/p>\n<p>As such, we're showing a little more of what it contains, it's super complete.<\/p>\n<p>So, here's space to write and organize every day, in a practical way.<\/p>\n<h2>Customized Cover Annual Agenda<\/h2>\n<p>Thus, the Agenda has a world map, space to put contacts, it's a daily planner, Saturday and Sunday on one page.<\/p>\n<p>Therefore, this Agenda can be printed on the cover, personalized.<\/p>\n<ul>\n<li>Hardcover<\/li>\n<li>Agenda Semanal<\/li>\n<li>Size: A5<\/li>\n<\/ul>\n<p>Agenda de tamanho A5 em resistente cart\u00e3o. Com capas r\u00edgidas.<\/p>\n<p>&nbsp;<\/p>\n<p>Descubra a eleg\u00e2ncia das <strong>agendas personalizadas<\/strong> que combinam funcionalidade com sofistica\u00e7\u00e3o. Com capas em veludo macio e acabamento em <strong>letterpress dourado espelhado<\/strong>, cada agenda destaca-se como uma pe\u00e7a \u00fanica. Al\u00e9m disso, o design exclusivo transforma o planeamento di\u00e1rio numa experi\u00eancia visualmente encantadora.<\/p>\n<p>Seja para organizar compromissos, anotar ideias ou oferecer um presente memor\u00e1vel, esta agenda adapta-se perfeitamente a qualquer ocasi\u00e3o. Por isso, se procura um produto que una estilo, qualidade e personaliza\u00e7\u00e3o, esta \u00e9 a escolha certa. Afinal, cada detalhe foi pensado para refletir bom gosto, enquanto valoriza a rotina com um toque de luxo.<\/p>\n<p>&nbsp;<\/p>\n<p><strong>See Also:<\/strong><a href=\"https:\/\/miminhosritacatita.com\/en\/product\/topo-de-bolo-acrilico-impresso\/\"> Cake Toppers<\/a><\/p>\n<p>Follow us on <a href=\"https:\/\/www.instagram.com\/miminhos.rita.catita\/\" target=\"_blank\" rel=\"noopener\">Instagram<\/a><\/p>","protected":false},"excerpt":{"rendered":"<p>Customized Cover Annual Agenda<\/p>\n<p>Size: A5<\/p>\n<p>Capa dura em veludo com Impress\u00e3o personalizada em dourado espelhado<br \/>\nVista semanal<br \/>\nEsta agenda tem processos que avultam o valor da agenda, para compra em quantidade o valor altera substancialmente<\/p>","protected":false},"featured_media":65044,"template":"","meta":[],"product_brand":[],"product_cat":[1096,1199,1319],"product_tag":[],"class_list":{"0":"post-42403","1":"product","2":"type-product","3":"status-publish","4":"has-post-thumbnail","6":"product_cat-agendas","7":"product_cat-agenda-anual-agendas","8":"product_cat-agendas-para-empresas","10":"first","11":"instock","12":"featured","13":"taxable","14":"shipping-taxable","15":"purchasable","16":"product-type-simple"},"_links":{"self":[{"href":"https:\/\/miminhosritacatita.com\/en\/wp-json\/wp\/v2\/product\/42403","targetHints":{"allow":["GET"]}}],"collection":[{"href":"https:\/\/miminhosritacatita.com\/en\/wp-json\/wp\/v2\/product"}],"about":[{"href":"https:\/\/miminhosritacatita.com\/en\/wp-json\/wp\/v2\/types\/product"}],"wp:featuredmedia":[{"embeddable":true,"href":"https:\/\/miminhosritacatita.com\/en\/wp-json\/wp\/v2\/media\/65044"}],"wp:attachment":[{"href":"https:\/\/miminhosritacatita.com\/en\/wp-json\/wp\/v2\/media?parent=42403"}],"wp:term":[{"taxonomy":"product_brand","embeddable":true,"href":"https:\/\/miminhosritacatita.com\/en\/wp-json\/wp\/v2\/product_brand?post=42403"},{"taxonomy":"product_cat","embeddable":true,"href":"https:\/\/miminhosritacatita.com\/en\/wp-json\/wp\/v2\/product_cat?post=42403"},{"taxonomy":"product_tag","embeddable":true,"href":"https:\/\/miminhosritacatita.com\/en\/wp-json\/wp\/v2\/product_tag?post=42403"}],"curies":[{"name":"wp","href":"https:\/\/api.w.org\/{rel}","templated":true}]}}