{"id":41727,"date":"2023-10-16T14:40:56","date_gmt":"2023-10-16T14:40:56","guid":{"rendered":"https:\/\/miminhosritacatita.com\/?post_type=product&#038;p=41727"},"modified":"2025-10-06T12:58:38","modified_gmt":"2025-10-06T12:58:38","slug":"convite-casamento-elegante-a-noiva-sou-eu","status":"publish","type":"product","link":"https:\/\/miminhosritacatita.com\/en\/colecao-a-noiva-sou-eu\/convites-casamento-a-noiva-sou-eu\/convite-casamento-elegante-a-noiva-sou-eu\/","title":{"rendered":"Elegant Wedding Invitation: \u2018The Bride Is Me\u2019"},"content":{"rendered":"<h1>Elegant Wedding Invitation: \u2018The Bride Is Me\u2019<\/h1>\n<p>Elegant Wedding Invitation: \u2018The Bride Is Me\u2019<\/p>\n<p>Dizem que o segredo est\u00e1 nos detalhes\u2026 E n\u00f3s acreditamos! Na nossa loja o Convite Casamento Delicado &#8216;A Noiva Sou Eu&#8217; \u00e9 dos nossos detalhes favoritos.<\/p>\n<p>Dos robes \u00e0s ligas\u2026 Como ser\u00e1 o seu Convite de Casamento? Pense!, porque \u00e9 aqui que o estilo pessoal vai brilhar!<\/p>\n<p>Feitos com amor, os nossos Convites de Casamento s\u00e3o feitos para cada cliente, ideia que resulta dos detalhes da sua hist\u00f3ria. Por isso, vamos j\u00e1 conta-la como ela \u00e9, pelas suas palavras.<\/p>\n<p>Temos, na nossa loja, v\u00e1rios Marcadores de Lugar de Casamento para v\u00e1rios pre\u00e7os e gostos, mantendo sempre a promessa de qualidade.<\/p>\n<h2>Elegant Wedding Invitation: \u2018The Bride Is Me\u2019<\/h2>\n<p>We understand that the credit for <b>Wedding<\/b> It's yours, but the mission is ours. And because of that, we create products tailored to each client's taste, always delivering quality, perfection, and good taste.<\/p>\n<p>Assim, encontre na Loja Online a resposta para todos os pormenores que far\u00e3o a sua festa \u00fanica, como os nossos marcadores de lugar.<\/p>\n<p>We also rent cars to transport the bride and groom. To find out the price, contact us and let us know the date of the event \/ the pick-up address \/ the church address \/ and the wedding venue.<\/p>\n<h3>Wedding invitations, Wedding invitation, Wedding invite, Wedding invitations, Original wedding invitations, Rustic wedding invitations<\/h3>\n<p>Thus, we still have an inflatable and a slide available for rent. Therefore, request your quote by stating the date of the event and whether you wish to pick it up at our store or if you would like us to come to the event location for setup\/disassembly.<\/p>\n<p>Assim, encontre aqui a resposta para todos os detalhes que far\u00e3o o seu Casamento \u00fanico. Portanto dos quais Marcadores de lugar para convidados \/ Convites de Casamento \/ Porta Alian\u00e7as \/ Lembran\u00e7as de Casamento.<\/p>\n<ul>\n<li>Mas tamb\u00e9m, as Cestas de Lembran\u00e7as \/ e os Photo Booth \/ e os Cabides. Assim como Flutes \/ e Talheres \/ e os Bal\u00f5es \/ e os Sparklers \/ e Placas \u201cL\u00e1 Vem a Noiva\u201d. Caixa Cart\u00f5es Honra<\/li>\n<\/ul>\n<p>Tamb\u00e9m temos Esferogr\u00e1fica Pluma Livro Casamento \/ e os Ramos de Solteiras \/ e Caixas de Envelopes. E ainda, as Ofertas a Pais e Padrinhos \/ e as Argolas de Guardanapos\/ e as Ementas.<\/p>\n<p><strong>See Also: <a href=\"https:\/\/miminhosritacatita.com\/en\/product\/brides-agenda\/\">Bride's Schedule<\/a><\/strong><\/p>\n<p><strong>Follow us on<a href=\"https:\/\/www.instagram.com\/miminhos.rita.catita\/\" target=\"_blank\" rel=\"noopener\"> Instagram<\/a><\/strong><\/p>","protected":false},"excerpt":{"rendered":"<p>Elegant Wedding Invitation: \u2018The Bride Is Me\u2019<\/p>\n<p>Dimens\u00e3o: 12x18cm<\/p>\n<p>Papeis 250gr<\/p>\n<p>Impress\u00e3o em foil rosa gold apenas nos nomes, data em alto relevo.<\/p>\n<p>De desejar algo diferente do que \u00e9 apresentado, contacte-nos.<\/p>\n<p>https:\/\/youtube.com\/shorts\/fmagl_T5GRE?feature=share<\/p>","protected":false},"featured_media":43562,"template":"","meta":[],"product_brand":[],"product_cat":[379,1178],"product_tag":[],"class_list":{"0":"post-41727","1":"product","2":"type-product","3":"status-publish","4":"has-post-thumbnail","6":"product_cat-convites-de-casamento","7":"product_cat-convites-casamento-a-noiva-sou-eu","9":"first","10":"instock","11":"taxable","12":"shipping-taxable","13":"purchasable","14":"product-type-simple"},"_links":{"self":[{"href":"https:\/\/miminhosritacatita.com\/en\/wp-json\/wp\/v2\/product\/41727","targetHints":{"allow":["GET"]}}],"collection":[{"href":"https:\/\/miminhosritacatita.com\/en\/wp-json\/wp\/v2\/product"}],"about":[{"href":"https:\/\/miminhosritacatita.com\/en\/wp-json\/wp\/v2\/types\/product"}],"wp:featuredmedia":[{"embeddable":true,"href":"https:\/\/miminhosritacatita.com\/en\/wp-json\/wp\/v2\/media\/43562"}],"wp:attachment":[{"href":"https:\/\/miminhosritacatita.com\/en\/wp-json\/wp\/v2\/media?parent=41727"}],"wp:term":[{"taxonomy":"product_brand","embeddable":true,"href":"https:\/\/miminhosritacatita.com\/en\/wp-json\/wp\/v2\/product_brand?post=41727"},{"taxonomy":"product_cat","embeddable":true,"href":"https:\/\/miminhosritacatita.com\/en\/wp-json\/wp\/v2\/product_cat?post=41727"},{"taxonomy":"product_tag","embeddable":true,"href":"https:\/\/miminhosritacatita.com\/en\/wp-json\/wp\/v2\/product_tag?post=41727"}],"curies":[{"name":"wp","href":"https:\/\/api.w.org\/{rel}","templated":true}]}}