{"id":40821,"date":"2023-06-30T13:48:22","date_gmt":"2023-06-30T13:48:22","guid":{"rendered":"https:\/\/miminhosritacatita.com\/?post_type=product&#038;p=40821"},"modified":"2025-01-16T10:50:35","modified_gmt":"2025-01-16T10:50:35","slug":"marcador-mesa-original-a-noiva-sou-eu","status":"publish","type":"product","link":"https:\/\/miminhosritacatita.com\/en\/colecao-a-noiva-sou-eu\/marcadores-de-mesa-colecao-a-noiva-sou-eu\/marcador-mesa-original-a-noiva-sou-eu\/","title":{"rendered":"Original Bride I Am\u2018 Table Marker\u2019"},"content":{"rendered":"<h1>Original Bride I Am\u2018 Table Marker\u2019<\/h1>\n<p>Original Bride I Am\u2018 Table Marker\u2019<\/p>\n<p>Dizem que o segredo est\u00e1 nos detalhes\u2026 E n\u00f3s acreditamos! Na nossa loja o Placard Casamento Original Luxury \u00e9 dos nossos detalhes favoritos.<\/p>\n<p>Dos robes \u00e0s ligas\u2026 Como ser\u00e1 o seu Placard para distribui\u00e7\u00e3o de mesas no casamento? Pense!, porque \u00e9 aqui que o estilo pessoal vai brilhar!<\/p>\n<p>Feitos com amor, os nossos Placards para mesas de casamento s\u00e3o feitos para cada cliente, ideia que resulta dos detalhes da sua hist\u00f3ria. Por isso, vamos j\u00e1 conta-la como ela \u00e9, pelas suas palavras.<\/p>\n<p>Temos, na nossa loja, v\u00e1rios Placards para mesas de casamento para v\u00e1rios pre\u00e7os e gostos, mantendo sempre a promessa de qualidade.<\/p>\n<h2>Original Bride I Am\u2018 Table Marker\u2019<\/h2>\n<p>We understand that the credit for <b>Wedding<\/b> It's yours, but the mission is ours. And because of that, we create products tailored to each client's taste, always delivering quality, perfection, and good taste.<\/p>\n<p>Thus, find the answer to all the details that will make your party unique in the Online Store.<\/p>\n<p>Assim como, tamb\u00e9m alugamos carros para o transporte dos noivos. Assim, para saber o pre\u00e7o contacte-nos e informe a data do Evento \/ a morada de recolha \/ a da Igreja \/ e a do local da boda.<\/p>\n<p>We also have an inflatable and a slide for hire. So ask for a quote, stating the day of the event and whether you'd like to pick it up in store or have us come to the venue to set it up \/ and dismantle it.<\/p>\n<p>Portanto, encontre aqui a resposta para todos os detalhes que far\u00e3o o seu Casamento \u00fanico, como o Placard Mesas Casamento. Dos quais:<\/p>\n<ul>\n<li>Ring Bearer<\/li>\n<li>Books of Honor<\/li>\n<li>Lembran\u00e7as de casamento<\/li>\n<li>Cestas de Lembran\u00e7as de casamento<\/li>\n<li>Photo Booth de casamento<\/li>\n<li>Cabides dos noivos<\/li>\n<\/ul>\n<p>Assim como Flutes \/ e Talheres \/ e os Cart\u00f5es Marca\u00e7\u00e3o Mesa \/ e os Sparklers \/ e Placard Casamento Acr\u00edlico Delicado. Seja como for, tamb\u00e9m temos Ramos de Noiva Artificiais \/ e os Ramos de Solteiras \/ e Caixas de Envelopes. E ainda, as Ofertas a Pais e Padrinhos \/ e as Argolas de Guardanapos\/ e as Ementas.<\/p>\n<p><strong>See Also: <a href=\"https:\/\/miminhosritacatita.com\/en\/product\/brides-agenda\/\">Bride's Schedule<\/a><\/strong><\/p>\n<p>Follow us on <a href=\"https:\/\/www.instagram.com\/miminhos.rita.catita\/\" target=\"_blank\" rel=\"noopener\">Instagram<\/a><\/p>\n<p>&nbsp;<\/p>","protected":false},"excerpt":{"rendered":"<p>Original Bride I Am\u2018 Table Marker\u2019<\/p>\n<p>Para ver o marcador de lugar que combina com este marcador de mesa, clica no link:<\/p>\n<p><a href=\"https:\/\/miminhosritacatita.com\/en\/the-bride-is-me-collection\/placeholders\/marcador-lugar-discreto-a-noiva-sou-eu\/\">https:\/\/miminhosritacatita.com\/colecao-a-noiva-sou-eu\/marcadores-de-lugar\/marcador-lugar-discreto-a-noiva-sou-eu\/<\/a><\/p>\n<p><a href=\"https:\/\/miminhosritacatita.com\/en\/the-bride-is-me-collection\/placeholders\/marcador-lugar-misturador-a-noiva-sou-eu\/\">https:\/\/miminhosritacatita.com\/colecao-a-noiva-sou-eu\/marcadores-de-lugar\/marcador-lugar-misturador-a-noiva-sou-eu\/<\/a><\/p>\n<p><a href=\"https:\/\/miminhosritacatita.com\/en\/the-bride-is-me-collection\/placeholders\/marcador-lugar-original-a-noiva-sou-eu\/\">https:\/\/miminhosritacatita.com\/colecao-a-noiva-sou-eu\/marcadores-de-lugar\/marcador-lugar-original-a-noiva-sou-eu\/<\/a><\/p>\n<p>&nbsp;<\/p>\n<p>&nbsp;<\/p>\n<p>&nbsp;<\/p>\n<p>&nbsp;<\/p>\n<p>&nbsp;<\/p>\n<p>&nbsp;<\/p>","protected":false},"featured_media":40897,"template":"","meta":[],"product_brand":[],"product_cat":[1171,626,1172],"product_tag":[],"class_list":{"0":"post-40821","1":"product","2":"type-product","3":"status-publish","4":"has-post-thumbnail","6":"product_cat-colecao-a-noiva-sou-eu","7":"product_cat-marcadores-de-mesa","8":"product_cat-marcadores-de-mesa-colecao-a-noiva-sou-eu","10":"first","11":"instock","12":"taxable","13":"shipping-taxable","14":"purchasable","15":"product-type-simple"},"_links":{"self":[{"href":"https:\/\/miminhosritacatita.com\/en\/wp-json\/wp\/v2\/product\/40821","targetHints":{"allow":["GET"]}}],"collection":[{"href":"https:\/\/miminhosritacatita.com\/en\/wp-json\/wp\/v2\/product"}],"about":[{"href":"https:\/\/miminhosritacatita.com\/en\/wp-json\/wp\/v2\/types\/product"}],"wp:featuredmedia":[{"embeddable":true,"href":"https:\/\/miminhosritacatita.com\/en\/wp-json\/wp\/v2\/media\/40897"}],"wp:attachment":[{"href":"https:\/\/miminhosritacatita.com\/en\/wp-json\/wp\/v2\/media?parent=40821"}],"wp:term":[{"taxonomy":"product_brand","embeddable":true,"href":"https:\/\/miminhosritacatita.com\/en\/wp-json\/wp\/v2\/product_brand?post=40821"},{"taxonomy":"product_cat","embeddable":true,"href":"https:\/\/miminhosritacatita.com\/en\/wp-json\/wp\/v2\/product_cat?post=40821"},{"taxonomy":"product_tag","embeddable":true,"href":"https:\/\/miminhosritacatita.com\/en\/wp-json\/wp\/v2\/product_tag?post=40821"}],"curies":[{"name":"wp","href":"https:\/\/api.w.org\/{rel}","templated":true}]}}