{"id":38869,"date":"2023-04-19T16:53:17","date_gmt":"2023-04-19T16:53:17","guid":{"rendered":"https:\/\/miminhosritacatita.com\/?post_type=product&#038;p=38869"},"modified":"2026-03-13T18:07:59","modified_gmt":"2026-03-13T18:07:59","slug":"concha-batizado-toalha-prata","status":"publish","type":"product","link":"https:\/\/miminhosritacatita.com\/en\/batizado\/acessorios-de-batizado\/conchas-de-batizado\/concha-batizado-toalha-prata\/","title":{"rendered":"Concha Batizado Toalha Prata"},"content":{"rendered":"<h1>Concha Batizado Toalha Prata<\/h1>\n<p>Concha Batizado Toalha Prata<\/p>\n<p>Baptism is one of the most important stages of your child's growth and it is about to arrive. And we are convinced that this is a cause for celebration.<\/p>\n<p>Every detail counts, from your child's name to the date of birth to the guest list! Because let's start preparing for the sweetest christening ever.<\/p>\n<p>We understand that the credit for the baptism is yours, but that the mission is ours. That's why we create a baptism set that is unique and tailored to each client's taste, always delivering on quality, perfection and good taste.<\/p>\n<p>Feitos com amor, as nossas Caixas de Batismo s\u00e3o feitos para cada cliente e podem conter: caixa de batizado, vela de batizado, toalha de batizado, babete de batizado, concha de batizado e chucha de batizado. Pois na altura em que nascem, todos os beb\u00e9s j\u00e1 tem a sua hist\u00f3ria.<\/p>\n<h2>Concha Batizado Toalha Prata<\/h2>\n<p>And at Miminhos, we already know that candles are a good excuse to tell your story!<\/p>\n<p>Made with love, the Christening Boxes are made for each client, an idea that stems from the details of their story. So let's tell it like it is, in their own words.<\/p>\n<p>Seja como for, temos conjuntos de todas as formas e cores e materiais e tamb\u00e9m a todos os pre\u00e7os. Al\u00e9m disso, a nossa Concha Batizado Toalha Prata \u00e9 feita c\u00e1, j\u00e1 que \u00e9 o que nos d\u00e1 o controlo sobre o prazo de produ\u00e7\u00e3o.<\/p>\n<p>Buy the products that will make your christening party the best in the Miminhos Online Shop. These include Invitations and Souvenirs and Honor Rolls and Sets.<\/p>\n<h3><strong>Christening Shell, Christening Shell, Christening Shell, Christening Shell<\/strong><\/h3>\n<ul>\n<li>And also Placards and Envelope Boxes and Table Markers and Menus and Baskets.<\/li>\n<\/ul>\n<p>There's also a Baby Shower and Dresses, Costumes and Cake Toppers. We also have an inflatable and a slide for you to rent.<\/p>\n<p class=\"font_3\">So take inspiration from our work and get more ideas for <strong>baptism<\/strong>, from the simplest, to the most elegant and formal, to the most fun.<\/p>\n<p class=\"font_2\">Assim, combine j\u00e1 o design da sua Concha Batizado Toalha Prata com o ambiente que quer apresentar aos seus convidados no dia.<\/p>\n<p class=\"font_3\">So take a look below at some of the types of christening boxes and christening candles created in the Miminhos store.<\/p>\n<p><strong>See also: <a href=\"https:\/\/miminhosritacatita.com\/en\/product-category\/batizados\/\">Baptism articles<\/a><\/strong><\/p>\n<p><strong>Visit Our <a href=\"https:\/\/www.instagram.com\/miminhos.rita.catita\/\" target=\"_blank\" rel=\"noopener\">Instagram<\/a><\/strong><\/p>","protected":false},"excerpt":{"rendered":"<p>Concha Batizado Toalha Prata:<\/p>\n<p>Vela de Batizado &#8211; 25\u20ac<br \/>\nNome Impresso na Vela &#8211; 7,50\u20ac<br \/>\nConcha &#8211; 12,50\u20ac<br \/>\nToalha com Bordado &#8211; 40\u20ac<br \/>\nBox 60\u20ac<br \/>\n<span class=\"text_exposed_show\"><span class=\"text_exposed_show\">Impress\u00e3o na Caixa &#8211; 7,50\u20ac<\/span><\/span><\/p>\n<p>Dimens\u00e3o da Caixa: 25,5&#215;34 cm (sem divis\u00f3rias)<\/p>","protected":false},"featured_media":76766,"template":"","meta":[],"product_brand":[],"product_cat":[1165],"product_tag":[],"class_list":{"0":"post-38869","1":"product","2":"type-product","3":"status-publish","4":"has-post-thumbnail","6":"product_cat-conchas-de-batizado","8":"first","9":"instock","10":"taxable","11":"shipping-taxable","12":"purchasable","13":"product-type-simple"},"_links":{"self":[{"href":"https:\/\/miminhosritacatita.com\/en\/wp-json\/wp\/v2\/product\/38869","targetHints":{"allow":["GET"]}}],"collection":[{"href":"https:\/\/miminhosritacatita.com\/en\/wp-json\/wp\/v2\/product"}],"about":[{"href":"https:\/\/miminhosritacatita.com\/en\/wp-json\/wp\/v2\/types\/product"}],"wp:featuredmedia":[{"embeddable":true,"href":"https:\/\/miminhosritacatita.com\/en\/wp-json\/wp\/v2\/media\/76766"}],"wp:attachment":[{"href":"https:\/\/miminhosritacatita.com\/en\/wp-json\/wp\/v2\/media?parent=38869"}],"wp:term":[{"taxonomy":"product_brand","embeddable":true,"href":"https:\/\/miminhosritacatita.com\/en\/wp-json\/wp\/v2\/product_brand?post=38869"},{"taxonomy":"product_cat","embeddable":true,"href":"https:\/\/miminhosritacatita.com\/en\/wp-json\/wp\/v2\/product_cat?post=38869"},{"taxonomy":"product_tag","embeddable":true,"href":"https:\/\/miminhosritacatita.com\/en\/wp-json\/wp\/v2\/product_tag?post=38869"}],"curies":[{"name":"wp","href":"https:\/\/api.w.org\/{rel}","templated":true}]}}