{"id":36833,"date":"2023-03-08T13:04:27","date_gmt":"2023-03-08T13:04:27","guid":{"rendered":"https:\/\/miminhosritacatita.com\/?post_type=product&#038;p=36833"},"modified":"2024-12-23T14:33:26","modified_gmt":"2024-12-23T14:33:26","slug":"convite-dama-honra-robe-ramo","status":"publish","type":"product","link":"https:\/\/miminhosritacatita.com\/en\/casamento\/convites-damas-de-honor\/convite-dama-honra-robe-ramo\/","title":{"rendered":"Maid of Honor Dress-Branch"},"content":{"rendered":"<h1>Maid of Honor Dress-Branch<\/h1>\n<p>Maid of Honor Dress-Branch<\/p>\n<p>Dizem que o segredo est\u00e1 nos detalhes\u2026 E n\u00f3s acreditamos! Na nossa loja os acess\u00f3rios para a noiva e os acess\u00f3rios para os noivos s\u00e3o dos nossos detalhes favoritos.<\/p>\n<p>Dos Acess\u00f3rios aos robes da noiva\u2026 Quais ser\u00e3o os seus <strong>Acess\u00f3rios de Noiva<\/strong>? Pense!, porque \u00e9 aqui que o estilo pessoal vai brilhar!<\/p>\n<p>Feitos com amor, os acess\u00f3rios de noiva \/ 0 s\u00e3o feitos para cada cliente, assim, ideia que resulta dos detalhes da sua hist\u00f3ria. Por isso, vamos j\u00e1 conta-la como ela \u00e9, pelas suas palavras.<\/p>\n<p>Temos, na nossa loja, v\u00e1rios Acess\u00f3rio para Noiva, para v\u00e1rios pre\u00e7os e gostos, mantendo sempre a promessa de qualidade.<\/p>\n<h2>O Convite Dama Honra Robe-Ramo<\/h2>\n<p>We understand that the credit for <b>Wedding<\/b> \u00e9 seu, mas que a miss\u00e3o \u00e9 nossa. E, por isso, criamos acess\u00f3rios de noiva ajustados ao gosto de cada cliente, cumprindo sempre com a qualidade e perfei\u00e7\u00e3o e bom gosto.<\/p>\n<p>Thus, find the answer to all the details that will make your party unique in the Online Store.<\/p>\n<p>Tamb\u00e9m alugamos carros para o transporte dos noivos. Para saber o pre\u00e7o contacte-nos e informe a data do Evento \/ a morada de recolha \/ a da Igreja \/ e a do local da boda.<\/p>\n<p>Thus, we still have an inflatable and a slide available for rent. Therefore, request your quote by stating the date of the event and whether you wish to pick it up at our store or if you would like us to come to the event location for setup\/disassembly.<\/p>\n<p>Portanto, encontre aqui a resposta para todos os detalhes que far\u00e3o o seu Casamento \u00fanico. Dos quais o Convite Dama Honra Robe-Ramo \/ Convites \/ Porta Alian\u00e7as \/ Livros de Honra \/ Lembran\u00e7as. Mas tamb\u00e9m, Cestas de Lembran\u00e7as \/ e Photo Booth \/ e Cabides. Assim como Flutes \/ e Talheres \/ e Bal\u00f5es \/ e Sparklers \/ e Placas \u201cL\u00e1 Vem a Noiva\u201d.<\/p>\n<ul>\n<li>Signs<\/li>\n<li>Envelope Boxes<\/li>\n<li>Table markers<\/li>\n<li>Ementas e Cestas.<\/li>\n<\/ul>\n<p>Por isso, tamb\u00e9m temos Ramos de Noiva Artificiais \/ e Ramos de Solteiras \/ e Caixas de Envelopes. E ainda, Ofertas a Pais e Padrinhos \/ e Argolas de Guardanapos\/ e Ementas.<\/p>\n<p><strong>See Also: <a href=\"https:\/\/miminhosritacatita.com\/en\/product\/brides-agenda\/\">Bride's Schedule<\/a><\/strong><\/p>\n<p>Follow us on <a href=\"https:\/\/www.instagram.com\/miminhos.rita.catita\/\" target=\"_blank\" rel=\"noopener\">Instagram<\/a><\/p>\n<p>&nbsp;<\/p>\n<p>&nbsp;<\/p>","protected":false},"excerpt":{"rendered":"<p>Maid of Honor Dress-Branch<\/p>\n<p>Caixa com Fita e Medalha em acr\u00edlico: 15\u20ac<\/p>\n<p>Robe c\/ estampagem personalizada 55\u20ac<\/p>\n<p>Ramo de Flores Secas de Desidratadas\u00a0 25\u20ac<\/p>\n<p>Dimens\u00e3o da Caixa: 22 x 22 x 10cm<\/p>\n<p>Assim, para altera\u00e7\u00f5es indicar nas &#8220;Notas&#8221;.<\/p>\n<p>&nbsp;<\/p>","protected":false},"featured_media":36836,"template":"","meta":[],"product_brand":[],"product_cat":[1200],"product_tag":[],"class_list":{"0":"post-36833","1":"product","2":"type-product","3":"status-publish","4":"has-post-thumbnail","6":"product_cat-convites-damas-de-honor","8":"first","9":"instock","10":"taxable","11":"shipping-taxable","12":"purchasable","13":"product-type-variable"},"_links":{"self":[{"href":"https:\/\/miminhosritacatita.com\/en\/wp-json\/wp\/v2\/product\/36833","targetHints":{"allow":["GET"]}}],"collection":[{"href":"https:\/\/miminhosritacatita.com\/en\/wp-json\/wp\/v2\/product"}],"about":[{"href":"https:\/\/miminhosritacatita.com\/en\/wp-json\/wp\/v2\/types\/product"}],"wp:featuredmedia":[{"embeddable":true,"href":"https:\/\/miminhosritacatita.com\/en\/wp-json\/wp\/v2\/media\/36836"}],"wp:attachment":[{"href":"https:\/\/miminhosritacatita.com\/en\/wp-json\/wp\/v2\/media?parent=36833"}],"wp:term":[{"taxonomy":"product_brand","embeddable":true,"href":"https:\/\/miminhosritacatita.com\/en\/wp-json\/wp\/v2\/product_brand?post=36833"},{"taxonomy":"product_cat","embeddable":true,"href":"https:\/\/miminhosritacatita.com\/en\/wp-json\/wp\/v2\/product_cat?post=36833"},{"taxonomy":"product_tag","embeddable":true,"href":"https:\/\/miminhosritacatita.com\/en\/wp-json\/wp\/v2\/product_tag?post=36833"}],"curies":[{"name":"wp","href":"https:\/\/api.w.org\/{rel}","templated":true}]}}