{"id":35707,"date":"2023-02-10T15:16:01","date_gmt":"2023-02-10T15:16:01","guid":{"rendered":"https:\/\/miminhosritacatita.com\/?post_type=product&#038;p=35707"},"modified":"2026-04-29T08:10:22","modified_gmt":"2026-04-29T08:10:22","slug":"livro-honra-bodas-assinatura","status":"publish","type":"product","link":"https:\/\/miminhosritacatita.com\/en\/bodas\/bodas-de-ouro\/livros-de-honra-para-bodas-de-ouro\/livro-honra-bodas-assinatura\/","title":{"rendered":"Livro Honra Bodas Assinatura"},"content":{"rendered":"<h2>Livro Honra Bodas Assinatura<\/h2>\n<p>Livro Honra Bodas Assinatura<\/p>\n<p>As Bodas de Ouro s\u00e3o uma celebra\u00e7\u00e3o muito importante e est\u00e3o prestes a chegar. E estamos convencidos de que isso \u00e9 motivo para celebrar.<\/p>\n<p>Todos temos uma hist\u00f3ria. E, por isso, n\u00f3s suspeitamos de que o Livro Honra Bodas Assinatura \u00e9 um bom pretexto para (nos) contar a sua!<\/p>\n<p>Every detail counts, from dating to the wedding date to the guest list!  Because let's start preparing for the sweetest Golden Jubilee ever.<\/p>\n<p>Entendemos que o m\u00e9rito pelas <b>Golden Anniversary<\/b> \u00e9 seu, mas que a miss\u00e3o \u00e9 nossa. E, por isso, criamos produtos \u00fanicos e adaptados ao gosto de cada cliente, cumprindo sempre com a qualidade e perfei\u00e7\u00e3o e bom gosto.<\/p>\n<h2>Livro Honra Bodas Assinatura<\/h2>\n<p>Pela altura em que casam, todos os casais j\u00e1 tem uma hist\u00f3ria. E, na Miminhos, j\u00e1 sabemos que os livros de honra para bodas de ouro s\u00e3o um bom pretexto para contar a sua!<\/p>\n<p>Assim, temos convites de todas as formas e cores e materiais e tamb\u00e9m a todos os pre\u00e7os. Al\u00e9m disso, os nossos livros s\u00e3o feitos c\u00e1, j\u00e1 que \u00e9 o que nos d\u00e1 o controlo sobre o prazo de produ\u00e7\u00e3o.<\/p>\n<p>Feitos com amor, o Livro Honra Bodas Assinatura \u00e9 feito para cada cliente, ideia que resulta dos detalhes da sua hist\u00f3ria. Por isso, vamos j\u00e1 conta-la como ela \u00e9, pelas suas palavras.<\/p>\n<p>Seja como for, compre j\u00e1 na Loja Online da Miminhos os produtos que far\u00e3o da sua festa<strong>, <\/strong>a melhor:<\/p>\n<ul>\n<li>Convite Bodas Ouro Brilhante<\/li>\n<li>Lembran\u00e7as de Bodas de Ouro<\/li>\n<li>Topos de Bolo de Bordas de Ouro<\/li>\n<li>Books of Honor<\/li>\n<\/ul>\n<p>E ainda, Placards, Caixas de Envelopes, Marcadores de Mesa, Ementas e Cestas.<\/p>\n<p class=\"font_3\">So be inspired by our work and get more Golden Wedding ideas now, from the simplest, to the most elegant and formal, to the most fun.<\/p>\n<p class=\"font_2\">Assim, combine j\u00e1 o design do seu Livro Honra Bodas Assinatura com o ambiente que quer apresentar aos seus convidados no dia.<\/p>\n<p class=\"font_3\">So take a look below at some types of <strong>invitations<\/strong> criados na loja da Miminhos.\u200b<\/p>\n<p><strong>See Also: <a href=\"https:\/\/miminhosritacatita.com\/en\/product-category\/golden-anniversary\/golden-wedding-anniversary-gifts\/\">Prendas p\/ Bodas de Ouro<\/a><\/strong><\/p>\n<p><strong>Visit our <a href=\"https:\/\/www.instagram.com\/miminhos.rita.catita\/\" target=\"_blank\" rel=\"noopener\">Instagram<\/a><\/strong><\/p>","protected":false},"excerpt":{"rendered":"<p>Livro Honra Bodas Assinatura<\/p>\n<p><span id=\"fbPhotoSnowliftCaption\" class=\"fbPhotosPhotoCaption\" tabindex=\"0\" aria-live=\"polite\" data-ft=\"{&quot;tn&quot;:&quot;K&quot;}\"><span class=\"hasCaption\">(Possibilidade de impress\u00e3o da totalidade da primeira p\u00e1gina, mais nome dos noivos e data do casamento, ou uma pequena mensagem nas outras p\u00e1ginas)<\/span><\/span><span id=\"fbPhotoSnowliftTagList\" class=\"fbPhotoTagList\"><span class=\"fcg\">\u00a0<\/span><\/span><\/p>\n<p>Dimens\u00e3o: a4 (21 x 27cm)<\/p>\n<p>Quantidade de folhas &#8211; 40un<\/p>\n<p>Para altera\u00e7\u00e3o \u00e0s cores, indique nas notas, depois de finalizar a encomenda.<\/p>\n<p>&nbsp;<\/p>","protected":false},"featured_media":29822,"template":"","meta":[],"product_brand":[],"product_cat":[1157],"product_tag":[],"class_list":{"0":"post-35707","1":"product","2":"type-product","3":"status-publish","4":"has-post-thumbnail","6":"product_cat-livros-de-honra-para-bodas-de-ouro","8":"first","9":"instock","10":"taxable","11":"shipping-taxable","12":"purchasable","13":"product-type-simple"},"_links":{"self":[{"href":"https:\/\/miminhosritacatita.com\/en\/wp-json\/wp\/v2\/product\/35707","targetHints":{"allow":["GET"]}}],"collection":[{"href":"https:\/\/miminhosritacatita.com\/en\/wp-json\/wp\/v2\/product"}],"about":[{"href":"https:\/\/miminhosritacatita.com\/en\/wp-json\/wp\/v2\/types\/product"}],"wp:featuredmedia":[{"embeddable":true,"href":"https:\/\/miminhosritacatita.com\/en\/wp-json\/wp\/v2\/media\/29822"}],"wp:attachment":[{"href":"https:\/\/miminhosritacatita.com\/en\/wp-json\/wp\/v2\/media?parent=35707"}],"wp:term":[{"taxonomy":"product_brand","embeddable":true,"href":"https:\/\/miminhosritacatita.com\/en\/wp-json\/wp\/v2\/product_brand?post=35707"},{"taxonomy":"product_cat","embeddable":true,"href":"https:\/\/miminhosritacatita.com\/en\/wp-json\/wp\/v2\/product_cat?post=35707"},{"taxonomy":"product_tag","embeddable":true,"href":"https:\/\/miminhosritacatita.com\/en\/wp-json\/wp\/v2\/product_tag?post=35707"}],"curies":[{"name":"wp","href":"https:\/\/api.w.org\/{rel}","templated":true}]}}