{"id":30155,"date":"2022-05-09T15:05:08","date_gmt":"2022-05-09T15:05:08","guid":{"rendered":"https:\/\/miminhosritacatita.com\/?post_type=product&#038;p=30155"},"modified":"2024-09-18T09:41:21","modified_gmt":"2024-09-18T09:41:21","slug":"balde-pipocas-baby-shower","status":"publish","type":"product","link":"https:\/\/miminhosritacatita.com\/en\/baby-shower\/acessorios-baby-shower\/balde-pipocas-baby-shower\/","title":{"rendered":"Balde Pipocas Baby Shower"},"content":{"rendered":"<h1>Balde Pipocas Baby Shower<\/h1>\n<p>Balde Pipocas Baby Shower<\/p>\n<p>Dizem que o segredo est\u00e1 nos detalhes\u2026 E n\u00f3s acreditamos! Na nossa loja os Acess\u00f3rios para Baby Shower s\u00e3o dos nossos detalhes favoritos.<\/p>\n<p>Dos Bolos de Fraldas aos Photobooths\u2026 Qual ser\u00e1 o seu ? Pense!, porque \u00e9 aqui que o estilo pessoal vai brilhar!<\/p>\n<p>Assim, feitos com amor, os nossos acess\u00f3rios de baby shower s\u00e3o feitos para cada cliente, ideia que resulta dos detalhes da sua hist\u00f3ria. Por isso, vamos j\u00e1 conta-la como ela \u00e9, pelas suas palavras.<\/p>\n<h2>Balde Pipocas Baby Shower<\/h2>\n<p>We understand that the credit for <b>Baby Shower<\/b> It's yours, but the mission is ours. And because of that, we create products tailored to each client's taste, always delivering quality, perfection, and good taste.<\/p>\n<p>Thus, find the answer to all the details that will make your party unique in the Online Store.<\/p>\n<p>Thus, we still have an inflatable and a slide available for rent. Therefore, request your quote by stating the date of the event and whether you wish to pick it up at our store or if you would like us to come to the event location for setup\/disassembly.<\/p>\n<p>Encontre aqui a resposta para todos os detalhes que far\u00e3o o seu Ch\u00e1 de beb\u00e9 \u00fanico. Dos quais Convites \/ Lembran\u00e7as de ch\u00e1 de Beb\u00e9 \/ Livros de Honra \/ Photobooths \/ e Baldes de pipocas.<\/p>\n<ul>\n<li>Mas tamb\u00e9m, Pins originais \/ Cesta para Lembran\u00e7a \/ e Bandeirolas \/ e Presentes especiais. Assim como Bodys \/ e Toalhas de Banho \/ e os Topo de Bolo \/ e os Sparklers \/ e Placas Boas Vindas.<\/li>\n<\/ul>\n<p><strong>See Also: <a href=\"https:\/\/miminhosritacatita.com\/en\/product-category\/gravidez-e-nascimento\/\">Presentes para Beb\u00e9s<\/a><\/strong><\/p>\n<p><strong>Visit our <a href=\"https:\/\/www.instagram.com\/miminhos.rita.catita\/\" target=\"_blank\" rel=\"noopener\">Instagram<\/a><\/strong><\/p>","protected":false},"excerpt":{"rendered":"<p>Balde Pipocas Baby Shower<\/p>\n<p>Balde vazio<\/p>\n<p>Encontre aqui a resposta para todos os pormenores que far\u00e3o a sua festa \u00fanica.<\/p>","protected":false},"featured_media":30157,"template":"","meta":[],"product_brand":[],"product_cat":[1112],"product_tag":[],"class_list":{"0":"post-30155","1":"product","2":"type-product","3":"status-publish","4":"has-post-thumbnail","6":"product_cat-acessorios-baby-shower","8":"first","9":"instock","10":"taxable","11":"shipping-taxable","12":"purchasable","13":"product-type-simple"},"_links":{"self":[{"href":"https:\/\/miminhosritacatita.com\/en\/wp-json\/wp\/v2\/product\/30155","targetHints":{"allow":["GET"]}}],"collection":[{"href":"https:\/\/miminhosritacatita.com\/en\/wp-json\/wp\/v2\/product"}],"about":[{"href":"https:\/\/miminhosritacatita.com\/en\/wp-json\/wp\/v2\/types\/product"}],"wp:featuredmedia":[{"embeddable":true,"href":"https:\/\/miminhosritacatita.com\/en\/wp-json\/wp\/v2\/media\/30157"}],"wp:attachment":[{"href":"https:\/\/miminhosritacatita.com\/en\/wp-json\/wp\/v2\/media?parent=30155"}],"wp:term":[{"taxonomy":"product_brand","embeddable":true,"href":"https:\/\/miminhosritacatita.com\/en\/wp-json\/wp\/v2\/product_brand?post=30155"},{"taxonomy":"product_cat","embeddable":true,"href":"https:\/\/miminhosritacatita.com\/en\/wp-json\/wp\/v2\/product_cat?post=30155"},{"taxonomy":"product_tag","embeddable":true,"href":"https:\/\/miminhosritacatita.com\/en\/wp-json\/wp\/v2\/product_tag?post=30155"}],"curies":[{"name":"wp","href":"https:\/\/api.w.org\/{rel}","templated":true}]}}