{"id":25579,"date":"2022-01-20T15:24:22","date_gmt":"2022-01-20T15:24:22","guid":{"rendered":"https:\/\/miminhosritacatita.com\/?post_type=product&#038;p=25579"},"modified":"2025-01-16T11:27:12","modified_gmt":"2025-01-16T11:27:12","slug":"presente-namorados-mini-personalizada","status":"publish","type":"product","link":"https:\/\/miminhosritacatita.com\/en\/presentes-personalizados\/presente-dia-dos-namorados-1\/presente-namorados-mini-personalizada\/","title":{"rendered":"Presente Namorados Mini Personalizada"},"content":{"rendered":"<h1 style=\"text-align: left;\">Presente Namorados Mini Personalizada<\/h1>\n<p style=\"text-align: left;\">Dizem que o segredo est\u00e1 nos detalhes\u2026 E n\u00f3s acreditamos! Na nossa loja o Presente Namorados Mini Personalizada \u00e9 dos nossos presentes personalizados favoritos.<\/p>\n<p style=\"text-align: left;\">Assim, qual ser\u00e1 a prenda de dia dos namorados escolhida? Pense!, porque \u00e9 aqui que o estilo pessoal vai brilhar!<\/p>\n<p style=\"text-align: left;\">Portanto, feitos com amor, personalizamos o seu presente de dia dos namorados, feitos para cada cliente, para v\u00e1rios pre\u00e7os e gostos, mantendo sempre a promessa de qualidade dos nossos produtos.<\/p>\n<p style=\"text-align: left;\">O m\u00e9rito pela prenda personalizada \u00e9 seu, mas a miss\u00e3o \u00e9 nossa. E, por isso, criamos prenda para namorado ou prenda para namorada, feitas ao gosto de cada cliente.<\/p>\n<h2 style=\"text-align: left;\">Compre aqui o Presente Namorados Mini Personalizada<\/h2>\n<p style=\"text-align: left;\">Assim, encontre na Miminhos Rita Catita a resposta para todos os detalhes que far\u00e3o o seu Dia dos Namorados original, \u00fanico e criativo. Como:<\/p>\n<ul>\n<li style=\"text-align: left;\">Caixa de chocolates,<\/li>\n<li style=\"text-align: left;\">Canecas personalizadas<\/li>\n<li style=\"text-align: left;\">Porta-retratos<\/li>\n<li style=\"text-align: left;\">Molduras<\/li>\n<li style=\"text-align: left;\">Bebidas com r\u00f3tulos personalizados e muito mais&#8230;<\/li>\n<\/ul>\n<p>Os presentes personalizados de Dia dos Namorados, s\u00e3o os mais indicados, pois s\u00e3o \u00fanicos e originais. Afinal, dedicas-te parte do tempo para encontrar algo criativo e especial.<\/p>\n<p>As prendas personalizadas tem um valor sentimental agregado e, com os produtos da Miminhos Rita Catita, \u00e9 poss\u00edvel surpreender a pessoa que amas.<\/p>\n<p>Antes de produzirmos, sempre enviamos aos nossos clientes uma maquete digital aos nossos clientes. Assim, ter\u00e1 a certeza que o seu presente de dia dos namorados ficar\u00e1 ao vosso gosto.<\/p>\n<p style=\"text-align: left;\">Encontre aqui o Prenda Dia dos Namorados para o(a) Melhor Namorado(a), encomende j\u00e1 o Presente Namorados Mini Personalizada pela loja on-line, e-mail, Instagram, Facebook ou Whatsapp.<\/p>","protected":false},"excerpt":{"rendered":"<p>Presente Namorados Mini Personalizada<\/p>\n<p>Caixa com Mini com r\u00f3tulo + \u00edman abre c\u00e1psulas personalizado<\/p>\n<p>O dia dos Namorados est\u00e1 a chegar!<\/p>\n<p>&nbsp;<\/p>\n<p>&nbsp;<\/p>\n<p>&nbsp;<\/p>\n<p>&nbsp;<\/p>","protected":false},"featured_media":25580,"template":"","meta":[],"product_brand":[],"product_cat":[1044],"product_tag":[],"class_list":{"0":"post-25579","1":"product","2":"type-product","3":"status-publish","4":"has-post-thumbnail","6":"product_cat-presente-dia-dos-namorados-1","8":"first","9":"instock","10":"taxable","11":"shipping-taxable","12":"purchasable","13":"product-type-simple"},"_links":{"self":[{"href":"https:\/\/miminhosritacatita.com\/en\/wp-json\/wp\/v2\/product\/25579","targetHints":{"allow":["GET"]}}],"collection":[{"href":"https:\/\/miminhosritacatita.com\/en\/wp-json\/wp\/v2\/product"}],"about":[{"href":"https:\/\/miminhosritacatita.com\/en\/wp-json\/wp\/v2\/types\/product"}],"wp:featuredmedia":[{"embeddable":true,"href":"https:\/\/miminhosritacatita.com\/en\/wp-json\/wp\/v2\/media\/25580"}],"wp:attachment":[{"href":"https:\/\/miminhosritacatita.com\/en\/wp-json\/wp\/v2\/media?parent=25579"}],"wp:term":[{"taxonomy":"product_brand","embeddable":true,"href":"https:\/\/miminhosritacatita.com\/en\/wp-json\/wp\/v2\/product_brand?post=25579"},{"taxonomy":"product_cat","embeddable":true,"href":"https:\/\/miminhosritacatita.com\/en\/wp-json\/wp\/v2\/product_cat?post=25579"},{"taxonomy":"product_tag","embeddable":true,"href":"https:\/\/miminhosritacatita.com\/en\/wp-json\/wp\/v2\/product_tag?post=25579"}],"curies":[{"name":"wp","href":"https:\/\/api.w.org\/{rel}","templated":true}]}}