{"id":23855,"date":"2022-01-06T13:40:57","date_gmt":"2022-01-06T13:40:57","guid":{"rendered":"https:\/\/miminhosritacatita.com\/?post_type=product&#038;p=23855"},"modified":"2025-11-13T10:22:27","modified_gmt":"2025-11-13T10:22:27","slug":"menus-casamento-impressao-dourada","status":"publish","type":"product","link":"https:\/\/miminhosritacatita.com\/en\/casamento\/ementas-de-casamento\/menus-casamento-impressao-dourada\/","title":{"rendered":"Wedding Menus Gold Printing"},"content":{"rendered":"<h1>Wedding Menus Gold Printing<\/h1>\n<p>Wedding Menus Gold Printing<\/p>\n<p>Dizem que o segredo est\u00e1 nos detalhes\u2026 E n\u00f3s acreditamos! Na nossa loja as Ementas de casamento s\u00e3o dos nossos detalhes favoritos.<\/p>\n<p>Dos robes \u00e0s ligas\u2026 Como ser\u00e3o as vossas Ementas de Casamento? Pense!, porque \u00e9 aqui que o estilo pessoal vai brilhar!<\/p>\n<p>Feitas com amor, as nossas Ementas para casamento s\u00e3o feitas para cada cliente, ideia que resulta dos detalhes da sua hist\u00f3ria. Por isso, vamos j\u00e1 conta-la como ela \u00e9, pelas suas palavras.<\/p>\n<p>Temos, na nossa loja, v\u00e1rios menus de Casamento, para v\u00e1rios pre\u00e7os e gostos, mantendo sempre a promessa de qualidade.<\/p>\n<h2>Os Menus Casamento Impress\u00e3o Dourada<\/h2>\n<p>We understand that the credit for <b>Wedding<\/b> It's yours, but the mission is ours. And because of that, we create products tailored to each client's taste, always delivering quality, perfection, and good taste.<\/p>\n<p>We also rent cars to transport the bride and groom. To find out the price, contact us and let us know the date of the event \/ the pick-up address \/ the church address \/ and the wedding venue.<\/p>\n<p>Assim, encontre na Loja Online a resposta para todos os pormenores que far\u00e3o a sua festa \u00fanica, como os menus de Casamento.<\/p>\n<p>Thus, we still have an inflatable and a slide available for rent. Therefore, request your quote by stating the date of the event and whether you wish to pick it up at our store or if you would like us to come to the event location for setup\/disassembly.<\/p>\n<ul>\n<li>Encontre aqui a resposta para todos os detalhes que far\u00e3o o seu Casamento \u00fanico. Dos quais Convites de casamento \/ ementas de casamento \/ Porta Alian\u00e7as \/ Livros de Honra \/ Lembran\u00e7as de casamento. Mas tamb\u00e9m, as Cestas de Lembran\u00e7as \/ e os Photo Booth \/ e os Cabides. Assim como Flutes \/ e Talheres \/ e os Bal\u00f5es \/ e os Sparklers \/ e Placas \u201cL\u00e1 Vem a Noiva\u201d.<\/li>\n<\/ul>\n<p>Tamb\u00e9m temos Ramos de Noiva Artificiais \/ e os Ramos de Solteiras \/ e Caixas de Envelopes. E ainda, as Ofertas a Pais e Padrinhos \/ e as Argolas de Guardanapos\/ e as Ementas. Seja como for, encomende j\u00e1 os seus Menus Casamento Impress\u00e3o Dourada!<\/p>\n<p>See Also: <a href=\"https:\/\/miminhosritacatita.com\/en\/product\/brides-agenda\/\">Bride's Schedule<\/a><\/p>\n<p><strong>Follow us on <a href=\"https:\/\/www.instagram.com\/miminhos.rita.catita\/\" target=\"_blank\" rel=\"noopener\">Instagram<\/a><\/strong><\/p>","protected":false},"excerpt":{"rendered":"<p>Wedding Menus Gold Printing<\/p>\n<p>Dimens\u00e3o: 10 x 14,8cm<\/p>\n<p>Impress\u00e3o Dourado espelhado apenas no rebordo, caso altere dimens\u00f5es da pe\u00e7a ou do rebordo dourado, os valores ser\u00e3o alterados.<\/p>\n<p>Personalize a ementa com cores ou temas que ter\u00e1 na sua cerim\u00f3nia tamb\u00e9m!<\/p>\n<p>&nbsp;<\/p>","protected":false},"featured_media":65937,"template":"","meta":[],"product_brand":[],"product_cat":[789],"product_tag":[],"class_list":{"0":"post-23855","1":"product","2":"type-product","3":"status-publish","4":"has-post-thumbnail","6":"product_cat-ementas-de-casamento","8":"first","9":"instock","10":"taxable","11":"shipping-taxable","12":"purchasable","13":"product-type-simple"},"_links":{"self":[{"href":"https:\/\/miminhosritacatita.com\/en\/wp-json\/wp\/v2\/product\/23855","targetHints":{"allow":["GET"]}}],"collection":[{"href":"https:\/\/miminhosritacatita.com\/en\/wp-json\/wp\/v2\/product"}],"about":[{"href":"https:\/\/miminhosritacatita.com\/en\/wp-json\/wp\/v2\/types\/product"}],"wp:featuredmedia":[{"embeddable":true,"href":"https:\/\/miminhosritacatita.com\/en\/wp-json\/wp\/v2\/media\/65937"}],"wp:attachment":[{"href":"https:\/\/miminhosritacatita.com\/en\/wp-json\/wp\/v2\/media?parent=23855"}],"wp:term":[{"taxonomy":"product_brand","embeddable":true,"href":"https:\/\/miminhosritacatita.com\/en\/wp-json\/wp\/v2\/product_brand?post=23855"},{"taxonomy":"product_cat","embeddable":true,"href":"https:\/\/miminhosritacatita.com\/en\/wp-json\/wp\/v2\/product_cat?post=23855"},{"taxonomy":"product_tag","embeddable":true,"href":"https:\/\/miminhosritacatita.com\/en\/wp-json\/wp\/v2\/product_tag?post=23855"}],"curies":[{"name":"wp","href":"https:\/\/api.w.org\/{rel}","templated":true}]}}