{"id":19005,"date":"2021-04-12T16:00:41","date_gmt":"2021-04-12T16:00:41","guid":{"rendered":"https:\/\/miminhosritacatita.com\/?post_type=product&#038;p=19005"},"modified":"2025-01-31T17:39:10","modified_gmt":"2025-01-31T17:39:10","slug":"summerby-mama-prenda-especial","status":"publish","type":"product","link":"https:\/\/miminhosritacatita.com\/en\/presentes-personalizados\/prendas-dia-da-mae\/summerby-mama-prenda-especial\/","title":{"rendered":"Summerby Mam\u00e3 Prenda Especial"},"content":{"rendered":"<h1>Summerby Mam\u00e3 Prenda Especial<\/h1>\n<p>Summerby Mam\u00e3 Prenda Especial<\/p>\n<p>They say the secret is in the details... And we believe it! In our store, Mother's Day gifts are some of our favorite details.<\/p>\n<p>So, for Mother's Day... what gift will you choose? Think! because this is where personal style will shine!<\/p>\n<h2>O Summerby Mam\u00e3 Prenda Especial<\/h2>\n<p>Therefore, made with love, our products are made for each customer, an idea that stems from the details of their story. So let's tell it like it is, in your own words.<\/p>\n<p>No entanto, temos, na nossa loja, como o Summerby Mam\u00e3 Prenda,\u00a0 presentes para v\u00e1rios pre\u00e7os e gostos, mantendo sempre a promessa de qualidade.<\/p>\n<p>The credit for the gift is yours, but the mission is ours. And that's why we create products tailored to the taste of each client, always fulfilling quality, perfection and good taste.<\/p>\n<p>So find the answer to all the details that will make this day unique right here.<\/p>\n<ul>\n<li>Of which, the frames with your photo and a special message \/ the Hammer with a message \/ or the Bedroom Slippers \/ or the Original Mom Gift \/ or the piggy bank frame for Mom's dreams.<\/li>\n<\/ul>\n<p>So find the answer to all the details that will make your party unique in the Online Shop.<\/p>\n<p>What's more, for this special day we also have more different and original gifts to offer the Best Mom, a Chocolate Box to your liking \/ or a box with chocolates and a drink \/ or Chocolates with a message.<\/p>\n<p>Find the ideal gift for the best mother in the world here, order now.<\/p>\n<p>See Also: <a href=\"https:\/\/miminhosritacatita.com\/en\/product\/brides-agenda\/\">Bride's Schedule<\/a><\/p>\n<p><strong>Follow us on<a href=\"https:\/\/www.instagram.com\/miminhos.rita.catita\/\" target=\"_blank\" rel=\"noopener\"> Instagram<\/a><\/strong><\/p>\n<p>&nbsp;<\/p>","protected":false},"excerpt":{"rendered":"<p>Summerby Mam\u00e3 Prenda Especial com copo com grava\u00e7\u00e3o e Abre C\u00e1psulas<\/p>\n<p>For changes, please indicate in the notes after finalizing your order.<\/p>\n<p>O Dia da M\u00e3e est\u00e1 a chegar, \u00e9 no primeiro Domingo de Maio, encomende j\u00e1 o presente ideal para a Melhor M\u00e3e do Mundo!<\/p>","protected":false},"featured_media":28962,"template":"","meta":[],"product_brand":[],"product_cat":[1076],"product_tag":[1064,1117],"class_list":{"0":"post-19005","1":"product","2":"type-product","3":"status-publish","4":"has-post-thumbnail","6":"product_cat-prendas-dia-da-mae","7":"product_tag-naofeed","8":"product_tag-naofeedgoogle","10":"first","11":"instock","12":"taxable","13":"shipping-taxable","14":"purchasable","15":"product-type-simple"},"_links":{"self":[{"href":"https:\/\/miminhosritacatita.com\/en\/wp-json\/wp\/v2\/product\/19005","targetHints":{"allow":["GET"]}}],"collection":[{"href":"https:\/\/miminhosritacatita.com\/en\/wp-json\/wp\/v2\/product"}],"about":[{"href":"https:\/\/miminhosritacatita.com\/en\/wp-json\/wp\/v2\/types\/product"}],"wp:featuredmedia":[{"embeddable":true,"href":"https:\/\/miminhosritacatita.com\/en\/wp-json\/wp\/v2\/media\/28962"}],"wp:attachment":[{"href":"https:\/\/miminhosritacatita.com\/en\/wp-json\/wp\/v2\/media?parent=19005"}],"wp:term":[{"taxonomy":"product_brand","embeddable":true,"href":"https:\/\/miminhosritacatita.com\/en\/wp-json\/wp\/v2\/product_brand?post=19005"},{"taxonomy":"product_cat","embeddable":true,"href":"https:\/\/miminhosritacatita.com\/en\/wp-json\/wp\/v2\/product_cat?post=19005"},{"taxonomy":"product_tag","embeddable":true,"href":"https:\/\/miminhosritacatita.com\/en\/wp-json\/wp\/v2\/product_tag?post=19005"}],"curies":[{"name":"wp","href":"https:\/\/api.w.org\/{rel}","templated":true}]}}