{"id":19000,"date":"2021-04-12T15:56:53","date_gmt":"2021-04-12T15:56:53","guid":{"rendered":"https:\/\/miminhosritacatita.com\/?post_type=product&#038;p=19000"},"modified":"2025-01-31T17:24:35","modified_gmt":"2025-01-31T17:24:35","slug":"presente-especial-mae-adora","status":"publish","type":"product","link":"https:\/\/miminhosritacatita.com\/en\/presentes-personalizados\/prendas-dia-da-mae\/presente-especial-mae-adora\/","title":{"rendered":"Presente Especial M\u00e3e Adora"},"content":{"rendered":"<h1>Presente Especial M\u00e3e Adora<\/h1>\n<p>Presente Especial M\u00e3e Adora<\/p>\n<p>They say the secret is in the details... And we believe it! In our store, Mother's Day gifts are some of our favorite details.<\/p>\n<p>So, for Mother's Day... what gift will you choose? Think! because this is where personal style will shine!<\/p>\n<p>Therefore, made with love, our products are made for each customer, an idea that stems from the details of their story. So let's tell it like it is, in your own words.<\/p>\n<p>No entanto, temos, na nossa loja, v\u00e1rios Presentes para a M\u00e3e, para v\u00e1rios pre\u00e7os e gostos, mantendo sempre a promessa de qualidade.<\/p>\n<h2>O Presente Especial M\u00e3e Adora<\/h2>\n<p>The credit for the gift is yours, but the mission is ours. And that's why we create products tailored to the taste of each client, always fulfilling quality, perfection and good taste.<\/p>\n<p>So find the answer to all the details that will make your party unique in the Online Shop.<\/p>\n<p>So find the answer to all the details that will make this day unique right here.<\/p>\n<ul>\n<li>Dos quais, as molduras com a vossa foto e uma mensagem especial \/ o Martelo com mensagem \/ ou os Chinelos de Quarto \/ ou bebidas com r\u00f3tulos e copos personalizados \/ ou a moldura mealheiro para os sonhos da Mam\u00e3.<\/li>\n<\/ul>\n<p>What's more, for this special day we also have more different and original gifts to offer the Best Mom, a Chocolate Box to your liking \/ or a box with chocolates and a drink \/ or Chocolates with a message.<\/p>\n<p>Find the ideal gift for the best mother in the world here, order now.<\/p>\n<p>See Also: <a href=\"https:\/\/miminhosritacatita.com\/en\/product\/brides-agenda\/\">Bride's Schedule<\/a><\/p>\n<p><strong>Follow us on<a href=\"https:\/\/www.instagram.com\/miminhos.rita.catita\/\" target=\"_blank\" rel=\"noopener\"> Instagram<\/a><\/strong><\/p>\n<p>&nbsp;<\/p>","protected":false},"excerpt":{"rendered":"<p>Presente Especial M\u00e3e Adora (Coca-cola e Copo com grava\u00e7\u00e3o) O efeito do lim\u00e3o \u00e9 apenas sugest\u00e3o de apresenta\u00e7\u00e3o<\/p>\n<p>For changes, please indicate in the notes after finalizing your order.<\/p>\n<p>O Dia da M\u00e3e est\u00e1 a chegar, \u00e9 no primeiro Domingo de Maio<\/p>","protected":false},"featured_media":28862,"template":"","meta":[],"product_brand":[],"product_cat":[1076],"product_tag":[],"class_list":{"0":"post-19000","1":"product","2":"type-product","3":"status-publish","4":"has-post-thumbnail","6":"product_cat-prendas-dia-da-mae","8":"first","9":"instock","10":"taxable","11":"shipping-taxable","12":"purchasable","13":"product-type-simple"},"_links":{"self":[{"href":"https:\/\/miminhosritacatita.com\/en\/wp-json\/wp\/v2\/product\/19000","targetHints":{"allow":["GET"]}}],"collection":[{"href":"https:\/\/miminhosritacatita.com\/en\/wp-json\/wp\/v2\/product"}],"about":[{"href":"https:\/\/miminhosritacatita.com\/en\/wp-json\/wp\/v2\/types\/product"}],"wp:featuredmedia":[{"embeddable":true,"href":"https:\/\/miminhosritacatita.com\/en\/wp-json\/wp\/v2\/media\/28862"}],"wp:attachment":[{"href":"https:\/\/miminhosritacatita.com\/en\/wp-json\/wp\/v2\/media?parent=19000"}],"wp:term":[{"taxonomy":"product_brand","embeddable":true,"href":"https:\/\/miminhosritacatita.com\/en\/wp-json\/wp\/v2\/product_brand?post=19000"},{"taxonomy":"product_cat","embeddable":true,"href":"https:\/\/miminhosritacatita.com\/en\/wp-json\/wp\/v2\/product_cat?post=19000"},{"taxonomy":"product_tag","embeddable":true,"href":"https:\/\/miminhosritacatita.com\/en\/wp-json\/wp\/v2\/product_tag?post=19000"}],"curies":[{"name":"wp","href":"https:\/\/api.w.org\/{rel}","templated":true}]}}