{"id":18554,"date":"2021-04-05T15:27:43","date_gmt":"2021-04-05T15:27:43","guid":{"rendered":"https:\/\/miminhosritacatita.com\/?post_type=product&#038;p=18554"},"modified":"2026-01-05T17:50:40","modified_gmt":"2026-01-05T17:50:40","slug":"lembranca-casamento-marcador-aviao","status":"publish","type":"product","link":"https:\/\/miminhosritacatita.com\/en\/casamento\/lembrancas-de-casamento\/lembranca-casamento-marcador-aviao\/","title":{"rendered":"Wedding favor airplane souvenir"},"content":{"rendered":"<h1>Wedding favor airplane souvenir<\/h1>\n<p>Wedding favor airplane souvenir<\/p>\n<p>They say the secret is in the details... And we believe it! In our store, Wedding Souvenirs are one of our favorite details.<\/p>\n<p>Dos robes \u00e0s ligas\u2026 Como ser\u00e3o as vossas Lembran\u00e7as de Casamento? Pense!, porque \u00e9 aqui que o estilo pessoal vai brilhar! A Lembran\u00e7a Casamento Marcador Avi\u00e3o \u00e9 a solu\u00e7\u00e3o ideal!<\/p>\n<p>Made with love, our Wedding Souvenirs are made for each client, an idea that stems from the details of their story. So let's tell it like it is, in your own words.<\/p>\n<p>In our store, we have various Wedding Gifts for different prices and tastes, always keeping the promise of quality.<\/p>\n<h2>Wedding favor airplane souvenir<\/h2>\n<p>We understand that the credit for <b>Wedding<\/b> is yours, but the mission is ours. That's why we create wedding gifts tailored to the tastes of each client, always delivering on quality, perfection and good taste.<\/p>\n<p>So find the answer to all the details that will make your celebration unique, such as this wedding souvenir, in the Online Shop.<\/p>\n<p>We also rent cars to transport the bride and groom. To find out the price, contact us and let us know the date of the event \/ the pick-up address \/ the church address \/ and the wedding venue.<\/p>\n<h3><strong>Wedding souvenirs, Wedding souvenirs for guests, Simple wedding souvenirs, Original wedding souvenirs, Wedding souvenirs for men.<\/strong><\/h3>\n<p>In any case, find the answer to all the details that will make your Wedding unique with our wedding gifts. These include Wedding Favors \/ Invitations \/ Wedding Ring Holders \/ Honor Books \/ Anchor Capsule Souvenirs.<\/p>\n<ul>\n<li>But also Souvenir Baskets \/ and Photo Booths \/ and Hangers. As well as Flutes \/ and Cutlery \/ and Balloons \/ and Sparklers \/ and \u201cHere Comes the Bride\u201d Plates.<\/li>\n<\/ul>\n<p>We also have Artificial Bridal Bouquets \/ and Bachelorette Bouquets \/ and Envelope Boxes. We also have Gifts for Fathers and Godfathers \/ and Napkin Rings \/ and Menus.<\/p>\n<p>See Also: <a href=\"https:\/\/miminhosritacatita.com\/en\/product\/brides-agenda\/\">Bride's Schedule<\/a><\/p>\n<p>Follow us on <a href=\"https:\/\/www.instagram.com\/miminhos.rita.catita\/\" target=\"_blank\" rel=\"noopener\">Instagram<\/a><\/p>","protected":false},"excerpt":{"rendered":"<p>Lembran\u00e7a Casamento Marcador Avi\u00e3o com grava\u00e7\u00e3o e fita (apenas est\u00e1 inclu\u00eddo o avi\u00e3o)<\/p>\n<p>Material: 3mm wood<\/p>\n<div>Dimens\u00e3o: 10,7 x 9,8cm<\/div>\n<div>Cor da fita da imagem: Verde \u00e1gua<\/div>\n<div><\/div>\n<div>Uma Lembran\u00e7a com utilidade e originalidade que tornar\u00e1 o seu casamento \u00fanico!<\/div>","protected":false},"featured_media":28157,"template":"","meta":[],"product_brand":[],"product_cat":[479],"product_tag":[],"class_list":{"0":"post-18554","1":"product","2":"type-product","3":"status-publish","4":"has-post-thumbnail","6":"product_cat-lembrancas-de-casamento","8":"first","9":"instock","10":"taxable","11":"shipping-taxable","12":"purchasable","13":"product-type-simple"},"_links":{"self":[{"href":"https:\/\/miminhosritacatita.com\/en\/wp-json\/wp\/v2\/product\/18554","targetHints":{"allow":["GET"]}}],"collection":[{"href":"https:\/\/miminhosritacatita.com\/en\/wp-json\/wp\/v2\/product"}],"about":[{"href":"https:\/\/miminhosritacatita.com\/en\/wp-json\/wp\/v2\/types\/product"}],"wp:featuredmedia":[{"embeddable":true,"href":"https:\/\/miminhosritacatita.com\/en\/wp-json\/wp\/v2\/media\/28157"}],"wp:attachment":[{"href":"https:\/\/miminhosritacatita.com\/en\/wp-json\/wp\/v2\/media?parent=18554"}],"wp:term":[{"taxonomy":"product_brand","embeddable":true,"href":"https:\/\/miminhosritacatita.com\/en\/wp-json\/wp\/v2\/product_brand?post=18554"},{"taxonomy":"product_cat","embeddable":true,"href":"https:\/\/miminhosritacatita.com\/en\/wp-json\/wp\/v2\/product_cat?post=18554"},{"taxonomy":"product_tag","embeddable":true,"href":"https:\/\/miminhosritacatita.com\/en\/wp-json\/wp\/v2\/product_tag?post=18554"}],"curies":[{"name":"wp","href":"https:\/\/api.w.org\/{rel}","templated":true}]}}