{"id":13445,"date":"2020-05-13T10:10:32","date_gmt":"2020-05-13T10:10:32","guid":{"rendered":"https:\/\/miminhosritacatita.com\/?post_type=product&#038;p=13445"},"modified":"2026-03-16T18:01:11","modified_gmt":"2026-03-16T18:01:11","slug":"lembranca-casamento-padrinhos-gold","status":"publish","type":"product","link":"https:\/\/miminhosritacatita.com\/en\/casamento\/lembranca-de-casamento-para-padrinhos\/lembranca-casamento-padrinhos-gold\/","title":{"rendered":"Gold Wedding Favors"},"content":{"rendered":"<h1>Gold Wedding Favors<\/h1>\n<p>Gold Wedding Favors<\/p>\n<p>They say the secret is in the details... And we believe it! In our store, wedding favors for groomsmen and fathers are some of our favorite details.<\/p>\n<p>From robes to garters... What will your Best Man Wedding Favors look like? Think! because this is where your personal style will shine!<\/p>\n<p>Feitas com amor, a nossa Lembran\u00e7a Casamento Padrinhos Gold, \u00e9 exclusiva, ideia que resulta dos detalhes da sua hist\u00f3ria. Por isso, vamos j\u00e1 conta-la como ela \u00e9, pelas suas palavras.<\/p>\n<p>Assim, temos, na nossa loja, v\u00e1rias lembran\u00e7as de casamento para v\u00e1rios pre\u00e7os e gostos, mantendo sempre a promessa de qualidade.<\/p>\n<h2>Gold Wedding Favors<\/h2>\n<p>We understand that the credit for <b>Wedding<\/b> It's yours, but the mission is ours. And because of that, we create products tailored to each client's taste, always delivering quality, perfection, and good taste.<\/p>\n<p>So find the answer to all the details that will make your celebration unique in the Online Shop, such as wedding invitations, wedding souvenirs, bride's diary, bridal garter, rustic wedding invitations and wedding and christening invitations.<\/p>\n<p>We also rent cars to transport the bride and groom. So, to find out the price, contact us and let us know the date of the event \/ the pick-up address \/ the church address \/ and the wedding venue.<\/p>\n<p>Find here the answer to all the details that will make your Wedding unique. Of which:<\/p>\n<ul>\n<li>Wedding tokens for groomsmen \/ tokens for fathers \/ ring bearers \/ wedding honor books \/ wedding souvenirs. But also Souvenir Baskets \/ and Wedding Photo Booths \/ and Wedding Hangers. As well as Flutes \/ and Cutlery \/ and Balloons \/ and Sparklers \/ and Wedding Plates.<\/li>\n<\/ul>\n<p>Anyway, we also have Bridal Bouquets \/ and Bachelorette Bouquets \/ and Envelope Boxes. And Wedding Favors for Best Man \/ and Napkin Rings \/ and Menus.<\/p>\n<p><strong>See Also: <a href=\"https:\/\/miminhosritacatita.com\/en\/product\/brides-agenda\/\">Bride's Schedule<\/a><\/strong><\/p>\n<p><strong>Follow us on <a href=\"https:\/\/www.instagram.com\/miminhos.rita.catita\/\" target=\"_blank\" rel=\"noopener\">Instagram<\/a><\/strong><\/p>","protected":false},"excerpt":{"rendered":"<p>Gold Wedding Favors<\/p>\n<p>O Espumante Gold 23K \u00e9 um premiado Espumante Bruto Austr\u00edaco, produzido desde 1997.<\/p>\n<p>Genuine edible 23-karat gold flakes are added to this sparkling wine, adding a touch of sparkle to any occasion.<\/p>\n<p>Garrafa de Champanhe 0,75L com caixa em forma de barra de ouro inclu\u00edda<\/p>\n<p>&nbsp;<\/p>\n<p>&nbsp;<\/p>","protected":false},"featured_media":40059,"template":"","meta":[],"product_brand":[],"product_cat":[984],"product_tag":[],"class_list":{"0":"post-13445","1":"product","2":"type-product","3":"status-publish","4":"has-post-thumbnail","6":"product_cat-lembranca-de-casamento-para-padrinhos","8":"first","9":"instock","10":"taxable","11":"shipping-taxable","12":"purchasable","13":"product-type-simple"},"_links":{"self":[{"href":"https:\/\/miminhosritacatita.com\/en\/wp-json\/wp\/v2\/product\/13445","targetHints":{"allow":["GET"]}}],"collection":[{"href":"https:\/\/miminhosritacatita.com\/en\/wp-json\/wp\/v2\/product"}],"about":[{"href":"https:\/\/miminhosritacatita.com\/en\/wp-json\/wp\/v2\/types\/product"}],"wp:featuredmedia":[{"embeddable":true,"href":"https:\/\/miminhosritacatita.com\/en\/wp-json\/wp\/v2\/media\/40059"}],"wp:attachment":[{"href":"https:\/\/miminhosritacatita.com\/en\/wp-json\/wp\/v2\/media?parent=13445"}],"wp:term":[{"taxonomy":"product_brand","embeddable":true,"href":"https:\/\/miminhosritacatita.com\/en\/wp-json\/wp\/v2\/product_brand?post=13445"},{"taxonomy":"product_cat","embeddable":true,"href":"https:\/\/miminhosritacatita.com\/en\/wp-json\/wp\/v2\/product_cat?post=13445"},{"taxonomy":"product_tag","embeddable":true,"href":"https:\/\/miminhosritacatita.com\/en\/wp-json\/wp\/v2\/product_tag?post=13445"}],"curies":[{"name":"wp","href":"https:\/\/api.w.org\/{rel}","templated":true}]}}