{"id":10642,"date":"2020-02-27T18:41:34","date_gmt":"2020-02-27T18:41:34","guid":{"rendered":"https:\/\/miminhosritacatita.com\/?post_type=product&#038;p=10642"},"modified":"2024-11-21T12:26:18","modified_gmt":"2024-11-21T12:26:18","slug":"lembranca-bodas-ouro-abridor","status":"publish","type":"product","link":"https:\/\/miminhosritacatita.com\/en\/bodas\/bodas-de-ouro\/lembrancas-bodas-de-ouro\/lembranca-bodas-ouro-abridor\/","title":{"rendered":"Lembran\u00e7a Bodas Ouro Abridor"},"content":{"rendered":"<h1>Lembran\u00e7a Bodas Ouro Abridor<\/h1>\n<p>Lembran\u00e7a Bodas Ouro Abridor<\/p>\n<p>As Bodas de Ouro s\u00e3o uma celebra\u00e7\u00e3o muito importante e est\u00e3o prestes a chegar. E estamos convencidos de que isso \u00e9 motivo para celebrar.<\/p>\n<p>Todos temos uma hist\u00f3ria. E, n\u00f3s suspeitamos de que a Lembran\u00e7a Bodas Ouro Abridor\u00a0seja\u00a0 um bom pretexto para (nos) contar a sua!<\/p>\n<p>Every detail counts, from dating to the wedding date to the guest list!  Because let's start preparing for the sweetest Golden Jubilee ever.<\/p>\n<p>Entendemos que o m\u00e9rito pelas<b> Golden Anniversary<\/b>\u00a0\u00e9 seu, mas que a miss\u00e3o \u00e9 nossa. E, por isso, criamos produtos \u00fanicos e adaptados ao gosto de cada cliente, cumprindo sempre com a qualidade e perfei\u00e7\u00e3o e bom gosto.<\/p>\n<p>Feitos com amor, as nossas lembran\u00e7as de bodas de ouro s\u00e3o feitas para cada cliente.<\/p>\n<h2>A Lembran\u00e7a Bodas Ouro Abridor<\/h2>\n<p>By the time they get married, every couple has a story. And at Miminhos, we know that souvenirs are a good excuse to tell yours!<\/p>\n<p>Feitos com amor, os brindes de bodas de ouro s\u00e3o feitos para cada cliente, ideia que resulta dos detalhes da sua hist\u00f3ria. Por isso, vamos j\u00e1 conta-la como ela \u00e9, pelas suas palavras.<\/p>\n<p>Assim, temos lembran\u00e7as de bodas de ouro de todas as formas e cores e materiais e tamb\u00e9m a todos os pre\u00e7os. Al\u00e9m disso, os nossos brindes s\u00e3o feitos c\u00e1, j\u00e1 que \u00e9 o que nos d\u00e1 o controlo sobre o prazo de produ\u00e7\u00e3o.<\/p>\n<p>Buy the products that will make your party a success in the Miminhos Online Shop now<strong>, <\/strong>a melhor:<\/p>\n<ul>\n<li>Invitations<\/li>\n<li>Abridor Lembran\u00e7a Bodas Ouro<\/li>\n<li>Ring Bearer<\/li>\n<li>Books of Honor<\/li>\n<\/ul>\n<p>E ainda, Placards, Caixas de Envelopes, Marcadores de Mesa, Ementas e Cestas.<\/p>\n<p class=\"font_3\">So be inspired by our work and get more wedding ideas now, from the simplest, to the most elegant and formal, to the most fun.<\/p>\n<p class=\"font_2\">Assim, combine j\u00e1 o design do seu <strong>brinde de bodas de ouro <\/strong>com o ambiente que quer apresentar aos seus convidados no dia.<\/p>\n<p class=\"font_3\">So take a look below at some types of <strong>Lembran\u00e7as de bodas de ouro <\/strong>created in the Miminhos store.<\/p>\n<p><strong>See Also: <a href=\"https:\/\/miminhosritacatita.com\/en\/product-category\/golden-anniversary\/convites-bodas-de-ouro\/\">Convites p\/ 50 anos de casados<\/a><\/strong><\/p>\n<p><strong>Visit our <a href=\"https:\/\/www.instagram.com\/miminhos.rita.catita\/\" target=\"_blank\" rel=\"noopener\">Instagram<\/a><\/strong><\/p>","protected":false},"excerpt":{"rendered":"<p>Lembran\u00e7a Bodas Ouro Abridor<\/p>\n<p>Medidas da caixa: 11 x 8cm<br \/>\nMedidas do abridor: 6,6 x 3,2cm<\/p>\n<p>Portanto, escolha um presente \u00fatil e original!<\/p>","protected":false},"featured_media":41821,"template":"","meta":[],"product_brand":[],"product_cat":[1048],"product_tag":[],"class_list":{"0":"post-10642","1":"product","2":"type-product","3":"status-publish","4":"has-post-thumbnail","6":"product_cat-lembrancas-bodas-de-ouro","8":"first","9":"instock","10":"taxable","11":"shipping-taxable","12":"purchasable","13":"product-type-simple"},"_links":{"self":[{"href":"https:\/\/miminhosritacatita.com\/en\/wp-json\/wp\/v2\/product\/10642","targetHints":{"allow":["GET"]}}],"collection":[{"href":"https:\/\/miminhosritacatita.com\/en\/wp-json\/wp\/v2\/product"}],"about":[{"href":"https:\/\/miminhosritacatita.com\/en\/wp-json\/wp\/v2\/types\/product"}],"wp:featuredmedia":[{"embeddable":true,"href":"https:\/\/miminhosritacatita.com\/en\/wp-json\/wp\/v2\/media\/41821"}],"wp:attachment":[{"href":"https:\/\/miminhosritacatita.com\/en\/wp-json\/wp\/v2\/media?parent=10642"}],"wp:term":[{"taxonomy":"product_brand","embeddable":true,"href":"https:\/\/miminhosritacatita.com\/en\/wp-json\/wp\/v2\/product_brand?post=10642"},{"taxonomy":"product_cat","embeddable":true,"href":"https:\/\/miminhosritacatita.com\/en\/wp-json\/wp\/v2\/product_cat?post=10642"},{"taxonomy":"product_tag","embeddable":true,"href":"https:\/\/miminhosritacatita.com\/en\/wp-json\/wp\/v2\/product_tag?post=10642"}],"curies":[{"name":"wp","href":"https:\/\/api.w.org\/{rel}","templated":true}]}}