{"id":8802,"date":"2019-10-04T09:17:35","date_gmt":"2019-10-04T09:17:35","guid":{"rendered":"https:\/\/miminhosritacatita.com\/?post_type=product&#038;p=8802"},"modified":"2026-03-12T17:35:11","modified_gmt":"2026-03-12T17:35:11","slug":"convite-padrinhos-casamento-charuto","status":"publish","type":"product","link":"https:\/\/miminhosritacatita.com\/el\/casamento\/convites-padrinhos-casamento\/convite-padrinhos-casamento-charuto\/","title":{"rendered":"Convite Padrinhos Casamento Charuto"},"content":{"rendered":"<h1>Convite Padrinhos Casamento Charuto<\/h1>\n<p>Convite Padrinhos Casamento Charuto<\/p>\n<p>\u00c9 oficial, a data est\u00e1 marcada! E n\u00f3s queremos saber: qual \u00e9 o dia do seu casamento? Porque o <strong>Convite para Padrinho de Casamento, e para pais,<\/strong>\u00a0dos seus sonhos pode agora ser real.<\/p>\n<p>Dizem que o segredo est\u00e1 nos detalhes\u2026 E n\u00f3s acreditamos! Na nossa loja o Convite Padrinhos Casamento Charuto \u00e9 dos nossos detalhes favoritos.<\/p>\n<p>Dos robes \u00e0s ligas\u2026 Como ser\u00e3o os vossos Convites para padrinhos de casamento? Pense!, porque \u00e9 aqui que o estilo pessoal vai brilhar!<\/p>\n<p>Feitos com amor, os Convites para Padrinhos de casamento, e para pais, \u00e9 feito para cada cliente, ideia que resulta dos detalhes da sua hist\u00f3ria. Por isso, vamos j\u00e1 conta-la como ela \u00e9, pelas suas palavras.<\/p>\n<p>Temos, na nossa loja, tamb\u00e9m v\u00e1rios Convites, para v\u00e1rios pre\u00e7os e gostos, mantendo sempre a promessa de qualidade que o cliente merece.<\/p>\n<p>Assim, portanto encontre na Loja Online a resposta para todos os pormenores que far\u00e3o a sua festa \u00fanica.<\/p>\n<h2>Convite Padrinhos Casamento Charuto<\/h2>\n<p>Entendemos que o m\u00e9rito pelo <b>Casamento<\/b> \u00e9 seu, mas que a miss\u00e3o tamb\u00e9m \u00e9 nossa. E, por isso, criamos produtos ajustados ao gosto de cada cliente, cumprindo sempre com a qualidade e perfei\u00e7\u00e3o e bom gosto.<\/p>\n<p>Tamb\u00e9m alugamos carros para o transporte dos noivos. Portanto para saber o pre\u00e7o contacte-nos e informe a data do Evento \/ a morada de recolha \/ a da Igreja \/ e a do local da boda.<\/p>\n<p>Assim, temos ainda para alugar um insufl\u00e1vel e um escorrega. Portanto, pe\u00e7a o seu or\u00e7amento dizendo em que dia ser\u00e1 o evento e se o deseja levantar em loja ou se pretende que nos desloquemos ao local do evento para a montagem \/ e desmontagem.<\/p>\n<p>Assim, encontre aqui a resposta para todos os detalhes que far\u00e3o o seu Casamento \u00fanico. Dos quais Convite Padrinhos Casamento Charuto \/ Porta Alian\u00e7as \/ Livros de Honra \/ Lembran\u00e7as. Mas tamb\u00e9m, Cestas de Lembran\u00e7as \/ e Photo Booth \/ e Cabides. Assim como Flutes \/ e Talheres \/ e os Bal\u00f5es \/ e os Sparklers \/ e Placas para casamento.\u00a0 Al\u00e9m de tamb\u00e9m:<\/p>\n<ul>\n<li>Placards<\/li>\n<li>Caixas de Envelopes<\/li>\n<li>Marcadores de Mesa<\/li>\n<li>Ementas e Cestas.<\/li>\n<\/ul>\n<p>Tamb\u00e9m temos os Ramos de Noiva Artificiais \/ e os Ramos de Solteiras \/ e Caixas de Envelopes. E ainda, as Ofertas a Pais e Padrinhos \/ e as Argolas de Guardanapos\/ e as Ementas. Seja como for, encomende j\u00e1 o seu Convite Padrinhos Casamento Cerveja.<\/p>\n<p><strong>Veja Tamb\u00e9m: <a href=\"https:\/\/miminhosritacatita.com\/el\/product-category\/casamentos\/lembrancas-de-casamento\/\">Lembran\u00e7as de Casamento<\/a><\/strong><\/p>\n<p><strong>Siga-nos no <a href=\"https:\/\/www.instagram.com\/miminhos.rita.catita\/\" target=\"_blank\" rel=\"noopener\">Instagram<\/a><\/strong><\/p>","protected":false},"excerpt":{"rendered":"<p>Convite Padrinhos Casamento Charuto<\/p>\n<p>Dimens\u00e3o da caixa: 20 x 5,5 x 4(alt) cm<\/p>\n<p>Para outras cores, indicar nas notas.<\/p>\n<p>Um presente que o padrinho ir\u00e1 certamente adorar!<\/p>\n<p>&nbsp;<\/p>","protected":false},"featured_media":48168,"template":"","meta":[],"product_brand":[],"product_cat":[983],"product_tag":[],"class_list":{"0":"post-8802","1":"product","2":"type-product","3":"status-publish","4":"has-post-thumbnail","6":"product_cat-convites-padrinhos-casamento","8":"first","9":"instock","10":"taxable","11":"shipping-taxable","12":"purchasable","13":"product-type-simple"},"_links":{"self":[{"href":"https:\/\/miminhosritacatita.com\/el\/wp-json\/wp\/v2\/product\/8802","targetHints":{"allow":["GET"]}}],"collection":[{"href":"https:\/\/miminhosritacatita.com\/el\/wp-json\/wp\/v2\/product"}],"about":[{"href":"https:\/\/miminhosritacatita.com\/el\/wp-json\/wp\/v2\/types\/product"}],"wp:featuredmedia":[{"embeddable":true,"href":"https:\/\/miminhosritacatita.com\/el\/wp-json\/wp\/v2\/media\/48168"}],"wp:attachment":[{"href":"https:\/\/miminhosritacatita.com\/el\/wp-json\/wp\/v2\/media?parent=8802"}],"wp:term":[{"taxonomy":"product_brand","embeddable":true,"href":"https:\/\/miminhosritacatita.com\/el\/wp-json\/wp\/v2\/product_brand?post=8802"},{"taxonomy":"product_cat","embeddable":true,"href":"https:\/\/miminhosritacatita.com\/el\/wp-json\/wp\/v2\/product_cat?post=8802"},{"taxonomy":"product_tag","embeddable":true,"href":"https:\/\/miminhosritacatita.com\/el\/wp-json\/wp\/v2\/product_tag?post=8802"}],"curies":[{"name":"wp","href":"https:\/\/api.w.org\/{rel}","templated":true}]}}