{"id":7391,"date":"2019-03-26T17:03:22","date_gmt":"2019-03-26T17:03:22","guid":{"rendered":"https:\/\/miminhosritacatita.com\/?post_type=product&#038;p=7391"},"modified":"2025-10-20T16:08:45","modified_gmt":"2025-10-20T16:08:45","slug":"lembranca-batizado-molduras-sortidas","status":"publish","type":"product","link":"https:\/\/miminhosritacatita.com\/el\/batizado\/lembrancas-de-batizado\/lembranca-batizado-molduras-sortidas\/","title":{"rendered":"Lembran\u00e7a Batizado Moldura Sortidas"},"content":{"rendered":"<h1>Lembran\u00e7a Batizado Moldura Sortidas<\/h1>\n<p>Lembran\u00e7a Batizado Moldura Sortidas<\/p>\n<p>O <b>\u0392\u03ac\u03c0\u03c4\u03b9\u03c3\u03b7 <\/b>\u00e9 das mais importantes fases do crescimento do seu filho e est\u00e1 prestes a chegar. E estamos convencidos de que isso \u00e9 motivo para celebrar.<\/p>\n<p>Todos os detalhes contam, desde o nome do seu filho, \u00e0 data do nascimento, as lembrancinhas de batizado, at\u00e9 \u00e0 lista de convidados! Porque vamos j\u00e1 come\u00e7ar a preparar o <b>\u0392\u03ac\u03c0\u03c4\u03b9\u03c3\u03b7<\/b> mais doce de sempre.<\/p>\n<p>\u03a0\u03b9\u03c3\u03c4\u03b5\u03cd\u03bf\u03c5\u03bc\u03b5 \u03cc\u03c4\u03b9 \u03c4\u03bf \u03c0\u03bb\u03b5\u03bf\u03bd\u03ad\u03ba\u03c4\u03b7\u03bc\u03b1 \u03b3\u03b9\u03b1 <b>\u0392\u03ac\u03c0\u03c4\u03b9\u03c3\u03b7<\/b> \u00e9 seu, mas que a miss\u00e3o \u00e9 nossa. E, por isso, criamos uma lembran\u00e7a \u00fanica e adaptada ao gosto de cada cliente, cumprindo sempre com a qualidade e perfei\u00e7\u00e3o e bom gosto.<\/p>\n<p>Feitas com amor, as nossas<strong> \u0391\u03bd\u03b1\u03bc\u03bd\u03b7\u03c3\u03c4\u03b9\u03ba\u03ac \u03b2\u03ac\u03c0\u03c4\u03b9\u03c3\u03b7\u03c2<\/strong> s\u00e3o feitos para cada cliente. Pois na altura em que nascem, todos os beb\u00e9s j\u00e1 tem a sua hist\u00f3ria.<\/p>\n<h2>A nossa Lembran\u00e7a Batizado Moldura Sortidas<\/h2>\n<p>E, na Miminhos, j\u00e1 sabemos que a Lembran\u00e7a de Batismo \u00e9 um bom pretexto para contar a sua!<\/p>\n<p>Feitos com amor, os brindes de batizado s\u00e3o feitos para cada cliente, ideia que resulta dos detalhes da sua hist\u00f3ria. Por isso, vamos j\u00e1 conta-la como ela \u00e9, pelas suas palavras.<\/p>\n<p>Temos brindes de todas as formas e cores e materiais e tamb\u00e9m a todos os pre\u00e7os. Al\u00e9m disso, o nosso Lembran\u00e7a Batizado Moldura Sortidas \u00e9 feito c\u00e1, j\u00e1 que \u00e9 o que nos d\u00e1 o controlo sobre o prazo de produ\u00e7\u00e3o.<\/p>\n<p>\u0391\u03b3\u03bf\u03c1\u03ac\u03c3\u03c4\u03b5 \u03c4\u03b1 \u03c0\u03c1\u03bf\u03ca\u03cc\u03bd\u03c4\u03b1 \u03c0\u03bf\u03c5 \u03b8\u03b1 \u03ba\u03ac\u03bd\u03bf\u03c5\u03bd \u03c4\u03bf \u03c0\u03ac\u03c1\u03c4\u03b9 \u03c3\u03b1\u03c2 \u03b5\u03c0\u03b9\u03c4\u03c5\u03c7\u03b7\u03bc\u03ad\u03bd\u03bf \u03c3\u03c4\u03bf \u03b7\u03bb\u03b5\u03ba\u03c4\u03c1\u03bf\u03bd\u03b9\u03ba\u03cc \u03ba\u03b1\u03c4\u03ac\u03c3\u03c4\u03b7\u03bc\u03b1 Miminhos \u03c4\u03ce\u03c1\u03b1<strong>, <\/strong>a melhor. Dos quais, Convites e Lembran\u00e7as de Batismo e Conjuntos e Livros de Honra.<\/p>\n<ul>\n<li>\n<h3>\u039a\u03b1\u03b9 \u03b5\u03c0\u03af\u03c3\u03b7\u03c2 \u03c0\u03bb\u03b1\u03ba\u03ac\u03c4 \u03ba\u03b1\u03b9 \u03ba\u03bf\u03c5\u03c4\u03b9\u03ac \u03c6\u03b1\u03ba\u03ad\u03bb\u03c9\u03bd \u03ba\u03b1\u03b9 \u03bc\u03b1\u03c1\u03ba\u03b1\u03b4\u03cc\u03c1\u03bf\u03c5\u03c2 \u03c4\u03c1\u03b1\u03c0\u03b5\u03b6\u03b9\u03ce\u03bd \u03ba\u03b1\u03b9 \u03bc\u03b5\u03bd\u03bf\u03cd \u03ba\u03b1\u03b9 \u03ba\u03b1\u03bb\u03ac\u03b8\u03b9\u03b1.<\/h3>\n<\/li>\n<\/ul>\n<p>\u0391\u03bb\u03bb\u03ac \u03ba\u03b1\u03b9 Baby Shower \u03ba\u03b1\u03b9 \u03a6\u03bf\u03c1\u03ad\u03bc\u03b1\u03c4\u03b1 \u03ba\u03b1\u03b9 \u039a\u03bf\u03c3\u03c4\u03bf\u03cd\u03bc\u03b9\u03b1 \u03ba\u03b1\u03b9 Cake Toppers. \u0388\u03c7\u03bf\u03c5\u03bc\u03b5 \u03b5\u03c0\u03af\u03c3\u03b7\u03c2 \u03ad\u03bd\u03b1 \u03c6\u03bf\u03c5\u03c3\u03ba\u03c9\u03c4\u03cc \u03ba\u03b1\u03b9 \u03bc\u03b9\u03b1 \u03c4\u03c3\u03bf\u03c5\u03bb\u03ae\u03b8\u03c1\u03b1 \u03b3\u03b9\u03b1 \u03bd\u03b1 \u03c4\u03b1 \u03bd\u03bf\u03b9\u03ba\u03b9\u03ac\u03c3\u03b5\u03c4\u03b5.<\/p>\n<p class=\"font_3\">\u0395\u03bc\u03c0\u03bd\u03b5\u03c5\u03c3\u03c4\u03b5\u03af\u03c4\u03b5 \u03b1\u03c0\u03cc \u03c4\u03b7 \u03b4\u03bf\u03c5\u03bb\u03b5\u03b9\u03ac \u03bc\u03b1\u03c2 \u03ba\u03b1\u03b9 \u03c0\u03ac\u03c1\u03c4\u03b5 \u03c0\u03b5\u03c1\u03b9\u03c3\u03c3\u03cc\u03c4\u03b5\u03c1\u03b5\u03c2 \u03b9\u03b4\u03ad\u03b5\u03c2 \u03b3\u03b9\u03b1<strong> lembran\u00e7a de<\/strong> <strong>\u03b2\u03ac\u03c0\u03c4\u03b9\u03c3\u03b7<\/strong>, \u03b1\u03c0\u03cc \u03c4\u03b9\u03c2 \u03c0\u03b9\u03bf \u03b1\u03c0\u03bb\u03ad\u03c2, \u03c4\u03b9\u03c2 \u03c0\u03b9\u03bf \u03ba\u03bf\u03bc\u03c8\u03ad\u03c2 \u03ba\u03b1\u03b9 \u03b5\u03c0\u03af\u03c3\u03b7\u03bc\u03b5\u03c2 \u03bc\u03ad\u03c7\u03c1\u03b9 \u03c4\u03b9\u03c2 \u03c0\u03b9\u03bf \u03b4\u03b9\u03b1\u03c3\u03ba\u03b5\u03b4\u03b1\u03c3\u03c4\u03b9\u03ba\u03ad\u03c2.<\/p>\n<p class=\"font_2\">Assim, combine j\u00e1 o design do seu Lembran\u00e7a Batizado Moldura Sortidas com o ambiente que quer apresentar aos seus convidados no dia.<\/p>\n<p class=\"font_3\">\u03a1\u03af\u03be\u03c4\u03b5 \u03bb\u03bf\u03b9\u03c0\u03cc\u03bd \u03bc\u03b9\u03b1 \u03bc\u03b1\u03c4\u03b9\u03ac \u03c0\u03b1\u03c1\u03b1\u03ba\u03ac\u03c4\u03c9 \u03c3\u03b5 \u03bc\u03b5\u03c1\u03b9\u03ba\u03bf\u03cd\u03c2 \u03b1\u03c0\u03cc \u03c4\u03bf\u03c5\u03c2 \u03c4\u03cd\u03c0\u03bf\u03c5\u03c2 \u03c4\u03c9\u03bd <strong>\u03b1\u03bd\u03b1\u03bc\u03bd\u03b7\u03c3\u03c4\u03b9\u03ba\u03ac \u03b2\u03ac\u03c0\u03c4\u03b9\u03c3\u03b7\u03c2<\/strong>\u00a0\u03b4\u03b7\u03bc\u03b9\u03bf\u03c5\u03c1\u03b3\u03ae\u03b8\u03b7\u03ba\u03b5 \u03c3\u03c4\u03bf \u03ba\u03b1\u03c4\u03ac\u03c3\u03c4\u03b7\u03bc\u03b1 Miminhos.<\/p>\n<p><strong>\u0392\u03bb\u03ad\u03c0\u03b5 \u03b5\u03c0\u03af\u03c3\u03b7\u03c2 <a href=\"https:\/\/miminhosritacatita.com\/el\/product-category\/batizados\/\">\u0386\u03c1\u03b8\u03c1\u03b1 \u03b3\u03b9\u03b1 \u03c4\u03b7 \u03b2\u03ac\u03c0\u03c4\u03b9\u03c3\u03b7<\/a><\/strong><\/p>\n<p><strong>\u0391\u03ba\u03bf\u03bb\u03bf\u03c5\u03b8\u03ae\u03c3\u03c4\u03b5 \u03bc\u03b1\u03c2 \u03c3\u03c4\u03bf <a href=\"https:\/\/www.instagram.com\/miminhos.rita.catita\/\" target=\"_blank\" rel=\"noopener\">Instagram<\/a><\/strong><\/p>","protected":false},"excerpt":{"rendered":"<p>Lembran\u00e7a Batizado Moldura Sortidas com cart\u00e3o inclu\u00eddo, personalizada e impressa ao seu gosto, entre em contacto connosco.<\/p>\n<p>Dimens\u00e3o Da Foto: 4,5&#215;6,5cm<\/p>\n<p>Dimens\u00e3o da Moldura: 11,5 x 8cm<br \/>\nMaterial da Moldura: Metal e Vidro<\/p>\n<p>Envie-nos a foto para a personaliza\u00e7\u00e3o do cart\u00e3o para a moldura<\/p>","protected":false},"featured_media":30240,"template":"","meta":[],"product_brand":[],"product_cat":[858,860],"product_tag":[],"class_list":{"0":"post-7391","1":"product","2":"type-product","3":"status-publish","4":"has-post-thumbnail","6":"product_cat-batizado","7":"product_cat-lembrancas-de-batizado","9":"first","10":"instock","11":"taxable","12":"shipping-taxable","13":"purchasable","14":"product-type-simple"},"_links":{"self":[{"href":"https:\/\/miminhosritacatita.com\/el\/wp-json\/wp\/v2\/product\/7391","targetHints":{"allow":["GET"]}}],"collection":[{"href":"https:\/\/miminhosritacatita.com\/el\/wp-json\/wp\/v2\/product"}],"about":[{"href":"https:\/\/miminhosritacatita.com\/el\/wp-json\/wp\/v2\/types\/product"}],"wp:featuredmedia":[{"embeddable":true,"href":"https:\/\/miminhosritacatita.com\/el\/wp-json\/wp\/v2\/media\/30240"}],"wp:attachment":[{"href":"https:\/\/miminhosritacatita.com\/el\/wp-json\/wp\/v2\/media?parent=7391"}],"wp:term":[{"taxonomy":"product_brand","embeddable":true,"href":"https:\/\/miminhosritacatita.com\/el\/wp-json\/wp\/v2\/product_brand?post=7391"},{"taxonomy":"product_cat","embeddable":true,"href":"https:\/\/miminhosritacatita.com\/el\/wp-json\/wp\/v2\/product_cat?post=7391"},{"taxonomy":"product_tag","embeddable":true,"href":"https:\/\/miminhosritacatita.com\/el\/wp-json\/wp\/v2\/product_tag?post=7391"}],"curies":[{"name":"wp","href":"https:\/\/api.w.org\/{rel}","templated":true}]}}