{"id":7341,"date":"2019-03-22T17:39:17","date_gmt":"2019-03-22T17:39:17","guid":{"rendered":"https:\/\/miminhosritacatita.com\/?post_type=product&#038;p=7341"},"modified":"2024-01-17T17:49:03","modified_gmt":"2024-01-17T17:49:03","slug":"chupeta-batizado-personalizada-bebe","status":"publish","type":"product","link":"https:\/\/miminhosritacatita.com\/el\/batizado\/acessorios-de-batizado\/chupetas-personalizadas\/chupeta-batizado-personalizada-bebe\/","title":{"rendered":"Chupeta Batizado Personalizada Beb\u00e9"},"content":{"rendered":"<h2>Chupeta Batizado Personalizada Beb\u00e9<\/h2>\n<p>Chupeta Batizado Personalizada Beb\u00e9<\/p>\n<p>\u0397 \u03b2\u03ac\u03c0\u03c4\u03b9\u03c3\u03b7 \u03b5\u03af\u03bd\u03b1\u03b9 \u03ad\u03bd\u03b1 \u03b1\u03c0\u03cc \u03c4\u03b1 \u03c0\u03b9\u03bf \u03c3\u03b7\u03bc\u03b1\u03bd\u03c4\u03b9\u03ba\u03ac \u03c3\u03c4\u03ac\u03b4\u03b9\u03b1 \u03c3\u03c4\u03b7\u03bd \u03b1\u03bd\u03ac\u03c0\u03c4\u03c5\u03be\u03b7 \u03c4\u03bf\u03c5 \u03c0\u03b1\u03b9\u03b4\u03b9\u03bf\u03cd \u03c3\u03b1\u03c2 \u03ba\u03b1\u03b9 \u03b2\u03c1\u03af\u03c3\u03ba\u03b5\u03c4\u03b1\u03b9 \u03c0\u03c1\u03bf \u03c4\u03c9\u03bd \u03c0\u03c5\u03bb\u03ce\u03bd. \u039a\u03b1\u03b9 \u03b5\u03af\u03bc\u03b1\u03c3\u03c4\u03b5 \u03c0\u03b5\u03c0\u03b5\u03b9\u03c3\u03bc\u03ad\u03bd\u03bf\u03b9 \u03cc\u03c4\u03b9 \u03b1\u03c5\u03c4\u03cc\u03c2 \u03b5\u03af\u03bd\u03b1\u03b9 \u03ad\u03bd\u03b1\u03c2 \u03bb\u03cc\u03b3\u03bf\u03c2 \u03b3\u03b9\u03b1 \u03bd\u03b1 \u03b3\u03b9\u03bf\u03c1\u03c4\u03ac\u03c3\u03bf\u03c5\u03bc\u03b5.<\/p>\n<p>Todos os detalhes contam, desde o nome do seu filho, \u00e0 data do nascimento, at\u00e9 \u00e0 lista de convidados!\u00a0 Porque vamos j\u00e1 come\u00e7ar a preparar o Batismo mais doce de sempre.<\/p>\n<p>\u03a0\u03b9\u03c3\u03c4\u03b5\u03cd\u03bf\u03c5\u03bc\u03b5 \u03cc\u03c4\u03b9 \u03c4\u03bf \u03c0\u03bb\u03b5\u03bf\u03bd\u03ad\u03ba\u03c4\u03b7\u03bc\u03b1 \u03b3\u03b9\u03b1 <strong>\u0392\u03ac\u03c0\u03c4\u03b9\u03c3\u03b7 <\/strong>\u03b5\u03af\u03bd\u03b1\u03b9 \u03b4\u03b9\u03ba\u03ae \u03c3\u03b1\u03c2, \u03b1\u03bb\u03bb\u03ac \u03b7 \u03b1\u03c0\u03bf\u03c3\u03c4\u03bf\u03bb\u03ae \u03b5\u03af\u03bd\u03b1\u03b9 \u03b4\u03b9\u03ba\u03ae \u03bc\u03b1\u03c2. \u0393\u03b9' \u03b1\u03c5\u03c4\u03cc \u03b4\u03b7\u03bc\u03b9\u03bf\u03c5\u03c1\u03b3\u03ae\u03c3\u03b1\u03bc\u03b5 \u03bc\u03b9\u03b1 \u03b5\u03be\u03b1\u03c4\u03bf\u03bc\u03b9\u03ba\u03b5\u03c5\u03bc\u03ad\u03bd\u03b7 \u03c0\u03b9\u03c0\u03af\u03bb\u03b1, \u03bc\u03bf\u03bd\u03b1\u03b4\u03b9\u03ba\u03ae \u03ba\u03b1\u03b9 \u03c0\u03c1\u03bf\u03c3\u03b1\u03c1\u03bc\u03bf\u03c3\u03bc\u03ad\u03bd\u03b7 \u03c3\u03c4\u03bf \u03b3\u03bf\u03cd\u03c3\u03c4\u03bf \u03ba\u03ac\u03b8\u03b5 \u03c0\u03b5\u03bb\u03ac\u03c4\u03b7, \u03c0\u03b1\u03c1\u03ad\u03c7\u03bf\u03bd\u03c4\u03b1\u03c2 \u03c0\u03ac\u03bd\u03c4\u03b1 \u03c0\u03bf\u03b9\u03cc\u03c4\u03b7\u03c4\u03b1, \u03c4\u03b5\u03bb\u03b5\u03b9\u03cc\u03c4\u03b7\u03c4\u03b1 \u03ba\u03b1\u03b9 \u03ba\u03b1\u03bb\u03ae \u03b3\u03b5\u03cd\u03c3\u03b7.<\/p>\n<p>\u03a6\u03c4\u03b9\u03b1\u03b3\u03bc\u03ad\u03bd\u03b1 \u03bc\u03b5 \u03b1\u03b3\u03ac\u03c0\u03b7, \u03c4\u03b1 \u03c3\u03b5\u03c4 \u03bc\u03b1\u03c2 \u03b5\u03af\u03bd\u03b1\u03b9 \u03c6\u03c4\u03b9\u03b1\u03b3\u03bc\u03ad\u03bd\u03b1 \u03b3\u03b9\u03b1 \u03ba\u03ac\u03b8\u03b5 \u03c0\u03b5\u03bb\u03ac\u03c4\u03b7. \u0395\u03c0\u03b5\u03b9\u03b4\u03ae, \u03b1\u03c0\u03cc \u03c4\u03b7 \u03c3\u03c4\u03b9\u03b3\u03bc\u03ae \u03c0\u03bf\u03c5 \u03b3\u03b5\u03bd\u03bd\u03b9\u03bf\u03cd\u03bd\u03c4\u03b1\u03b9, \u03ba\u03ac\u03b8\u03b5 \u03bc\u03c9\u03c1\u03cc \u03ad\u03c7\u03b5\u03b9 \u03c4\u03b7 \u03b4\u03b9\u03ba\u03ae \u03c4\u03bf\u03c5 \u03b9\u03c3\u03c4\u03bf\u03c1\u03af\u03b1.<\/p>\n<h4>A Chupeta Batizado Personalizada Beb\u00e9 \u00e9 top!<\/h4>\n<p>\u039a\u03b1\u03b9 \u03c3\u03c4\u03bf Miminhos, \u03b3\u03bd\u03c9\u03c1\u03af\u03b6\u03bf\u03c5\u03bc\u03b5 \u03ae\u03b4\u03b7 \u03cc\u03c4\u03b9 \u03c4\u03b1 \u03ba\u03b5\u03c1\u03b9\u03ac \u03b5\u03af\u03bd\u03b1\u03b9 \u03bc\u03b9\u03b1 \u03ba\u03b1\u03bb\u03ae \u03b1\u03c6\u03bf\u03c1\u03bc\u03ae \u03b3\u03b9\u03b1 \u03bd\u03b1 \u03c0\u03b5\u03af\u03c4\u03b5 \u03c4\u03b7\u03bd \u03b9\u03c3\u03c4\u03bf\u03c1\u03af\u03b1 \u03c3\u03b1\u03c2!<\/p>\n<p>\u03a6\u03c4\u03b9\u03b1\u03b3\u03bc\u03ad\u03bd\u03b1 \u03bc\u03b5 \u03b1\u03b3\u03ac\u03c0\u03b7, \u03c4\u03b1 \u03c3\u03b5\u03c4 \u03b5\u03af\u03bd\u03b1\u03b9 \u03c6\u03c4\u03b9\u03b1\u03b3\u03bc\u03ad\u03bd\u03b1 \u03b3\u03b9\u03b1 \u03ba\u03ac\u03b8\u03b5 \u03c0\u03b5\u03bb\u03ac\u03c4\u03b7, \u03bc\u03b9\u03b1 \u03b9\u03b4\u03ad\u03b1 \u03c0\u03bf\u03c5 \u03c0\u03b7\u03b3\u03ac\u03b6\u03b5\u03b9 \u03b1\u03c0\u03cc \u03c4\u03b9\u03c2 \u03bb\u03b5\u03c0\u03c4\u03bf\u03bc\u03ad\u03c1\u03b5\u03b9\u03b5\u03c2 \u03c4\u03b7\u03c2 \u03b9\u03c3\u03c4\u03bf\u03c1\u03af\u03b1\u03c2 \u03c4\u03bf\u03c5. \u0391\u03c2 \u03c4\u03b7\u03bd \u03c0\u03bf\u03cd\u03bc\u03b5 \u03bb\u03bf\u03b9\u03c0\u03cc\u03bd \u03cc\u03c0\u03c9\u03c2 \u03b5\u03af\u03bd\u03b1\u03b9, \u03bc\u03b5 \u03c4\u03b1 \u03b4\u03b9\u03ba\u03ac \u03c3\u03b1\u03c2 \u03bb\u03cc\u03b3\u03b9\u03b1.<\/p>\n<p>Temos conjuntos de todas as formas e cores e materiais e tamb\u00e9m a todos os pre\u00e7os. Al\u00e9m disso, a nossa Chupeta Batizado Personalizada Beb\u00e9 \u00e9 feita c\u00e1, j\u00e1 que \u00e9 o que nos d\u00e1 o controlo sobre o prazo de produ\u00e7\u00e3o.<\/p>\n<p>\u0391\u03b3\u03bf\u03c1\u03ac\u03c3\u03c4\u03b5 \u03c4\u03b1 \u03c0\u03c1\u03bf\u03ca\u03cc\u03bd\u03c4\u03b1 \u03c0\u03bf\u03c5 \u03b8\u03b1 \u03ba\u03ac\u03bd\u03bf\u03c5\u03bd \u03c4\u03bf \u03c0\u03ac\u03c1\u03c4\u03b9 \u03c3\u03b1\u03c2 \u03b5\u03c0\u03b9\u03c4\u03c5\u03c7\u03b7\u03bc\u03ad\u03bd\u03bf \u03c3\u03c4\u03bf \u03b7\u03bb\u03b5\u03ba\u03c4\u03c1\u03bf\u03bd\u03b9\u03ba\u03cc \u03ba\u03b1\u03c4\u03ac\u03c3\u03c4\u03b7\u03bc\u03b1 Miminhos \u03c4\u03ce\u03c1\u03b1<strong>, <\/strong>\u03c4\u03bf \u03ba\u03b1\u03bb\u03cd\u03c4\u03b5\u03c1\u03bf. \u0391\u03c0\u03cc \u03c4\u03b1 \u03bf\u03c0\u03bf\u03af\u03b1, \u03c0\u03c1\u03bf\u03c3\u03ba\u03bb\u03ae\u03c3\u03b5\u03b9\u03c2 \u03ba\u03b1\u03b9 \u03b1\u03bd\u03b1\u03bc\u03bd\u03b7\u03c3\u03c4\u03b9\u03ba\u03ac \u03ba\u03b1\u03b9 \u03c3\u03b5\u03c4 \u03ba\u03b1\u03b9 \u03b2\u03b9\u03b2\u03bb\u03af\u03b1 \u03c4\u03b9\u03bc\u03ae\u03c2.<\/p>\n<ul>\n<li>\u039a\u03b1\u03b9 \u03b5\u03c0\u03af\u03c3\u03b7\u03c2 \u03c0\u03bb\u03b1\u03ba\u03ac\u03c4 \u03ba\u03b1\u03b9 \u03ba\u03bf\u03c5\u03c4\u03b9\u03ac \u03c6\u03b1\u03ba\u03ad\u03bb\u03c9\u03bd \u03ba\u03b1\u03b9 \u03bc\u03b1\u03c1\u03ba\u03b1\u03b4\u03cc\u03c1\u03bf\u03c5\u03c2 \u03c4\u03c1\u03b1\u03c0\u03b5\u03b6\u03b9\u03ce\u03bd \u03ba\u03b1\u03b9 \u03bc\u03b5\u03bd\u03bf\u03cd \u03ba\u03b1\u03b9 \u03ba\u03b1\u03bb\u03ac\u03b8\u03b9\u03b1.<\/li>\n<\/ul>\n<p>\u0391\u03bb\u03bb\u03ac \u03ba\u03b1\u03b9 Baby Shower \u03ba\u03b1\u03b9 \u03a6\u03bf\u03c1\u03ad\u03bc\u03b1\u03c4\u03b1 \u03ba\u03b1\u03b9 \u039a\u03bf\u03c3\u03c4\u03bf\u03cd\u03bc\u03b9\u03b1 \u03ba\u03b1\u03b9 Cake Toppers. \u0388\u03c7\u03bf\u03c5\u03bc\u03b5 \u03b5\u03c0\u03af\u03c3\u03b7\u03c2 \u03ad\u03bd\u03b1 \u03c6\u03bf\u03c5\u03c3\u03ba\u03c9\u03c4\u03cc \u03ba\u03b1\u03b9 \u03bc\u03b9\u03b1 \u03c4\u03c3\u03bf\u03c5\u03bb\u03ae\u03b8\u03c1\u03b1 \u03b3\u03b9\u03b1 \u03bd\u03b1 \u03c4\u03b1 \u03bd\u03bf\u03b9\u03ba\u03b9\u03ac\u03c3\u03b5\u03c4\u03b5.<\/p>\n<p class=\"font_3\">\u0395\u03bc\u03c0\u03bd\u03b5\u03c5\u03c3\u03c4\u03b5\u03af\u03c4\u03b5 \u03b1\u03c0\u03cc \u03c4\u03b7 \u03b4\u03bf\u03c5\u03bb\u03b5\u03b9\u03ac \u03bc\u03b1\u03c2 \u03ba\u03b1\u03b9 \u03c0\u03ac\u03c1\u03c4\u03b5 \u03c0\u03b5\u03c1\u03b9\u03c3\u03c3\u03cc\u03c4\u03b5\u03c1\u03b5\u03c2 \u03b9\u03b4\u03ad\u03b5\u03c2 \u03b3\u03b9\u03b1 <strong>\u03b2\u03ac\u03c0\u03c4\u03b9\u03c3\u03b7<\/strong>, \u03b1\u03c0\u03cc \u03c4\u03b9\u03c2 \u03c0\u03b9\u03bf \u03b1\u03c0\u03bb\u03ad\u03c2, \u03c4\u03b9\u03c2 \u03c0\u03b9\u03bf \u03ba\u03bf\u03bc\u03c8\u03ad\u03c2 \u03ba\u03b1\u03b9 \u03b5\u03c0\u03af\u03c3\u03b7\u03bc\u03b5\u03c2 \u03bc\u03ad\u03c7\u03c1\u03b9 \u03c4\u03b9\u03c2 \u03c0\u03b9\u03bf \u03b4\u03b9\u03b1\u03c3\u03ba\u03b5\u03b4\u03b1\u03c3\u03c4\u03b9\u03ba\u03ad\u03c2.<\/p>\n<p class=\"font_2\">Assim, combine j\u00e1 o design da sua Chupeta Batizado Personalizada Beb\u00e9\u00a0com o ambiente que quer apresentar aos seus convidados no dia.<\/p>\n<p class=\"font_3\">\u03a1\u03af\u03be\u03c4\u03b5 \u03bb\u03bf\u03b9\u03c0\u03cc\u03bd \u03bc\u03b9\u03b1 \u03bc\u03b1\u03c4\u03b9\u03ac \u03c0\u03b1\u03c1\u03b1\u03ba\u03ac\u03c4\u03c9 \u03c3\u03b5 \u03bc\u03b5\u03c1\u03b9\u03ba\u03bf\u03cd\u03c2 \u03b1\u03c0\u03cc \u03c4\u03bf\u03c5\u03c2 \u03c4\u03cd\u03c0\u03bf\u03c5\u03c2 \u03c4\u03c9\u03bd <strong>\u03b8\u03ad\u03c4\u03b5\u03b9<\/strong> \u03b4\u03b7\u03bc\u03b9\u03bf\u03c5\u03c1\u03b3\u03ae\u03b8\u03b7\u03ba\u03b5 \u03c3\u03c4\u03bf \u03ba\u03b1\u03c4\u03ac\u03c3\u03c4\u03b7\u03bc\u03b1 Miminhos.<\/p>\n<p><strong>\u0392\u03bb\u03ad\u03c0\u03b5 \u03b5\u03c0\u03af\u03c3\u03b7\u03c2 <a href=\"https:\/\/miminhosritacatita.com\/el\/product-category\/batizados\/\">\u0386\u03c1\u03b8\u03c1\u03b1 \u03b3\u03b9\u03b1 \u03c4\u03b7 \u03b2\u03ac\u03c0\u03c4\u03b9\u03c3\u03b7<\/a><\/strong><\/p>\n<p><strong>Visite o n\/ Facebook:<\/strong> <a href=\"https:\/\/www.facebook.com\/pg\/miminhos.ritacatita\/photos\/?tab=albums\" target=\"_blank\" rel=\"noopener\">Miminhos Rita Catita<\/a><\/p>\n<p>&nbsp;<\/p>","protected":false},"excerpt":{"rendered":"<p>Chupeta Batizado Personalizada Beb\u00e9, produzida, personalizada e impressa ao seu gosto.<\/p>\n<p>Para altera\u00e7\u00f5es \u00e0s cores e idade do beb\u00e9, indicar nas notas.<\/p>","protected":false},"featured_media":25877,"template":"","meta":[],"product_brand":[],"product_cat":[1169],"product_tag":[],"class_list":{"0":"post-7341","1":"product","2":"type-product","3":"status-publish","4":"has-post-thumbnail","6":"product_cat-chupetas-personalizadas","8":"first","9":"instock","10":"taxable","11":"shipping-taxable","12":"purchasable","13":"product-type-simple"},"_links":{"self":[{"href":"https:\/\/miminhosritacatita.com\/el\/wp-json\/wp\/v2\/product\/7341","targetHints":{"allow":["GET"]}}],"collection":[{"href":"https:\/\/miminhosritacatita.com\/el\/wp-json\/wp\/v2\/product"}],"about":[{"href":"https:\/\/miminhosritacatita.com\/el\/wp-json\/wp\/v2\/types\/product"}],"wp:featuredmedia":[{"embeddable":true,"href":"https:\/\/miminhosritacatita.com\/el\/wp-json\/wp\/v2\/media\/25877"}],"wp:attachment":[{"href":"https:\/\/miminhosritacatita.com\/el\/wp-json\/wp\/v2\/media?parent=7341"}],"wp:term":[{"taxonomy":"product_brand","embeddable":true,"href":"https:\/\/miminhosritacatita.com\/el\/wp-json\/wp\/v2\/product_brand?post=7341"},{"taxonomy":"product_cat","embeddable":true,"href":"https:\/\/miminhosritacatita.com\/el\/wp-json\/wp\/v2\/product_cat?post=7341"},{"taxonomy":"product_tag","embeddable":true,"href":"https:\/\/miminhosritacatita.com\/el\/wp-json\/wp\/v2\/product_tag?post=7341"}],"curies":[{"name":"wp","href":"https:\/\/api.w.org\/{rel}","templated":true}]}}