{"id":6807,"date":"2019-03-14T15:35:24","date_gmt":"2019-03-14T15:35:24","guid":{"rendered":"https:\/\/miminhosritacatita.com\/?post_type=product&#038;p=6807"},"modified":"2025-10-09T11:40:06","modified_gmt":"2025-10-09T11:40:06","slug":"convite-batizado-garrafa-menina","status":"publish","type":"product","link":"https:\/\/miminhosritacatita.com\/el\/batizado\/convites-de-batizado\/convite-batizado-garrafa-menina\/","title":{"rendered":"Convite Batizado Garrafa Menina"},"content":{"rendered":"<div class=\"nH V8djrc byY\">\n<div class=\"nH\">\n<div class=\"dJ\">\n<h1>Convite Batizado Garrafa Menina<\/h1>\n<p>Convite Batizado Garrafa Menina<\/p>\n<p><b>O Batismo \u00e9<\/b> das mais importantes fases do crescimento do seu filho e est\u00e1 prestes a chegar. E estamos convencidos de que isso \u00e9 motivo para celebrar.<\/p>\n<p>Todos os detalhes contam, desde o nome do seu filho, \u00e0 data do nascimento, at\u00e9 \u00e0 lista de convidados! Porque vamos j\u00e1 come\u00e7ar a preparar o <b>\u0392\u03ac\u03c0\u03c4\u03b9\u03c3\u03b7<\/b> mais doce de sempre.<\/p>\n<p>Assim, entendemos que o m\u00e9rito pelo <b>\u0392\u03ac\u03c0\u03c4\u03b9\u03c3\u03b7<\/b> \u00e9 seu, mas que a miss\u00e3o \u00e9 nossa. E, por isso, criamos um convite de batizado \u00fanico e adaptado ao gosto de cada cliente, cumprindo sempre com a qualidade e perfei\u00e7\u00e3o e bom gosto.<\/p>\n<p>Portanto, feitos com amor, os nossos<strong> Convites de Batizado<\/strong> s\u00e3o feitos para cada cliente. Pois na altura em que nascem, todos os beb\u00e9s j\u00e1 tem a sua hist\u00f3ria.<\/p>\n<h2>O nosso Convite Batizado Garrafa Menina<\/h2>\n<p>E, na Miminhos, j\u00e1 sabemos que os Convites de Batizado s\u00e3o um bom pretexto para contar a sua!<\/p>\n<p>Feitos com amor, os Convites de Batizado s\u00e3o feitos para cada cliente, ideia que resulta dos detalhes da sua hist\u00f3ria. Por isso, vamos j\u00e1 conta-la como ela \u00e9, pelas suas palavras.<\/p>\n<p>Temos convites de batizado de todas as formas e cores e materiais e tamb\u00e9m a todos os pre\u00e7os. Al\u00e9m disso, o nosso Convite Batizado Garrafa Menina, \u00e9 feito c\u00e1, j\u00e1 que \u00e9 o que nos d\u00e1 o controlo sobre o prazo de produ\u00e7\u00e3o.<\/p>\n<p>Compre j\u00e1 na Loja Online da Miminhos os produtos que far\u00e3o da sua festa, a melhor. Dos quais, Convite de batizado, Lembran\u00e7as de batizado, Conjuntos e Livros de Honra.<\/p>\n<p>E ainda,<\/p>\n<ul>\n<li>Placards<\/li>\n<li>Caixas de Envelopes<\/li>\n<li>Marcadores de Mesa<\/li>\n<li>Ementas e Cestas.<\/li>\n<\/ul>\n<p>\u0391\u03bb\u03bb\u03ac \u03ba\u03b1\u03b9 Baby Shower \u03ba\u03b1\u03b9 \u03a6\u03bf\u03c1\u03ad\u03bc\u03b1\u03c4\u03b1 \u03ba\u03b1\u03b9 \u039a\u03bf\u03c3\u03c4\u03bf\u03cd\u03bc\u03b9\u03b1 \u03ba\u03b1\u03b9 Cake Toppers. \u0388\u03c7\u03bf\u03c5\u03bc\u03b5 \u03b5\u03c0\u03af\u03c3\u03b7\u03c2 \u03ad\u03bd\u03b1 \u03c6\u03bf\u03c5\u03c3\u03ba\u03c9\u03c4\u03cc \u03ba\u03b1\u03b9 \u03bc\u03b9\u03b1 \u03c4\u03c3\u03bf\u03c5\u03bb\u03ae\u03b8\u03c1\u03b1 \u03b3\u03b9\u03b1 \u03bd\u03b1 \u03c4\u03b1 \u03bd\u03bf\u03b9\u03ba\u03b9\u03ac\u03c3\u03b5\u03c4\u03b5.<\/p>\n<p class=\"font_3\">Portanto, inspire-se no nosso trabalho e tenha j\u00e1 mais ideias de <strong>convites de<\/strong> <strong>\u03b2\u03ac\u03c0\u03c4\u03b9\u03c3\u03b7<\/strong>, \u03b1\u03c0\u03cc \u03c4\u03b9\u03c2 \u03c0\u03b9\u03bf \u03b1\u03c0\u03bb\u03ad\u03c2, \u03c4\u03b9\u03c2 \u03c0\u03b9\u03bf \u03ba\u03bf\u03bc\u03c8\u03ad\u03c2 \u03ba\u03b1\u03b9 \u03b5\u03c0\u03af\u03c3\u03b7\u03bc\u03b5\u03c2 \u03bc\u03ad\u03c7\u03c1\u03b9 \u03c4\u03b9\u03c2 \u03c0\u03b9\u03bf \u03b4\u03b9\u03b1\u03c3\u03ba\u03b5\u03b4\u03b1\u03c3\u03c4\u03b9\u03ba\u03ad\u03c2.<\/p>\n<p class=\"font_2\">Assim, combine j\u00e1 o design do seu Convite Batizado Garrafa Menina com o ambiente que quer apresentar aos seus convidados no dia.<\/p>\n<p class=\"font_3\">\u03a1\u03af\u03be\u03c4\u03b5 \u03bb\u03bf\u03b9\u03c0\u03cc\u03bd \u03bc\u03b9\u03b1 \u03bc\u03b1\u03c4\u03b9\u03ac \u03c0\u03b1\u03c1\u03b1\u03ba\u03ac\u03c4\u03c9 \u03c3\u03b5 \u03bc\u03b5\u03c1\u03b9\u03ba\u03bf\u03cd\u03c2 \u03b1\u03c0\u03cc \u03c4\u03bf\u03c5\u03c2 \u03c4\u03cd\u03c0\u03bf\u03c5\u03c2 \u03c4\u03c9\u03bd <strong>convites de batismo <\/strong>\u03b4\u03b7\u03bc\u03b9\u03bf\u03c5\u03c1\u03b3\u03ae\u03b8\u03b7\u03ba\u03b5 \u03c3\u03c4\u03bf \u03ba\u03b1\u03c4\u03ac\u03c3\u03c4\u03b7\u03bc\u03b1 Miminhos.<\/p>\n<p><strong>\u0392\u03bb\u03ad\u03c0\u03b5 \u03b5\u03c0\u03af\u03c3\u03b7\u03c2 <a href=\"https:\/\/miminhosritacatita.com\/el\/product-category\/batizados\/\">\u0386\u03c1\u03b8\u03c1\u03b1 \u03b3\u03b9\u03b1 \u03c4\u03b7 \u03b2\u03ac\u03c0\u03c4\u03b9\u03c3\u03b7<\/a><\/strong><\/p>\n<p><strong>Siga-nos no <a href=\"https:\/\/www.instagram.com\/miminhos.rita.catita\/\" target=\"_blank\" rel=\"noopener\">Instagram<\/a><\/strong><\/p>\n<\/div>\n<\/div>\n<\/div>\n<div class=\"nH aHU\">\n<div class=\"nH hx\">\n<div class=\"nH\"><\/div>\n<div class=\"nH bh\" role=\"list\">\n<div class=\"kv\" role=\"listitem\">\n<div class=\"Bk\">\n<div class=\"G3 G2\">\n<div>\n<div id=\":4f3\">\n<div class=\"adf ads\">\n<div class=\"aju\"><\/div>\n<\/div>\n<\/div>\n<\/div>\n<\/div>\n<\/div>\n<\/div>\n<\/div>\n<\/div>\n<\/div>","protected":false},"excerpt":{"rendered":"<p>Convite Batizado Garrafa Menina<\/p>\n<p>garrafa: 10,8 x 3,5 cm<\/p>\n<p>Dimens\u00e3o do Papel: 13 x 9 cm<\/p>\n<p>papel da imagem: Rosa Metalizado<\/p>\n<p>Fitada Imagem: Rosa Beb\u00e9<\/p>\n<p>Sizoflor da imagem: Rosa beb\u00e9<\/p>","protected":false},"featured_media":60743,"template":"","meta":[],"product_brand":[],"product_cat":[858,859],"product_tag":[],"class_list":{"0":"post-6807","1":"product","2":"type-product","3":"status-publish","4":"has-post-thumbnail","6":"product_cat-batizado","7":"product_cat-convites-de-batizado","9":"first","10":"instock","11":"taxable","12":"shipping-taxable","13":"purchasable","14":"product-type-simple"},"_links":{"self":[{"href":"https:\/\/miminhosritacatita.com\/el\/wp-json\/wp\/v2\/product\/6807","targetHints":{"allow":["GET"]}}],"collection":[{"href":"https:\/\/miminhosritacatita.com\/el\/wp-json\/wp\/v2\/product"}],"about":[{"href":"https:\/\/miminhosritacatita.com\/el\/wp-json\/wp\/v2\/types\/product"}],"wp:featuredmedia":[{"embeddable":true,"href":"https:\/\/miminhosritacatita.com\/el\/wp-json\/wp\/v2\/media\/60743"}],"wp:attachment":[{"href":"https:\/\/miminhosritacatita.com\/el\/wp-json\/wp\/v2\/media?parent=6807"}],"wp:term":[{"taxonomy":"product_brand","embeddable":true,"href":"https:\/\/miminhosritacatita.com\/el\/wp-json\/wp\/v2\/product_brand?post=6807"},{"taxonomy":"product_cat","embeddable":true,"href":"https:\/\/miminhosritacatita.com\/el\/wp-json\/wp\/v2\/product_cat?post=6807"},{"taxonomy":"product_tag","embeddable":true,"href":"https:\/\/miminhosritacatita.com\/el\/wp-json\/wp\/v2\/product_tag?post=6807"}],"curies":[{"name":"wp","href":"https:\/\/api.w.org\/{rel}","templated":true}]}}