{"id":62810,"date":"2025-03-17T17:14:09","date_gmt":"2025-03-17T17:14:09","guid":{"rendered":"https:\/\/miminhosritacatita.com\/?post_type=product&#038;p=62810"},"modified":"2025-03-20T16:44:26","modified_gmt":"2025-03-20T16:44:26","slug":"azulejos-iman-placard-casamento","status":"publish","type":"product","link":"https:\/\/miminhosritacatita.com\/el\/casamento\/placards-para-mesas-de-casamento\/azulejos-iman-placard-casamento\/","title":{"rendered":"Azulejos \u00cdman Placard Casamento"},"content":{"rendered":"<h1>Azulejos \u00cdman Placard Casamento<\/h1>\n<p>Azulejos \u00cdman Placard Casamento<\/p>\n<p>Dizem que o segredo est\u00e1 nos detalhes\u2026 E n\u00f3s acreditamos! Na nossa loja o Placard Casamento Corti\u00e7a e Madeira \u00e9 dos nossos detalhes favoritos.<\/p>\n<p>Dos robes \u00e0s ligas\u2026 Como ser\u00e1 o seu Placard para distribui\u00e7\u00e3o de mesas no casamento? Pense!, porque \u00e9 aqui que o estilo pessoal vai brilhar!<\/p>\n<p>Feitos com amor, os nossos Placards para mesas de casamento s\u00e3o feitos para cada cliente, ideia que resulta dos detalhes da sua hist\u00f3ria. Por isso, vamos j\u00e1 conta-la como ela \u00e9, pelas suas palavras.<\/p>\n<p>Temos, na nossa loja, v\u00e1rios Placards para mesas de casamento para v\u00e1rios pre\u00e7os e gostos, mantendo sempre a promessa de qualidade.<\/p>\n<h2>Azulejos \u00cdman Placard Casamento<\/h2>\n<p>\u03a0\u03b9\u03c3\u03c4\u03b5\u03cd\u03bf\u03c5\u03bc\u03b5 \u03cc\u03c4\u03b9 \u03c4\u03bf \u03c0\u03bb\u03b5\u03bf\u03bd\u03ad\u03ba\u03c4\u03b7\u03bc\u03b1 \u03b3\u03b9\u03b1 <b>\u0393\u03ac\u03bc\u03bf\u03c2<\/b> \u00e9 seu, mas que a miss\u00e3o \u00e9 nossa. E, por isso, criamos produtos ajustados ao gosto de cada cliente, cumprindo sempre com a qualidade e perfei\u00e7\u00e3o e bom gosto.<\/p>\n<p>Assim, encontre na Loja Online a resposta para todos os pormenores que far\u00e3o a sua festa \u00fanica.<\/p>\n<p>Assim como, tamb\u00e9m alugamos carros para o transporte dos noivos. Assim, para saber o pre\u00e7o contacte-nos e informe a data do Evento \/ a morada de recolha \/ a da Igreja \/ e a do local da boda.<\/p>\n<p>Assim, temos ainda para alugar um insufl\u00e1vel e um escorrega. Portanto, pe\u00e7a o seu or\u00e7amento dizendo em que dia ser\u00e1 o evento e se o deseja levantar em loja ou se pretende que nos desloquemos ao local do evento para a montagem \/ e a desmontagem.<\/p>\n<p>Portanto, encontre aqui a resposta para todos os detalhes que far\u00e3o o seu Casamento \u00fanico, como o Placard Mesas Casamento. Dos quais:<\/p>\n<ul>\n<li>Porta Alian\u00e7as<\/li>\n<li>Livros de Honra<\/li>\n<li>Lembran\u00e7as de casamento<\/li>\n<li>Cestas de Lembran\u00e7as de casamento<\/li>\n<li>Photo Booth de casamento<\/li>\n<li>Cabides dos noivos<\/li>\n<\/ul>\n<p>Assim como Flutes \/ e Talheres \/ e os Cart\u00f5es Marca\u00e7\u00e3o Mesa \/ e os Sparklers \/ e Placard Casamento Acr\u00edlico Delicado. Seja como for, tamb\u00e9m temos Ramos de Noiva Artificiais \/ e os Ramos de Solteiras \/ e Caixas de Envelopes. E ainda, as Ofertas a Pais e Padrinhos \/ e as Argolas de Guardanapos\/ e as Ementas.<\/p>\n<p><strong>\u0394\u03b5\u03af\u03c4\u03b5 \u03b5\u03c0\u03af\u03c3\u03b7\u03c2: <a href=\"https:\/\/miminhosritacatita.com\/el\/product\/agenda-da-noiva\/\">\u0397\u03bc\u03b5\u03c1\u03bf\u03bb\u03cc\u03b3\u03b9\u03bf \u03bd\u03cd\u03c6\u03b7\u03c2<\/a><\/strong><\/p>\n<p><strong>Siga-nos no <a href=\"https:\/\/www.instagram.com\/miminhos.rita.catita\/\" target=\"_blank\" rel=\"noopener\">Instagram<\/a><\/strong><\/p>\n<p>&nbsp;<\/p>","protected":false},"excerpt":{"rendered":"<p>Azulejos \u00cdman Placard Casamento<\/p>\n<p>Dimens\u00e3o: 7,5 x 7,5cm<\/p>\n<p>Impress\u00e3o do nome do convidado de um lado e do outro o nome da mesa.<\/p>\n<p>Para adquirir a estrutura para colocar os azulejos, clique nesta liga\u00e7\u00e3o:<\/p>\n<p>https:\/\/miminhosritacatita.com\/casamento\/placards-para-mesas-de-casamento\/placard-casamento-azulejos-original\/<\/p>","protected":false},"featured_media":62807,"template":"","meta":[],"product_brand":[],"product_cat":[822],"product_tag":[],"class_list":{"0":"post-62810","1":"product","2":"type-product","3":"status-publish","4":"has-post-thumbnail","6":"product_cat-placards-para-mesas-de-casamento","8":"first","9":"instock","10":"taxable","11":"shipping-taxable","12":"purchasable","13":"product-type-simple"},"_links":{"self":[{"href":"https:\/\/miminhosritacatita.com\/el\/wp-json\/wp\/v2\/product\/62810","targetHints":{"allow":["GET"]}}],"collection":[{"href":"https:\/\/miminhosritacatita.com\/el\/wp-json\/wp\/v2\/product"}],"about":[{"href":"https:\/\/miminhosritacatita.com\/el\/wp-json\/wp\/v2\/types\/product"}],"wp:featuredmedia":[{"embeddable":true,"href":"https:\/\/miminhosritacatita.com\/el\/wp-json\/wp\/v2\/media\/62807"}],"wp:attachment":[{"href":"https:\/\/miminhosritacatita.com\/el\/wp-json\/wp\/v2\/media?parent=62810"}],"wp:term":[{"taxonomy":"product_brand","embeddable":true,"href":"https:\/\/miminhosritacatita.com\/el\/wp-json\/wp\/v2\/product_brand?post=62810"},{"taxonomy":"product_cat","embeddable":true,"href":"https:\/\/miminhosritacatita.com\/el\/wp-json\/wp\/v2\/product_cat?post=62810"},{"taxonomy":"product_tag","embeddable":true,"href":"https:\/\/miminhosritacatita.com\/el\/wp-json\/wp\/v2\/product_tag?post=62810"}],"curies":[{"name":"wp","href":"https:\/\/api.w.org\/{rel}","templated":true}]}}