{"id":6245,"date":"2019-03-06T14:41:38","date_gmt":"2019-03-06T14:41:38","guid":{"rendered":"https:\/\/miminhosritacatita.com\/?post_type=product&#038;p=6245"},"modified":"2026-04-15T17:29:45","modified_gmt":"2026-04-15T17:29:45","slug":"prenda-bodas-ouro-conjunto","status":"publish","type":"product","link":"https:\/\/miminhosritacatita.com\/el\/bodas\/bodas-de-ouro\/prendas-para-bodas-de-ouro\/prenda-bodas-ouro-conjunto\/","title":{"rendered":"Prenda Bodas Ouro Conjunto"},"content":{"rendered":"<h1>Prenda Bodas Ouro Conjunto<\/h1>\n<p>Prenda Bodas Ouro Conjunto<\/p>\n<p>\u03a4\u03bf \u03b1\u03c1\u03b3\u03c5\u03c1\u03cc \u0399\u03c9\u03b2\u03b7\u03bb\u03b1\u03af\u03bf \u03b5\u03af\u03bd\u03b1\u03b9 \u03bc\u03b9\u03b1 \u03c0\u03bf\u03bb\u03cd \u03c3\u03b7\u03bc\u03b1\u03bd\u03c4\u03b9\u03ba\u03ae \u03b3\u03b9\u03bf\u03c1\u03c4\u03ae \u03ba\u03b1\u03b9 \u03b2\u03c1\u03af\u03c3\u03ba\u03b5\u03c4\u03b1\u03b9 \u03c0\u03c1\u03bf \u03c4\u03c9\u03bd \u03c0\u03c5\u03bb\u03ce\u03bd. \u039a\u03b1\u03b9 \u03b5\u03af\u03bc\u03b1\u03c3\u03c4\u03b5 \u03c0\u03b5\u03c0\u03b5\u03b9\u03c3\u03bc\u03ad\u03bd\u03bf\u03b9 \u03cc\u03c4\u03b9 \u03b1\u03c5\u03c4\u03cc\u03c2 \u03b5\u03af\u03bd\u03b1\u03b9 \u03ad\u03bd\u03b1\u03c2 \u03bb\u03cc\u03b3\u03bf\u03c2 \u03b3\u03b9\u03b1 \u03bd\u03b1 \u03b3\u03b9\u03bf\u03c1\u03c4\u03ac\u03c3\u03bf\u03c5\u03bc\u03b5.<\/p>\n<p>\u038c\u03bb\u03bf\u03b9 \u03ad\u03c7\u03bf\u03c5\u03bc\u03b5 \u03bc\u03b9\u03b1 \u03b9\u03c3\u03c4\u03bf\u03c1\u03af\u03b1. \u039a\u03b1\u03b9 \u03c5\u03c0\u03bf\u03c8\u03b9\u03b1\u03b6\u03cc\u03bc\u03b1\u03c3\u03c4\u03b5 \u03cc\u03c4\u03b9<strong> Prenda Bodas Ouro Conjunto<\/strong>\u03b5\u03af\u03bd\u03b1\u03b9 \u03bc\u03b9\u03b1 \u03ba\u03b1\u03bb\u03ae \u03b1\u03c6\u03bf\u03c1\u03bc\u03ae \u03b3\u03b9\u03b1 \u03bd\u03b1 \u03bc\u03b1\u03c2 \u03bc\u03b9\u03bb\u03ae\u03c3\u03b5\u03c4\u03b5 \u03b3\u03b9\u03b1 \u03c4\u03b1 \u03b4\u03b9\u03ba\u03ac \u03c3\u03b1\u03c2!<\/p>\n<p>\u039a\u03ac\u03b8\u03b5 \u03bb\u03b5\u03c0\u03c4\u03bf\u03bc\u03ad\u03c1\u03b5\u03b9\u03b1 \u03bc\u03b5\u03c4\u03c1\u03ac\u03b5\u03b9, \u03b1\u03c0\u03cc \u03c4\u03b7 \u03c7\u03c1\u03bf\u03bd\u03bf\u03bb\u03cc\u03b3\u03b7\u03c3\u03b7 \u03bc\u03ad\u03c7\u03c1\u03b9 \u03c4\u03b7\u03bd \u03b7\u03bc\u03b5\u03c1\u03bf\u03bc\u03b7\u03bd\u03af\u03b1 \u03c4\u03bf\u03c5 \u03b3\u03ac\u03bc\u03bf\u03c5 \u03ba\u03b1\u03b9 \u03c4\u03b7 \u03bb\u03af\u03c3\u03c4\u03b1 \u03c4\u03c9\u03bd \u03ba\u03b1\u03bb\u03b5\u03c3\u03bc\u03ad\u03bd\u03c9\u03bd!  \u0393\u03b9\u03b1\u03c4\u03af \u03b1\u03c2 \u03b1\u03c1\u03c7\u03af\u03c3\u03bf\u03c5\u03bc\u03b5 \u03bd\u03b1 \u03c0\u03c1\u03bf\u03b5\u03c4\u03bf\u03b9\u03bc\u03b1\u03b6\u03cc\u03bc\u03b1\u03c3\u03c4\u03b5 \u03b3\u03b9\u03b1 \u03c4\u03bf \u03c0\u03b9\u03bf \u03b3\u03bb\u03c5\u03ba\u03cc \u03c7\u03c1\u03c5\u03c3\u03cc \u03b9\u03c9\u03b2\u03b7\u03bb\u03b1\u03af\u03bf \u03c0\u03bf\u03c5 \u03ad\u03b3\u03b9\u03bd\u03b5 \u03c0\u03bf\u03c4\u03ad.<\/p>\n<p>\u039a\u03b1\u03c4\u03b1\u03bb\u03b1\u03b2\u03b1\u03af\u03bd\u03bf\u03c5\u03bc\u03b5 \u03cc\u03c4\u03b9 \u03c4\u03b1 \u03b5\u03cd\u03c3\u03b7\u03bc\u03b1 \u03b3\u03b9\u03b1 \u03c4\u03bf \u03a7\u03c1\u03c5\u03c3\u03cc \u0399\u03c9\u03b2\u03b7\u03bb\u03b1\u03af\u03bf \u03b5\u03af\u03bd\u03b1\u03b9 \u03b4\u03b9\u03ba\u03ac \u03c3\u03b1\u03c2, \u03b1\u03bb\u03bb\u03ac \u03cc\u03c4\u03b9 \u03b7 \u03b1\u03c0\u03bf\u03c3\u03c4\u03bf\u03bb\u03ae \u03b5\u03af\u03bd\u03b1\u03b9 \u03b4\u03b9\u03ba\u03ae \u03bc\u03b1\u03c2. \u0393\u03b9' \u03b1\u03c5\u03c4\u03cc \u03b4\u03b7\u03bc\u03b9\u03bf\u03c5\u03c1\u03b3\u03bf\u03cd\u03bc\u03b5 \u03bc\u03bf\u03bd\u03b1\u03b4\u03b9\u03ba\u03ac \u03c0\u03c1\u03bf\u03ca\u03cc\u03bd\u03c4\u03b1 \u03c0\u03c1\u03bf\u03c3\u03b1\u03c1\u03bc\u03bf\u03c3\u03bc\u03ad\u03bd\u03b1 \u03c3\u03c4\u03bf \u03b3\u03bf\u03cd\u03c3\u03c4\u03bf \u03ba\u03ac\u03b8\u03b5 \u03c0\u03b5\u03bb\u03ac\u03c4\u03b7, \u03b5\u03be\u03b1\u03c3\u03c6\u03b1\u03bb\u03af\u03b6\u03bf\u03bd\u03c4\u03b1\u03c2 \u03c0\u03ac\u03bd\u03c4\u03b1 \u03c0\u03bf\u03b9\u03cc\u03c4\u03b7\u03c4\u03b1, \u03c4\u03b5\u03bb\u03b5\u03b9\u03cc\u03c4\u03b7\u03c4\u03b1 \u03ba\u03b1\u03b9 \u03ba\u03b1\u03bb\u03ae \u03b3\u03b5\u03cd\u03c3\u03b7.<\/p>\n<p>\u03a6\u03c4\u03b9\u03b1\u03b3\u03bc\u03ad\u03bd\u03b1 \u03bc\u03b5 \u03b1\u03b3\u03ac\u03c0\u03b7, \u03c4\u03b1 \u03b4\u03ce\u03c1\u03b1 \u03bc\u03b1\u03c2 \u03b3\u03b9\u03b1 \u03c4\u03bf \u03a7\u03c1\u03c5\u03c3\u03cc \u0399\u03c9\u03b2\u03b7\u03bb\u03b1\u03af\u03bf \u03b5\u03af\u03bd\u03b1\u03b9 \u03c6\u03c4\u03b9\u03b1\u03b3\u03bc\u03ad\u03bd\u03b1 \u03b3\u03b9\u03b1 \u03ba\u03ac\u03b8\u03b5 \u03c0\u03b5\u03bb\u03ac\u03c4\u03b7.<\/p>\n<h2>A nossa Prenda Bodas Ouro Conjunto<\/h2>\n<p>\u039c\u03ad\u03c7\u03c1\u03b9 \u03bd\u03b1 \u03c0\u03b1\u03bd\u03c4\u03c1\u03b5\u03c5\u03c4\u03bf\u03cd\u03bd, \u03ba\u03ac\u03b8\u03b5 \u03b6\u03b5\u03c5\u03b3\u03ac\u03c1\u03b9 \u03ad\u03c7\u03b5\u03b9 \u03bc\u03b9\u03b1 \u03b9\u03c3\u03c4\u03bf\u03c1\u03af\u03b1. \u039a\u03b1\u03b9 \u03c3\u03c4\u03bf Miminhos, \u03be\u03ad\u03c1\u03bf\u03c5\u03bc\u03b5 \u03cc\u03c4\u03b9 \u03c4\u03b1 \u03b1\u03bd\u03b1\u03bc\u03bd\u03b7\u03c3\u03c4\u03b9\u03ba\u03ac \u03b5\u03af\u03bd\u03b1\u03b9 \u03bc\u03b9\u03b1 \u03ba\u03b1\u03bb\u03ae \u03b1\u03c6\u03bf\u03c1\u03bc\u03ae \u03b3\u03b9\u03b1 \u03bd\u03b1 \u03c0\u03b5\u03af\u03c4\u03b5 \u03c4\u03b7 \u03b4\u03b9\u03ba\u03ae \u03c3\u03b1\u03c2!<\/p>\n<p>\u03a6\u03c4\u03b9\u03b1\u03b3\u03bc\u03ad\u03bd\u03b1 \u03bc\u03b5 \u03b1\u03b3\u03ac\u03c0\u03b7, \u03c4\u03b1 \u03b4\u03ce\u03c1\u03b1 \u03b5\u03af\u03bd\u03b1\u03b9 \u03c6\u03c4\u03b9\u03b1\u03b3\u03bc\u03ad\u03bd\u03b1 \u03b3\u03b9\u03b1 \u03ba\u03ac\u03b8\u03b5 \u03c0\u03b5\u03bb\u03ac\u03c4\u03b7, \u03bc\u03b9\u03b1 \u03b9\u03b4\u03ad\u03b1 \u03c0\u03bf\u03c5 \u03c0\u03b7\u03b3\u03ac\u03b6\u03b5\u03b9 \u03b1\u03c0\u03cc \u03c4\u03b9\u03c2 \u03bb\u03b5\u03c0\u03c4\u03bf\u03bc\u03ad\u03c1\u03b5\u03b9\u03b5\u03c2 \u03c4\u03b7\u03c2 \u03b9\u03c3\u03c4\u03bf\u03c1\u03af\u03b1\u03c2 \u03c4\u03bf\u03c5. \u0391\u03c2 \u03c4\u03b7\u03bd \u03c0\u03bf\u03cd\u03bc\u03b5 \u03bb\u03bf\u03b9\u03c0\u03cc\u03bd \u03cc\u03c0\u03c9\u03c2 \u03b5\u03af\u03bd\u03b1\u03b9, \u03bc\u03b5 \u03c4\u03b1 \u03b4\u03b9\u03ba\u03ac \u03c4\u03bf\u03c5\u03c2 \u03bb\u03cc\u03b3\u03b9\u03b1.<\/p>\n<p>\u0388\u03c4\u03c3\u03b9, \u03ad\u03c7\u03bf\u03c5\u03bc\u03b5 \u03b1\u03bd\u03b1\u03bc\u03bd\u03b7\u03c3\u03c4\u03b9\u03ba\u03ac \u03c3\u03b5 \u03cc\u03bb\u03b1 \u03c4\u03b1 \u03c3\u03c7\u03ae\u03bc\u03b1\u03c4\u03b1, \u03c4\u03b1 \u03c7\u03c1\u03ce\u03bc\u03b1\u03c4\u03b1 \u03ba\u03b1\u03b9 \u03c4\u03b1 \u03c5\u03bb\u03b9\u03ba\u03ac \u03ba\u03b1\u03b9 \u03c3\u03b5 \u03cc\u03bb\u03b5\u03c2 \u03c4\u03b9\u03c2 \u03c4\u03b9\u03bc\u03ad\u03c2. \u0395\u03c0\u03b9\u03c0\u03bb\u03ad\u03bf\u03bd, \u03c4\u03b1 \u03b4\u03ce\u03c1\u03b1 \u03bc\u03b1\u03c2 \u03ba\u03b1\u03c4\u03b1\u03c3\u03ba\u03b5\u03c5\u03ac\u03b6\u03bf\u03bd\u03c4\u03b1\u03b9 \u03b5\u03b4\u03ce, \u03b3\u03b5\u03b3\u03bf\u03bd\u03cc\u03c2 \u03c0\u03bf\u03c5 \u03bc\u03b1\u03c2 \u03b4\u03af\u03bd\u03b5\u03b9 \u03c4\u03bf\u03bd \u03ad\u03bb\u03b5\u03b3\u03c7\u03bf \u03c4\u03c9\u03bd \u03c7\u03c1\u03cc\u03bd\u03c9\u03bd \u03c0\u03b1\u03c1\u03b1\u03b3\u03c9\u03b3\u03ae\u03c2.<\/p>\n<p>Compre j\u00e1 na Loja Online da Miminhos os produtos que far\u00e3o da sua festa, a melhor. Dos quais, Convites de Bodas Ouro, Lembran\u00e7as para Bodas de Ouro, prendas para Bodas de Ouro, Porta Alian\u00e7as e Livros de Honra.<\/p>\n<ul>\n<li>\u039a\u03b1\u03b9 \u03b5\u03c0\u03af\u03c3\u03b7\u03c2 \u03c0\u03bb\u03b1\u03ba\u03ac\u03c4 \u03ba\u03b1\u03b9 \u03ba\u03bf\u03c5\u03c4\u03b9\u03ac \u03c6\u03b1\u03ba\u03ad\u03bb\u03c9\u03bd \u03ba\u03b1\u03b9 \u03bc\u03b1\u03c1\u03ba\u03b1\u03b4\u03cc\u03c1\u03bf\u03c5\u03c2 \u03c4\u03c1\u03b1\u03c0\u03b5\u03b6\u03b9\u03ce\u03bd \u03ba\u03b1\u03b9 \u03bc\u03b5\u03bd\u03bf\u03cd \u03ba\u03b1\u03b9 \u03ba\u03b1\u03bb\u03ac\u03b8\u03b9\u03b1.<\/li>\n<\/ul>\n<p class=\"font_3\">\u0395\u03bc\u03c0\u03bd\u03b5\u03c5\u03c3\u03c4\u03b5\u03af\u03c4\u03b5 \u03bb\u03bf\u03b9\u03c0\u03cc\u03bd \u03b1\u03c0\u03cc \u03c4\u03b7 \u03b4\u03bf\u03c5\u03bb\u03b5\u03b9\u03ac \u03bc\u03b1\u03c2 \u03ba\u03b1\u03b9 \u03c0\u03ac\u03c1\u03c4\u03b5 \u03c4\u03ce\u03c1\u03b1 \u03c0\u03b5\u03c1\u03b9\u03c3\u03c3\u03cc\u03c4\u03b5\u03c1\u03b5\u03c2 \u03b9\u03b4\u03ad\u03b5\u03c2 \u03b3\u03b9\u03b1 \u03a7\u03c1\u03c5\u03c3\u03cc \u0393\u03ac\u03bc\u03bf, \u03b1\u03c0\u03cc \u03c4\u03bf\u03bd \u03c0\u03b9\u03bf \u03b1\u03c0\u03bb\u03cc, \u03c4\u03bf\u03bd \u03c0\u03b9\u03bf \u03ba\u03bf\u03bc\u03c8\u03cc \u03ba\u03b1\u03b9 \u03b5\u03c0\u03af\u03c3\u03b7\u03bc\u03bf, \u03bc\u03ad\u03c7\u03c1\u03b9 \u03c4\u03bf\u03bd \u03c0\u03b9\u03bf \u03b4\u03b9\u03b1\u03c3\u03ba\u03b5\u03b4\u03b1\u03c3\u03c4\u03b9\u03ba\u03cc.<\/p>\n<p class=\"font_2\">\u0388\u03c4\u03c3\u03b9, \u03c0\u03c1\u03bf\u03c3\u03b1\u03c1\u03bc\u03cc\u03c3\u03c4\u03b5 \u03c4\u03bf \u03c3\u03c7\u03ad\u03b4\u03b9\u03bf \u03c4\u03bf\u03c5 \u03b4\u03ce\u03c1\u03bf\u03c5 \u03c3\u03b1\u03c2 \u03b3\u03b9\u03b1 \u03c4\u03bf \u03a7\u03c1\u03c5\u03c3\u03cc \u0399\u03c9\u03b2\u03b7\u03bb\u03b1\u03af\u03bf \u03c3\u03c4\u03b7\u03bd \u03b1\u03c4\u03bc\u03cc\u03c3\u03c6\u03b1\u03b9\u03c1\u03b1 \u03c0\u03bf\u03c5 \u03b8\u03ad\u03bb\u03b5\u03c4\u03b5 \u03bd\u03b1 \u03c0\u03b1\u03c1\u03bf\u03c5\u03c3\u03b9\u03ac\u03c3\u03b5\u03c4\u03b5 \u03c3\u03c4\u03bf\u03c5\u03c2 \u03ba\u03b1\u03bb\u03b5\u03c3\u03bc\u03ad\u03bd\u03bf\u03c5\u03c2 \u03c3\u03b1\u03c2 \u03c4\u03b7\u03bd \u03b7\u03bc\u03ad\u03c1\u03b1 \u03b1\u03c5\u03c4\u03ae.<\/p>\n<p class=\"font_3\">\u03a1\u03af\u03be\u03c4\u03b5 \u03bb\u03bf\u03b9\u03c0\u03cc\u03bd \u03bc\u03b9\u03b1 \u03bc\u03b1\u03c4\u03b9\u03ac \u03c0\u03b1\u03c1\u03b1\u03ba\u03ac\u03c4\u03c9 \u03c3\u03b5 \u03bc\u03b5\u03c1\u03b9\u03ba\u03bf\u03cd\u03c2 \u03b1\u03c0\u03cc \u03c4\u03bf\u03c5\u03c2 \u03c4\u03cd\u03c0\u03bf\u03c5\u03c2 \u03c4\u03c9\u03bd <strong>\u0394\u03ce\u03c1\u03b1 \u03b3\u03b9\u03b1 \u03c4\u03bf \u03c7\u03c1\u03c5\u03c3\u03cc \u0399\u03c9\u03b2\u03b7\u03bb\u03b1\u03af\u03bf <\/strong>\u03b4\u03b7\u03bc\u03b9\u03bf\u03c5\u03c1\u03b3\u03ae\u03b8\u03b7\u03ba\u03b5 \u03c3\u03c4\u03bf \u03ba\u03b1\u03c4\u03ac\u03c3\u03c4\u03b7\u03bc\u03b1 Miminhos.<\/p>\n<p><strong>\u0394\u03b5\u03af\u03c4\u03b5 \u03b5\u03c0\u03af\u03c3\u03b7\u03c2: <a href=\"https:\/\/miminhosritacatita.com\/el\/product-category\/%cf%87%cf%81%cf%85%cf%83%ce%ae-%ce%b5%cf%80%ce%ad%cf%84%ce%b5%ce%b9%ce%bf%cf%82-%ce%b3%ce%ac%ce%bc%ce%bf%cf%85\/convites-bodas-de-ouro\/\">\u03a0\u03c1\u03bf\u03c3\u03ba\u03bb\u03b7\u03c4\u03ae\u03c1\u03b9\u03b1 \u03b3\u03ac\u03bc\u03bf\u03c5<\/a><\/strong><\/p>\n<p><strong>\u0395\u03c0\u03b9\u03c3\u03ba\u03b5\u03c6\u03b8\u03b5\u03af\u03c4\u03b5 \u03c4\u03bf <a href=\"https:\/\/www.instagram.com\/miminhos.rita.catita\/\" target=\"_blank\" rel=\"noopener\">Instagram<\/a><\/strong><\/p>\n<p>&nbsp;<\/p>","protected":false},"excerpt":{"rendered":"<p>Prenda Bodas Ouro Conjunto<\/p>\n<p>Aplica\u00e7\u00f5es em Prata Laminada<\/p>\n<p>Inclui Estojo conforme imagem<\/p>\n<p>\u039c\u03b9\u03b1 \u03b5\u03be\u03b1\u03b9\u03c1\u03b5\u03c4\u03b9\u03ba\u03ae \u03b9\u03b4\u03ad\u03b1 \u03b3\u03b9\u03b1 \u03bd\u03b1 \u03ba\u03ac\u03bd\u03b5\u03c4\u03b5 \u03c4\u03b7\u03bd \u03b7\u03bc\u03ad\u03c1\u03b1 \u03c3\u03b1\u03c2 \u03b1\u03ba\u03cc\u03bc\u03b1 \u03c0\u03b9\u03bf \u03b1\u03be\u03ad\u03c7\u03b1\u03c3\u03c4\u03b7 \u03ba\u03b1\u03b9 \u03bc\u03bf\u03bd\u03b1\u03b4\u03b9\u03ba\u03ae!<\/p>","protected":false},"featured_media":41846,"template":"","meta":[],"product_brand":[],"product_cat":[849],"product_tag":[],"class_list":{"0":"post-6245","1":"product","2":"type-product","3":"status-publish","4":"has-post-thumbnail","6":"product_cat-prendas-para-bodas-de-ouro","8":"first","9":"instock","10":"taxable","11":"shipping-taxable","12":"purchasable","13":"product-type-simple"},"_links":{"self":[{"href":"https:\/\/miminhosritacatita.com\/el\/wp-json\/wp\/v2\/product\/6245","targetHints":{"allow":["GET"]}}],"collection":[{"href":"https:\/\/miminhosritacatita.com\/el\/wp-json\/wp\/v2\/product"}],"about":[{"href":"https:\/\/miminhosritacatita.com\/el\/wp-json\/wp\/v2\/types\/product"}],"wp:featuredmedia":[{"embeddable":true,"href":"https:\/\/miminhosritacatita.com\/el\/wp-json\/wp\/v2\/media\/41846"}],"wp:attachment":[{"href":"https:\/\/miminhosritacatita.com\/el\/wp-json\/wp\/v2\/media?parent=6245"}],"wp:term":[{"taxonomy":"product_brand","embeddable":true,"href":"https:\/\/miminhosritacatita.com\/el\/wp-json\/wp\/v2\/product_brand?post=6245"},{"taxonomy":"product_cat","embeddable":true,"href":"https:\/\/miminhosritacatita.com\/el\/wp-json\/wp\/v2\/product_cat?post=6245"},{"taxonomy":"product_tag","embeddable":true,"href":"https:\/\/miminhosritacatita.com\/el\/wp-json\/wp\/v2\/product_tag?post=6245"}],"curies":[{"name":"wp","href":"https:\/\/api.w.org\/{rel}","templated":true}]}}