{"id":59860,"date":"2024-06-05T15:16:39","date_gmt":"2024-06-05T15:16:39","guid":{"rendered":"https:\/\/miminhosritacatita.com\/?post_type=product&#038;p=59860"},"modified":"2026-04-28T17:03:29","modified_gmt":"2026-04-28T17:03:29","slug":"agenda-profissional-para-wedding-planners","status":"publish","type":"product","link":"https:\/\/miminhosritacatita.com\/el\/agendas\/agenda-profissional-wedding-planners\/agenda-profissional-para-wedding-planners\/","title":{"rendered":"Agenda Profissional para Wedding Planners"},"content":{"rendered":"<h2>Agenda Profissional para Wedding Planners<\/h2>\n<p>Agenda Profissional para Wedding Planners<\/p>\n<p>Seja bem-vindo(a) \u00e0 nova era da organiza\u00e7\u00e3o de casamentos! A\u00a0<strong>Agenda Profissional para Wedding Planners<\/strong> \u00e9 uma ferramenta essencial para os profissionais que transformam sonhos em realidade.<\/p>\n<p>Logo, com um design inteligente e recursos inovadores, esta agenda foi projetada para facilitar o trabalho dos organizadores de casamentos.<\/p>\n<h2>Agenda Profissional para Wedding Planners<\/h2>\n<p><strong>Caracter\u00edsticas Principais:<\/strong><\/p>\n<p><strong>Tamanho A5:<\/strong> Compacta e port\u00e1til, a agenda cabe facilmente na bolsa ou mochila, permitindo assim, que os wedding planners a levem para reuni\u00f5es, visitas a fornecedores e eventos.<\/p>\n<p><strong>Dois Anos de Planeamento:<\/strong> Com uma vis\u00e3o semanal, a agenda abrange dois anos inteiros, garantindo que nenhum detalhe seja esquecido. No entanto, cada semana \u00e9 dividida em sec\u00e7\u00f5es para facilitar o acompanhamento das tarefas.<\/p>\n<p><strong>Sistema de Argolas:<\/strong> As argolas permitem adicionar e retirar m\u00f3dulos conforme necess\u00e1rio. Por isso, flexibilidade \u00e9 a palavra-chave aqui. Pode personalizar a agenda de acordo com cada casamento espec\u00edfico.<\/p>\n<h3><strong>M\u00f3dulo Por Casais:<br \/>\n<\/strong><\/h3>\n<ul>\n<li><strong>Decora\u00e7\u00f5es:<\/strong> Assim, anote ideias criativas para a decora\u00e7\u00e3o da cerim\u00f3nia e rece\u00e7\u00e3o.<\/li>\n<li><strong>Restri\u00e7\u00f5es Alimentares:<\/strong> Logo, registe as prefer\u00eancias alimentares dos noivos e convidados.<\/li>\n<li><strong>Timeline:<\/strong>\u00a0Detalhe cada etapa do grande dia, desde a prepara\u00e7\u00e3o at\u00e9 a festa.<\/li>\n<li><strong>Checklist:<\/strong> N\u00e3o deixe nada ao acaso! Portanto, liste todas as tarefas a serem realizadas.<\/li>\n<\/ul>\n<p>&nbsp;<\/p>\n<ul>\n<li><strong>Lista de Convidados:<\/strong>\u00a0Mantenha o controle sobre quem estar\u00e1 presente.<\/li>\n<li><strong>Organizador de Despesas:<\/strong> Registe or\u00e7amentos, pagamentos e despesas relacionadas.<\/li>\n<li><strong>Espa\u00e7o para Organizar Mesas:<\/strong> Planeie a disposi\u00e7\u00e3o dos convidados na rece\u00e7\u00e3o.<\/li>\n<li><strong>Folha para Anota\u00e7\u00f5es e Rascunhos:<\/strong>\u00a0Ideal para reuni\u00f5es com os noivos. Desenhe, anote e apague conforme necess\u00e1rio.<\/li>\n<\/ul>\n<p><strong>Caneta de Acetato Inclu\u00edda:<\/strong> Por isso, acompanha uma caneta especial para escrever e apagar na folha dedicada a rascunhos.<\/p>\n<p><strong>Oito M\u00f3dulos, Oito Casamentos:<\/strong> Com oito m\u00f3dulos, pode organizar at\u00e9 oito casamentos simultaneamente. Para tal, cada m\u00f3dulo possui um separador para facilitar a navega\u00e7\u00e3o.<\/p>\n<p><strong>Bolso Interno:<\/strong> Por isso, guarde documentos importantes, cart\u00f5es de visita e notas adicionais.<\/p>\n<p><strong>Capa Laminada e Lav\u00e1vel:<\/strong> A capa resistente protege a agenda contra desgaste e manchas. Por isso, podemos assim usar por diversos anos.<\/p>\n<p><strong>M\u00f3dulos anuais:<\/strong> Portanto, pode acrescentar anos \u00e0 sua Agenda Profissional para Wedding Planners \u00e0 medida que for necessitando, sem ter de adquirir uma nova agenda.<\/p>\n<p><strong>Vista anual: <\/strong>A Vista anual permite ter uma no\u00e7\u00e3o mais clara e r\u00e1pida dos eventos a realizar e dias ocupados.<\/p>\n<h4>Para finalizar, seja um wedding planner experiente ou algu\u00e9m que est\u00e1 a come\u00e7ar nesta carreira apaixonante, a <strong>Agenda Profissional para Wedding Planners<\/strong> \u00e9 a sua aliada perfeita.<\/h4>\n<p>Por fim, transforme detalhes em momentos inesquec\u00edveis e fa\u00e7a parte do percurso de amor de cada casal.<\/p>\n<p>&nbsp;<\/p>\n<p><strong>\u0394\u03b5\u03af\u03c4\u03b5 \u03b5\u03c0\u03af\u03c3\u03b7\u03c2:<\/strong><a href=\"https:\/\/miminhosritacatita.com\/el\/product\/topo-de-bolo-acrilico-impresso\/\"> \u039a\u03ad\u03b9\u03ba toppers<\/a><\/p>\n<p><strong>\u0391\u03ba\u03bf\u03bb\u03bf\u03c5\u03b8\u03ae\u03c3\u03c4\u03b5 \u03bc\u03b1\u03c2 \u03c3\u03c4\u03bf <a href=\"https:\/\/www.instagram.com\/miminhos.rita.catita\/\" target=\"_blank\" rel=\"noopener\">Instagram<\/a><\/strong><\/p>","protected":false},"excerpt":{"rendered":"<p>Agenda Profissional para Wedding Planners<\/p>\n<p>\u039c\u03ad\u03b3\u03b5\u03b8\u03bf\u03c2: A5<\/p>\n<p>M\u00f3dulos de Casais: 8un<\/p>\n<p>M\u00f3dulos de Anos: 2 anos<\/p>\n<p>Caneta de Acetato inclu\u00edda<\/p>\n<p>&nbsp;<\/p>\n<p>&nbsp;<\/p>","protected":false},"featured_media":59862,"template":"","meta":[],"product_brand":[],"product_cat":[1096,1216],"product_tag":[],"class_list":{"0":"post-59860","1":"product","2":"type-product","3":"status-publish","4":"has-post-thumbnail","6":"product_cat-agendas","7":"product_cat-agenda-profissional-wedding-planners","9":"first","10":"instock","11":"featured","12":"taxable","13":"shipping-taxable","14":"purchasable","15":"product-type-simple"},"_links":{"self":[{"href":"https:\/\/miminhosritacatita.com\/el\/wp-json\/wp\/v2\/product\/59860","targetHints":{"allow":["GET"]}}],"collection":[{"href":"https:\/\/miminhosritacatita.com\/el\/wp-json\/wp\/v2\/product"}],"about":[{"href":"https:\/\/miminhosritacatita.com\/el\/wp-json\/wp\/v2\/types\/product"}],"wp:featuredmedia":[{"embeddable":true,"href":"https:\/\/miminhosritacatita.com\/el\/wp-json\/wp\/v2\/media\/59862"}],"wp:attachment":[{"href":"https:\/\/miminhosritacatita.com\/el\/wp-json\/wp\/v2\/media?parent=59860"}],"wp:term":[{"taxonomy":"product_brand","embeddable":true,"href":"https:\/\/miminhosritacatita.com\/el\/wp-json\/wp\/v2\/product_brand?post=59860"},{"taxonomy":"product_cat","embeddable":true,"href":"https:\/\/miminhosritacatita.com\/el\/wp-json\/wp\/v2\/product_cat?post=59860"},{"taxonomy":"product_tag","embeddable":true,"href":"https:\/\/miminhosritacatita.com\/el\/wp-json\/wp\/v2\/product_tag?post=59860"}],"curies":[{"name":"wp","href":"https:\/\/api.w.org\/{rel}","templated":true}]}}