{"id":4423,"date":"2018-11-19T14:32:52","date_gmt":"2018-11-19T14:32:52","guid":{"rendered":"https:\/\/miminhosritacatita.com\/?post_type=product&#038;p=4423"},"modified":"2025-11-20T13:29:10","modified_gmt":"2025-11-20T13:29:10","slug":"boutonniere-flores-noivo-original","status":"publish","type":"product","link":"https:\/\/miminhosritacatita.com\/el\/casamento\/acessorios-para-noiva\/lapela-do-noivo\/boutonniere-flores-noivo-original\/","title":{"rendered":"Boutonniere Flores Noivo Original"},"content":{"rendered":"<h1>Boutonniere Flores Noivo Original<\/h1>\n<p>Boutonniere Flores Noivo Original<\/p>\n<p>Dizem que o segredo est\u00e1 nos detalhes\u2026 Portanto, n\u00f3s acreditamos! Na nossa loja os Ramos de Noiva s\u00e3o dos nossos detalhes favoritos.<\/p>\n<p>Dos robes \u00e0s ligas\u2026 Como ser\u00e1 o seu Ramo de Noiva? Pense!, porque \u00e9 aqui que o estilo pessoal vai brilhar!<\/p>\n<p>Feitos com amor, as nossas Bola de Flores s\u00e3o feitos para cada cliente, ideia que resulta dos detalhes da sua hist\u00f3ria. Por isso, vamos j\u00e1 conta-la como ela \u00e9, pelas suas palavras.<\/p>\n<p>Temos, na nossa loja, v\u00e1rias Ramos para Noiva para v\u00e1rios pre\u00e7os e gostos, mantendo sempre a promessa de qualidade.<\/p>\n<h2>A Boutonniere Flores Noivo Original<\/h2>\n<p>Assim, entendemos que o m\u00e9rito pelo <b>\u0393\u03ac\u03bc\u03bf\u03c2<\/b> \u03b5\u03af\u03bd\u03b1\u03b9 \u03b4\u03b9\u03ba\u03ae \u03c3\u03b1\u03c2, \u03b1\u03bb\u03bb\u03ac \u03b7 \u03b1\u03c0\u03bf\u03c3\u03c4\u03bf\u03bb\u03ae \u03b5\u03af\u03bd\u03b1\u03b9 \u03b4\u03b9\u03ba\u03ae \u03bc\u03b1\u03c2. \u0393\u03b9' \u03b1\u03c5\u03c4\u03cc \u03b4\u03b7\u03bc\u03b9\u03bf\u03c5\u03c1\u03b3\u03bf\u03cd\u03bc\u03b5 \u03c0\u03c1\u03bf\u03ca\u03cc\u03bd\u03c4\u03b1 \u03c0\u03c1\u03bf\u03c3\u03b1\u03c1\u03bc\u03bf\u03c3\u03bc\u03ad\u03bd\u03b1 \u03c3\u03c4\u03bf \u03b3\u03bf\u03cd\u03c3\u03c4\u03bf \u03ba\u03ac\u03b8\u03b5 \u03c0\u03b5\u03bb\u03ac\u03c4\u03b7, \u03b5\u03be\u03b1\u03c3\u03c6\u03b1\u03bb\u03af\u03b6\u03bf\u03bd\u03c4\u03b1\u03c2 \u03c0\u03ac\u03bd\u03c4\u03b1 \u03c0\u03bf\u03b9\u03cc\u03c4\u03b7\u03c4\u03b1, \u03c4\u03b5\u03bb\u03b5\u03b9\u03cc\u03c4\u03b7\u03c4\u03b1 \u03ba\u03b1\u03b9 \u03ba\u03b1\u03bb\u03ae \u03b3\u03b5\u03cd\u03c3\u03b7.<\/p>\n<p>Portanto, encontre aqui a resposta para todos os detalhes que far\u00e3o o seu Casamento \u00fanico. Dos quais Convites \/ Porta Alian\u00e7as \/ Livros de Honra \/ Lembran\u00e7as. Mas tamb\u00e9m, as Cestas de Lembran\u00e7as \/ e os Photo Booth \/ e os Cabides. Assim como Flutes \/ e Talheres \/ e os Bal\u00f5es \/ e os Sparklers \/ Bola de Flores \/ e Placas \u201cL\u00e1 Vem a Noiva\u201d.<\/p>\n<p><strong>Portanto,<\/strong><\/p>\n<ul>\n<li><strong>\u03a0\u03b9\u03bd\u03b1\u03ba\u03af\u03b4\u03b5\u03c2<\/strong><\/li>\n<li><strong>Caixas de Envelopes<\/strong><\/li>\n<li><strong>\u0395\u03c0\u03b9\u03c4\u03c1\u03b1\u03c0\u03ad\u03b6\u03b9\u03bf\u03b9 \u03b4\u03b5\u03af\u03ba\u03c4\u03b5\u03c2<\/strong><\/li>\n<li><strong>Ementas e Cestas.<\/strong><\/li>\n<\/ul>\n<p>Tamb\u00e9m temos Ramos de Noiva Artificiais \/ e os Ramos de Solteiras \/ e Caixas de Envelopes. E ainda, as Ofertas a Pais e Padrinhos \/ e as Argolas de Guardanapos.<\/p>\n<p><strong>\u0394\u03b5\u03af\u03c4\u03b5 \u03b5\u03c0\u03af\u03c3\u03b7\u03c2: <a href=\"https:\/\/miminhosritacatita.com\/el\/product\/agenda-da-noiva\/\">\u0397\u03bc\u03b5\u03c1\u03bf\u03bb\u03cc\u03b3\u03b9\u03bf \u03bd\u03cd\u03c6\u03b7\u03c2<\/a><\/strong><\/p>\n<p>\u0391\u03ba\u03bf\u03bb\u03bf\u03c5\u03b8\u03ae\u03c3\u03c4\u03b5 \u03bc\u03b1\u03c2 \u03c3\u03c4\u03bf <a href=\"https:\/\/www.instagram.com\/miminhos.rita.catita\/\" target=\"_blank\" rel=\"noopener\">Instagram<\/a><\/p>\n<p>&nbsp;<\/p>","protected":false},"excerpt":{"rendered":"<p>Boutonniere Flores Noivo Original<\/p>\n<p>Flores artificiais e preservadas<\/p>\n<p>Portanto, se desejar altera\u00e7\u00f5es, indicar nas &#8220;Notas&#8221;, depois de finalizar a encomenda.<\/p>\n<p>&nbsp;<\/p>\n<p>&nbsp;<\/p>\n<p>&nbsp;<\/p>\n<p>&nbsp;<\/p>\n<p>&nbsp;<\/p>\n<p>&nbsp;<\/p>\n<p>&nbsp;<\/p>","protected":false},"featured_media":23164,"template":"","meta":[],"product_brand":[],"product_cat":[1143],"product_tag":[],"class_list":{"0":"post-4423","1":"product","2":"type-product","3":"status-publish","4":"has-post-thumbnail","6":"product_cat-lapela-do-noivo","8":"first","9":"instock","10":"taxable","11":"shipping-taxable","12":"purchasable","13":"product-type-simple"},"_links":{"self":[{"href":"https:\/\/miminhosritacatita.com\/el\/wp-json\/wp\/v2\/product\/4423","targetHints":{"allow":["GET"]}}],"collection":[{"href":"https:\/\/miminhosritacatita.com\/el\/wp-json\/wp\/v2\/product"}],"about":[{"href":"https:\/\/miminhosritacatita.com\/el\/wp-json\/wp\/v2\/types\/product"}],"wp:featuredmedia":[{"embeddable":true,"href":"https:\/\/miminhosritacatita.com\/el\/wp-json\/wp\/v2\/media\/23164"}],"wp:attachment":[{"href":"https:\/\/miminhosritacatita.com\/el\/wp-json\/wp\/v2\/media?parent=4423"}],"wp:term":[{"taxonomy":"product_brand","embeddable":true,"href":"https:\/\/miminhosritacatita.com\/el\/wp-json\/wp\/v2\/product_brand?post=4423"},{"taxonomy":"product_cat","embeddable":true,"href":"https:\/\/miminhosritacatita.com\/el\/wp-json\/wp\/v2\/product_cat?post=4423"},{"taxonomy":"product_tag","embeddable":true,"href":"https:\/\/miminhosritacatita.com\/el\/wp-json\/wp\/v2\/product_tag?post=4423"}],"curies":[{"name":"wp","href":"https:\/\/api.w.org\/{rel}","templated":true}]}}