{"id":4369,"date":"2018-11-16T17:53:26","date_gmt":"2018-11-16T17:53:26","guid":{"rendered":"https:\/\/miminhosritacatita.com\/?post_type=product&#038;p=4369"},"modified":"2026-03-12T16:21:44","modified_gmt":"2026-03-12T16:21:44","slug":"ramo-para-atirar-solteiras","status":"publish","type":"product","link":"https:\/\/miminhosritacatita.com\/el\/casamento\/ramos-das-solteiras\/ramo-para-atirar-solteiras\/","title":{"rendered":"Ramo para Atirar Solteiras"},"content":{"rendered":"<h1>Ramo para Atirar Solteiras<\/h1>\n<p>Ramo para Atirar Solteiras<\/p>\n<p>Dizem que o segredo est\u00e1 nos detalhes\u2026 E n\u00f3s acreditamos! Na nossa loja os Ramos de Solteiras \/ os s\u00e3o dos nossos detalhes favoritos.<\/p>\n<p>Dos robes \u00e0s ligas\u2026 Como ser\u00e1 a sua? Pense!, porque \u00e9 aqui que o estilo pessoal vai brilhar!<\/p>\n<p>Feitos com amor, os nossos Ramo para Atirar Solteiras os s\u00e3o feitos para cada cliente, ideia que resulta dos detalhes da sua hist\u00f3ria. Por isso, vamos j\u00e1 conta-la como ela \u00e9, pelas suas palavras.<\/p>\n<p>Temos, na nossa loja, v\u00e1rias Ramo para Atirar Solteirasos para v\u00e1rios pre\u00e7os e gostos, mantendo sempre a promessa de qualidade.<\/p>\n<h2>Ramo para Atirar Solteiras<\/h2>\n<p>\u03a0\u03b9\u03c3\u03c4\u03b5\u03cd\u03bf\u03c5\u03bc\u03b5 \u03cc\u03c4\u03b9 \u03c4\u03bf \u03c0\u03bb\u03b5\u03bf\u03bd\u03ad\u03ba\u03c4\u03b7\u03bc\u03b1 \u03b3\u03b9\u03b1 <b>\u0393\u03ac\u03bc\u03bf\u03c2<\/b> \u03b5\u03af\u03bd\u03b1\u03b9 \u03b4\u03b9\u03ba\u03ae \u03c3\u03b1\u03c2, \u03b1\u03bb\u03bb\u03ac \u03b7 \u03b1\u03c0\u03bf\u03c3\u03c4\u03bf\u03bb\u03ae \u03b5\u03af\u03bd\u03b1\u03b9 \u03b4\u03b9\u03ba\u03ae \u03bc\u03b1\u03c2. \u0393\u03b9' \u03b1\u03c5\u03c4\u03cc \u03b4\u03b7\u03bc\u03b9\u03bf\u03c5\u03c1\u03b3\u03bf\u03cd\u03bc\u03b5 \u03c0\u03c1\u03bf\u03ca\u03cc\u03bd\u03c4\u03b1 \u03c0\u03c1\u03bf\u03c3\u03b1\u03c1\u03bc\u03bf\u03c3\u03bc\u03ad\u03bd\u03b1 \u03c3\u03c4\u03bf \u03b3\u03bf\u03cd\u03c3\u03c4\u03bf \u03ba\u03ac\u03b8\u03b5 \u03c0\u03b5\u03bb\u03ac\u03c4\u03b7, \u03b5\u03be\u03b1\u03c3\u03c6\u03b1\u03bb\u03af\u03b6\u03bf\u03bd\u03c4\u03b1\u03c2 \u03c0\u03ac\u03bd\u03c4\u03b1 \u03c0\u03bf\u03b9\u03cc\u03c4\u03b7\u03c4\u03b1, \u03c4\u03b5\u03bb\u03b5\u03b9\u03cc\u03c4\u03b7\u03c4\u03b1 \u03ba\u03b1\u03b9 \u03ba\u03b1\u03bb\u03ae \u03b3\u03b5\u03cd\u03c3\u03b7.<\/p>\n<p>\u0392\u03c1\u03b5\u03af\u03c4\u03b5 \u03bb\u03bf\u03b9\u03c0\u03cc\u03bd \u03c4\u03b7\u03bd \u03b1\u03c0\u03ac\u03bd\u03c4\u03b7\u03c3\u03b7 \u03c3\u03b5 \u03cc\u03bb\u03b5\u03c2 \u03c4\u03b9\u03c2 \u03bb\u03b5\u03c0\u03c4\u03bf\u03bc\u03ad\u03c1\u03b5\u03b9\u03b5\u03c2 \u03c0\u03bf\u03c5 \u03b8\u03b1 \u03ba\u03ac\u03bd\u03bf\u03c5\u03bd \u03c4\u03bf \u03c0\u03ac\u03c1\u03c4\u03b9 \u03c3\u03b1\u03c2 \u03bc\u03bf\u03bd\u03b1\u03b4\u03b9\u03ba\u03cc \u03c3\u03c4\u03bf \u0397\u03bb\u03b5\u03ba\u03c4\u03c1\u03bf\u03bd\u03b9\u03ba\u03cc \u039a\u03b1\u03c4\u03ac\u03c3\u03c4\u03b7\u03bc\u03b1.<\/p>\n<p>Tamb\u00e9m alugamos carros para o transporte dos noivos. Para saber o pre\u00e7o contacte-nos e informe a data do Evento \/ a morada de recolha \/ a da Igreja \/ e a do local da boda. Ramo para Atirar Solteiras<\/p>\n<p>\u0388\u03c7\u03bf\u03c5\u03bc\u03b5 \u03b5\u03c0\u03af\u03c3\u03b7\u03c2 \u03ad\u03bd\u03b1 \u03c6\u03bf\u03c5\u03c3\u03ba\u03c9\u03c4\u03cc \u03ba\u03b1\u03b9 \u03bc\u03b9\u03b1 \u03c4\u03c3\u03bf\u03c5\u03bb\u03ae\u03b8\u03c1\u03b1 \u03b3\u03b9\u03b1 \u03b5\u03bd\u03bf\u03b9\u03ba\u03af\u03b1\u03c3\u03b7. \u0396\u03b7\u03c4\u03ae\u03c3\u03c4\u03b5 \u03bb\u03bf\u03b9\u03c0\u03cc\u03bd \u03bc\u03b9\u03b1 \u03c0\u03c1\u03bf\u03c3\u03c6\u03bf\u03c1\u03ac, \u03b1\u03bd\u03b1\u03c6\u03ad\u03c1\u03bf\u03bd\u03c4\u03b1\u03c2 \u03c4\u03b7\u03bd \u03b7\u03bc\u03ad\u03c1\u03b1 \u03c4\u03b7\u03c2 \u03b5\u03ba\u03b4\u03ae\u03bb\u03c9\u03c3\u03b7\u03c2 \u03ba\u03b1\u03b9 \u03b1\u03bd \u03b8\u03ad\u03bb\u03b5\u03c4\u03b5 \u03bd\u03b1 \u03c4\u03bf \u03c0\u03b1\u03c1\u03b1\u03bb\u03ac\u03b2\u03b5\u03c4\u03b5 \u03b1\u03c0\u03cc \u03c4\u03bf \u03ba\u03b1\u03c4\u03ac\u03c3\u03c4\u03b7\u03bc\u03b1 \u03ae \u03bd\u03b1 \u03ad\u03c1\u03b8\u03bf\u03c5\u03bc\u03b5 \u03c3\u03c4\u03bf \u03c7\u03ce\u03c1\u03bf \u03b3\u03b9\u03b1 \u03bd\u03b1 \u03c4\u03bf \u03c3\u03c4\u03ae\u03c3\u03b5\u03c4\u03b5 \u03ba\u03b1\u03b9 \u03bd\u03b1 \u03c4\u03bf \u03ba\u03b1\u03c4\u03b5\u03b2\u03ac\u03c3\u03bf\u03c5\u03bc\u03b5.<\/p>\n<p>Encontre aqui a resposta para todos os detalhes que far\u00e3o o seu Casamento \u00fanico. Dos quais:<\/p>\n<ul>\n<li>Ramo para Atirar Solteiras \/ Convites \/ Porta Alian\u00e7as \/ Livros de Honra \/ Lembran\u00e7as. Mas tamb\u00e9m, as Cestas de Lembran\u00e7as \/ e os Photo Booth \/ e os Cabides. Assim como Flutes \/ e Talheres \/ e os Bal\u00f5es \/ e os Sparklers \/ &#8220;Bomba&#8221; de Charutos Solteiros \/ e Placas para casamento.<\/li>\n<\/ul>\n<p>\u0388\u03c7\u03bf\u03c5\u03bc\u03b5 \u03b5\u03c0\u03af\u03c3\u03b7\u03c2 \u03c4\u03b5\u03c7\u03bd\u03b7\u03c4\u03ad\u03c2 \u03bd\u03c5\u03c6\u03b9\u03ba\u03ad\u03c2 \u03b1\u03bd\u03b8\u03bf\u03b4\u03ad\u03c3\u03bc\u03b5\u03c2 \/ \u03ba\u03b1\u03b9 \u03b1\u03bd\u03b8\u03bf\u03b4\u03ad\u03c3\u03bc\u03b5\u03c2 \u03b5\u03c1\u03b3\u03ad\u03bd\u03b7\u03b4\u03c9\u03bd \/ \u03ba\u03b1\u03b9 \u03ba\u03bf\u03c5\u03c4\u03b9\u03ac \u03c6\u03b1\u03ba\u03ad\u03bb\u03c9\u03bd. \u0388\u03c7\u03bf\u03c5\u03bc\u03b5 \u03b5\u03c0\u03af\u03c3\u03b7\u03c2 \u0394\u03ce\u03c1\u03b1 \u03b3\u03b9\u03b1 \u03c0\u03b1\u03c4\u03ad\u03c1\u03b5\u03c2 \u03ba\u03b1\u03b9 \u03bd\u03bf\u03bd\u03bf\u03cd\u03c2 \/ \u03ba\u03b1\u03b9 \u03b4\u03b1\u03c7\u03c4\u03c5\u03bb\u03af\u03b4\u03b9\u03b1 \u03c7\u03b1\u03c1\u03c4\u03bf\u03c0\u03b5\u03c4\u03c3\u03ad\u03c4\u03b1\u03c2 \/ \u03ba\u03b1\u03b9 \u03bc\u03b5\u03bd\u03bf\u03cd.<\/p>\n<p><strong>\u0394\u03b5\u03af\u03c4\u03b5 \u03b5\u03c0\u03af\u03c3\u03b7\u03c2: <a href=\"https:\/\/miminhosritacatita.com\/el\/product\/agenda-da-noiva\/\">\u0397\u03bc\u03b5\u03c1\u03bf\u03bb\u03cc\u03b3\u03b9\u03bf \u03bd\u03cd\u03c6\u03b7\u03c2<\/a><\/strong><\/p>\n<p><strong>\u0391\u03ba\u03bf\u03bb\u03bf\u03c5\u03b8\u03ae\u03c3\u03c4\u03b5 \u03bc\u03b1\u03c2 \u03c3\u03c4\u03bf <a href=\"https:\/\/www.instagram.com\/miminhos.rita.catita\/\" target=\"_blank\" rel=\"noopener\">Instagram<\/a><\/strong><\/p>\n<p>&nbsp;<\/p>\n<p>&nbsp;<\/p>","protected":false},"excerpt":{"rendered":"<p>Ramo para Atirar Solteiras com medalha personalizada<\/p>\n<p>\u039c\u03b9\u03b1 \u03b5\u03be\u03b1\u03b9\u03c1\u03b5\u03c4\u03b9\u03ba\u03ae \u03b9\u03b4\u03ad\u03b1 \u03b3\u03b9\u03b1 \u03bd\u03b1 \u03ba\u03ac\u03bd\u03b5\u03c4\u03b5 \u03c4\u03bf \u03b3\u03ac\u03bc\u03bf \u03c3\u03b1\u03c2 \u03b1\u03ba\u03cc\u03bc\u03b1 \u03c0\u03b9\u03bf \u03b1\u03be\u03ad\u03c7\u03b1\u03c3\u03c4\u03bf \u03ba\u03b1\u03b9 \u03bc\u03bf\u03bd\u03b1\u03b4\u03b9\u03ba\u03cc!<\/p>\n<p>&nbsp;<\/p>","protected":false},"featured_media":62461,"template":"","meta":[],"product_brand":[],"product_cat":[483],"product_tag":[],"class_list":{"0":"post-4369","1":"product","2":"type-product","3":"status-publish","4":"has-post-thumbnail","6":"product_cat-ramos-das-solteiras","8":"first","9":"instock","10":"taxable","11":"shipping-taxable","12":"purchasable","13":"product-type-simple"},"_links":{"self":[{"href":"https:\/\/miminhosritacatita.com\/el\/wp-json\/wp\/v2\/product\/4369","targetHints":{"allow":["GET"]}}],"collection":[{"href":"https:\/\/miminhosritacatita.com\/el\/wp-json\/wp\/v2\/product"}],"about":[{"href":"https:\/\/miminhosritacatita.com\/el\/wp-json\/wp\/v2\/types\/product"}],"wp:featuredmedia":[{"embeddable":true,"href":"https:\/\/miminhosritacatita.com\/el\/wp-json\/wp\/v2\/media\/62461"}],"wp:attachment":[{"href":"https:\/\/miminhosritacatita.com\/el\/wp-json\/wp\/v2\/media?parent=4369"}],"wp:term":[{"taxonomy":"product_brand","embeddable":true,"href":"https:\/\/miminhosritacatita.com\/el\/wp-json\/wp\/v2\/product_brand?post=4369"},{"taxonomy":"product_cat","embeddable":true,"href":"https:\/\/miminhosritacatita.com\/el\/wp-json\/wp\/v2\/product_cat?post=4369"},{"taxonomy":"product_tag","embeddable":true,"href":"https:\/\/miminhosritacatita.com\/el\/wp-json\/wp\/v2\/product_tag?post=4369"}],"curies":[{"name":"wp","href":"https:\/\/api.w.org\/{rel}","templated":true}]}}