{"id":43087,"date":"2024-01-04T12:53:23","date_gmt":"2024-01-04T12:53:23","guid":{"rendered":"https:\/\/miminhosritacatita.com\/?post_type=product&#038;p=43087"},"modified":"2026-03-27T09:47:19","modified_gmt":"2026-03-27T09:47:19","slug":"agenda-da-noiva-original-bronze","status":"publish","type":"product","link":"https:\/\/miminhosritacatita.com\/el\/agendas\/agenda-para-noiva\/agenda-da-noiva-original-bronze\/","title":{"rendered":"Agenda da Noiva Original Bronze"},"content":{"rendered":"<h1>Agenda da Noiva Original Bronze<\/h1>\n<p>Agenda da Noiva Original Bronze<\/p>\n<p>\u0388\u03c4\u03c3\u03b9, \u03b1\u03bd \u03b5\u03af\u03c3\u03c4\u03b5 \u03ae\u03b4\u03b7 \u03c4\u03c1\u03b5\u03bb\u03bf\u03af \u03b3\u03b9\u03b1 \u03c4\u03b9\u03c2 \u03bb\u03b5\u03c0\u03c4\u03bf\u03bc\u03ad\u03c1\u03b5\u03b9\u03b5\u03c2 \u03cc\u03c0\u03c9\u03c2 \u03b5\u03bc\u03b5\u03af\u03c2, \u03bc\u03b5 \u03c4\u03bf <strong>\u0397\u03bc\u03b5\u03c1\u03bf\u03bb\u03cc\u03b3\u03b9\u03bf \u03bd\u03cd\u03c6\u03b7\u03c2<\/strong> \u03b8\u03b1 \u03c7\u03ac\u03c3\u03bf\u03c5\u03bd \u03c4\u03bf \u03bc\u03c5\u03b1\u03bb\u03cc \u03c4\u03bf\u03c5\u03c2.<\/p>\n<p>Tudo come\u00e7a aqui e esta \u00e9 a melhor parte: planear, mas tamb\u00e9m deliciar-se na prepara\u00e7\u00e3o.<\/p>\n<p>Portanto, a Agenda da Noiva Original Bronze \u00e9 sua mas o promessa \u00e9 nossa, por isso as nossas <strong>\u0397\u03bc\u03b5\u03c1\u03bf\u03bb\u03cc\u03b3\u03b9\u03b1 \u03bd\u03cd\u03c6\u03b7\u03c2<\/strong> \u03ba\u03b1\u03c4\u03b1\u03c3\u03ba\u03b5\u03c5\u03ac\u03b6\u03bf\u03bd\u03c4\u03b1\u03b9 \u03b5\u03b4\u03ce, \u03b3\u03b5\u03b3\u03bf\u03bd\u03cc\u03c2 \u03c0\u03bf\u03c5 \u03bc\u03b1\u03c2 \u03b4\u03af\u03bd\u03b5\u03b9 \u03c4\u03bf\u03bd \u03b1\u03c0\u03cc\u03bb\u03c5\u03c4\u03bf \u03ad\u03bb\u03b5\u03b3\u03c7\u03bf \u03c4\u03c9\u03bd \u03c7\u03c1\u03cc\u03bd\u03c9\u03bd \u03c0\u03b1\u03c1\u03b1\u03b3\u03c9\u03b3\u03ae\u03c2.<\/p>\n<p>No entanto, dizem que o segredo est\u00e1 nos detalhes\u2026 E n\u00f3s acreditamos! Na nossa loja <strong>a\u00a0<\/strong>\u03a4\u03b1 \u03b7\u03bc\u03b5\u03c1\u03bf\u03bb\u03cc\u03b3\u03b9\u03b1 \u03c4\u03b7\u03c2 \u03bd\u03cd\u03c6\u03b7\u03c2 \u03b5\u03af\u03bd\u03b1\u03b9 \u03bc\u03b9\u03b1 \u03b1\u03c0\u03cc \u03c4\u03b9\u03c2 \u03b1\u03b3\u03b1\u03c0\u03b7\u03bc\u03ad\u03bd\u03b5\u03c2 \u03bc\u03b1\u03c2 \u03bb\u03b5\u03c0\u03c4\u03bf\u03bc\u03ad\u03c1\u03b5\u03b9\u03b5\u03c2.<\/p>\n<p>Assim sendo, \u00e9 poss\u00edvel seres uma noiva organizada? ..\u00e9 sim!! Por isso, com a nossa Agenda de Noiva \u00e9 poss\u00edvel!<\/p>\n<p>\u03a9\u03c2 \u03b5\u03ba \u03c4\u03bf\u03cd\u03c4\u03bf\u03c5, \u03c3\u03b1\u03c2 \u03b4\u03b5\u03af\u03be\u03b1\u03bc\u03b5 \u03bb\u03af\u03b3\u03bf \u03c0\u03b5\u03c1\u03b9\u03c3\u03c3\u03cc\u03c4\u03b5\u03c1\u03b1 \u03b1\u03c0\u03cc \u03cc\u03c3\u03b1 \u03c0\u03b5\u03c1\u03b9\u03ad\u03c7\u03b5\u03b9, \u03b5\u03af\u03bd\u03b1\u03b9 \u03b5\u03be\u03b1\u03b9\u03c1\u03b5\u03c4\u03b9\u03ba\u03ac \u03c0\u03bb\u03ae\u03c1\u03b5\u03c2 \u03ba\u03b1\u03b9 \u03b9\u03ba\u03b1\u03bd\u03cc \u03bd\u03b1 \u03bb\u03cd\u03c3\u03b5\u03b9 \u03cc\u03bb\u03b5\u03c2 \u03c4\u03b9\u03c2 \u03b1\u03bc\u03c6\u03b9\u03b2\u03bf\u03bb\u03af\u03b5\u03c2 \u03c3\u03b1\u03c2 \u03b3\u03b9\u03b1 \u03c4\u03bf\u03bd \u03c0\u03c1\u03bf\u03b3\u03c1\u03b1\u03bc\u03bc\u03b1\u03c4\u03b9\u03c3\u03bc\u03cc \u03c4\u03bf\u03c5 \u03b3\u03ac\u03bc\u03bf\u03c5 \u03c3\u03b1\u03c2!<\/p>\n<p>\u039f\u03c1\u03af\u03c3\u03c4\u03b5 \u03bb\u03bf\u03b9\u03c0\u03cc\u03bd \u03ad\u03bd\u03b1\u03c2 \u03c7\u03ce\u03c1\u03bf\u03c2 \u03b3\u03b9\u03b1 \u03bd\u03b1 \u03ba\u03b1\u03c4\u03b1\u03b3\u03c1\u03ac\u03c8\u03b5\u03c4\u03b5 \u03ba\u03b1\u03b9 \u03bd\u03b1 \u03bf\u03c1\u03b3\u03b1\u03bd\u03ce\u03c3\u03b5\u03c4\u03b5 \u03cc\u03bb\u03b5\u03c2 \u03c4\u03b9\u03c2 \u03b9\u03b4\u03ad\u03b5\u03c2 \u03c3\u03b1\u03c2 \u03b3\u03b9\u03b1 \u03c4\u03b7 \u03bc\u03b5\u03b3\u03ac\u03bb\u03b7 \u03bc\u03ad\u03c1\u03b1 \u03bc\u03b5 \u03c0\u03c1\u03b1\u03ba\u03c4\u03b9\u03ba\u03cc \u03ba\u03b1\u03b9 \u03b1\u03c0\u03bb\u03cc \u03c4\u03c1\u03cc\u03c0\u03bf.<\/p>\n<h2>Agenda da Noiva Original Bronze<\/h2>\n<p>Assim, a Agenda est\u00e1 cheia de dicas e conselhos de como escolher as alian\u00e7as \/ os convites \/ e o que combina melhor. Logo, ajuda a resolver as quest\u00f5es relacionadas com o tipo de cerim\u00f3nia \/ ajuda tamb\u00e9m na escolha e organiza\u00e7\u00e3o dos convidados, assim como os v\u00e1rios tipos de vestidos.<\/p>\n<p>\u039a\u03b1\u03b9 \u03c5\u03c0\u03ac\u03c1\u03c7\u03b5\u03b9 \u03ac\u03c6\u03b8\u03bf\u03bd\u03bf\u03c2 \u03c7\u03ce\u03c1\u03bf\u03c2 \u03b3\u03b9\u03b1 \u03bd\u03b1 \u03c4\u03bf\u03c0\u03bf\u03b8\u03b5\u03c4\u03ae\u03c3\u03b5\u03c4\u03b5 \u03c4\u03b9\u03c2 \u03c6\u03c9\u03c4\u03bf\u03b3\u03c1\u03b1\u03c6\u03af\u03b5\u03c2 \u03c3\u03b1\u03c2, \u03ba\u03b1\u03b8\u03ce\u03c2 \u03ba\u03b1\u03b9 \u03c4\u03b9\u03c2 \u03b5\u03c1\u03b3\u03b1\u03c3\u03af\u03b5\u03c2 \u03c0\u03bf\u03c5 \u03b8\u03b1 \u03c0\u03c1\u03ad\u03c0\u03b5\u03b9 \u03bd\u03b1 \u03bf\u03bb\u03bf\u03ba\u03bb\u03b7\u03c1\u03ce\u03c3\u03b5\u03c4\u03b5 \u03c0\u03c1\u03b9\u03bd \u03b1\u03c0\u03cc \u03c4\u03b7 \u03bc\u03b5\u03b3\u03ac\u03bb\u03b7 \u03bc\u03ad\u03c1\u03b1, \u03ce\u03c3\u03c4\u03b5 \u03bd\u03b1 \u03ad\u03c7\u03bf\u03c5\u03bc\u03b5 \u03ad\u03bd\u03b1 \u03c0\u03bf\u03bb\u03cd \u03c0\u03bb\u03ae\u03c1\u03b5\u03c2 \u03b7\u03bc\u03b5\u03c1\u03bf\u03bb\u03cc\u03b3\u03b9\u03bf \u03ba\u03b1\u03b9 \u03c0\u03bf\u03bb\u03bb\u03ac \u03ac\u03bb\u03bb\u03b1!<\/p>\n<p>\u0395\u03c0\u03b9\u03c0\u03bb\u03ad\u03bf\u03bd, \u03c4\u03bf \u03b7\u03bc\u03b5\u03c1\u03bf\u03bb\u03cc\u03b3\u03b9\u03bf \u03b4\u03b9\u03b1\u03b8\u03ad\u03c4\u03b5\u03b9 \u03ba\u03b1\u03c1\u03c4\u03ad\u03bb\u03b5\u03c2, \u03ce\u03c3\u03c4\u03b5 \u03bd\u03b1 \u03bc\u03c0\u03bf\u03c1\u03b5\u03af\u03c4\u03b5 \u03bd\u03b1 \u03b2\u03c1\u03af\u03c3\u03ba\u03b5\u03c4\u03b5 \u03b5\u03cd\u03ba\u03bf\u03bb\u03b1 \u03b1\u03c5\u03c4\u03cc \u03c0\u03bf\u03c5 \u03c8\u03ac\u03c7\u03bd\u03b5\u03c4\u03b5.<\/p>\n<p>Portanto, fizemos a Agenda da Noiva Original Bronze cumprindo a promessa de qualidade e bom gosto:<\/p>\n<ul>\n<li>Encaderna\u00e7\u00e3o \u00e9 em Espiral Bronze<\/li>\n<li>\u03a3\u03ba\u03bb\u03b7\u03c1\u03cc \u03b5\u03be\u03ce\u03c6\u03c5\u03bb\u03bb\u03bf<\/li>\n<li>Agenda N\u00e3o Datada com dois anos completos.<\/li>\n<li>\u039c\u03ad\u03b3\u03b5\u03b8\u03bf\u03c2: A5<\/li>\n<li>5 \u03ba\u03b1\u03c1\u03c4\u03ad\u03bb\u03b5\u03c2<\/li>\n<\/ul>\n<p>Assim como, dicas sobre como planear o casamento e como escolher muito artigos e fornecedores<\/p>\n<p>Check list at\u00e9 ao grande dia<\/p>\n<p>Listagem de artigos que precisa para o grande dia<\/p>\n<p>Organizador de mesas<\/p>\n<p>\u039a\u03b1\u03b9 \u03cc\u03bc\u03c9\u03c2... \u03c4\u03bf \u03b7\u03bc\u03b5\u03c1\u03bf\u03bb\u03cc\u03b3\u03b9\u03bf \u03c4\u03b7\u03c2 \u03bd\u03cd\u03c6\u03b7\u03c2<br \/>\n\u03a0\u03ac\u03bd\u03c9 \u03b1\u03c0\u03cc 200 \u03c3\u03b5\u03bb\u03af\u03b4\u03b5\u03c2 \u03ba\u03b1\u03b8\u03b1\u03c1\u03ae\u03c2 \u03b4\u03b9\u03b1\u03c3\u03ba\u03ad\u03b4\u03b1\u03c3\u03b7\u03c2!<\/p>\n<p><strong>\u0394\u03b5\u03af\u03c4\u03b5 \u03b5\u03c0\u03af\u03c3\u03b7\u03c2:<\/strong><a href=\"https:\/\/miminhosritacatita.com\/el\/product\/topo-de-bolo-acrilico-impresso\/\"> \u039a\u03ad\u03b9\u03ba toppers<\/a><\/p>\n<p><strong>\u0395\u03c0\u03b9\u03c3\u03ba\u03b5\u03c6\u03b8\u03b5\u03af\u03c4\u03b5 \u03c4\u03bf <a href=\"https:\/\/www.instagram.com\/miminhos.rita.catita\/\" target=\"_blank\" rel=\"noopener\">Instagram<\/a><\/strong><\/p>","protected":false},"excerpt":{"rendered":"<p>Agenda para Noiva com argolas em bronze<\/p>\n<ul>\n<li>\u039c\u03ad\u03b3\u03b5\u03b8\u03bf\u03c2: A5<\/li>\n<li>\u03a3\u03ba\u03bb\u03b7\u03c1\u03cc \u03b5\u03be\u03ce\u03c6\u03c5\u03bb\u03bb\u03bf<\/li>\n<li>Agenda N\u00e3o Data 2 anos<\/li>\n<li>5 \u03ba\u03b1\u03c1\u03c4\u03ad\u03bb\u03b5\u03c2<\/li>\n<li>249 \u03c3\u03b5\u03bb\u03af\u03b4\u03b5\u03c2<\/li>\n<li>\u0392\u03ac\u03c1\u03bf\u03c2 \u03c7\u03b1\u03c1\u03c4\u03b9\u03bf\u03cd: 120gr<\/li>\n<li>Sem personaliza\u00e7\u00e3o<\/li>\n<\/ul>\n<p>&nbsp;<\/p>\n<p>&nbsp;<\/p>","protected":false},"featured_media":42938,"template":"","meta":[],"product_brand":[],"product_cat":[1096,482,1155],"product_tag":[],"class_list":{"0":"post-43087","1":"product","2":"type-product","3":"status-publish","4":"has-post-thumbnail","6":"product_cat-agendas","7":"product_cat-agenda-da-noiva","8":"product_cat-agenda-para-noiva","10":"first","11":"instock","12":"featured","13":"taxable","14":"shipping-taxable","15":"purchasable","16":"product-type-simple"},"_links":{"self":[{"href":"https:\/\/miminhosritacatita.com\/el\/wp-json\/wp\/v2\/product\/43087","targetHints":{"allow":["GET"]}}],"collection":[{"href":"https:\/\/miminhosritacatita.com\/el\/wp-json\/wp\/v2\/product"}],"about":[{"href":"https:\/\/miminhosritacatita.com\/el\/wp-json\/wp\/v2\/types\/product"}],"wp:featuredmedia":[{"embeddable":true,"href":"https:\/\/miminhosritacatita.com\/el\/wp-json\/wp\/v2\/media\/42938"}],"wp:attachment":[{"href":"https:\/\/miminhosritacatita.com\/el\/wp-json\/wp\/v2\/media?parent=43087"}],"wp:term":[{"taxonomy":"product_brand","embeddable":true,"href":"https:\/\/miminhosritacatita.com\/el\/wp-json\/wp\/v2\/product_brand?post=43087"},{"taxonomy":"product_cat","embeddable":true,"href":"https:\/\/miminhosritacatita.com\/el\/wp-json\/wp\/v2\/product_cat?post=43087"},{"taxonomy":"product_tag","embeddable":true,"href":"https:\/\/miminhosritacatita.com\/el\/wp-json\/wp\/v2\/product_tag?post=43087"}],"curies":[{"name":"wp","href":"https:\/\/api.w.org\/{rel}","templated":true}]}}